{"id":27586,"date":"2025-03-17T02:09:39","date_gmt":"2025-03-17T08:09:39","guid":{"rendered":"https:\/\/zijin12.com\/product\/poste-caramelo-barberia-giratorio-70cm-peluqueria-bombilla\/"},"modified":"2025-09-04T12:25:49","modified_gmt":"2025-09-04T18:25:49","slug":"poste-caramelo-barberia-70cm","status":"publish","type":"product","link":"https:\/\/zijin12.com\/en\/product\/poste-caramelo-barberia-70cm\/","title":{"rendered":"POSTE GIRATORIO PARA BARBER\u00cdA CARAMELO 70 CM"},"content":{"rendered":"<p>PRODUCTO DISPONIBLE PARA ENV\u00cdO INMEDIATO<br \/>\nMarca: XIIRD | Producto Original.<\/p>\n<p>POSTE CARAMELO FARO GIRATORIO PARA BARBER\u00cdA<\/p>\n<p>Haz que tu barber\u00eda brille desde la entrada.<br \/>\nTransforma la fachada de tu local con el poste bombilla caramelo barber\u00eda giratorio de 70cm, el accesorio barber\u00eda que mezcla tradici\u00f3n, estilo y visibilidad. Este faro barber\u00eda no solo ilumina: evoca confianza, elegancia y autenticidad, atrayendo a clientes desde el primer vistazo.<\/p>\n<p>ESPECIFICACIONES TECNICAS:<br \/>\n&#8211; Dise\u00f1o giratorio con los emblem\u00e1ticos colores rojo, blanco y azul<br \/>\n&#8211; Velocidad del motor: 50\/60 RPM para un movimiento fluido y constante<br \/>\n&#8211; Voltaje: 110 V CA | Frecuencia: 50\/60Hz<br \/>\n&#8211; Longitud del cable: 1.5 metros por unidad<br \/>\n&#8211; Tipo de enchufe: est\u00e1ndar en Mexico<br \/>\n&#8211; Materiales principales: TPU, acr\u00edlico y aluminio con acabado cromado resistente<br \/>\n&#8211; Apto para exteriores e interiores, gracias a su dise\u00f1o duradero y de f\u00e1cil instalaci\u00f3n<\/p>\n<p>EL PAQUETE INCLUYE:<br \/>\n&#8211; 1 Caramelo de barber\u00eda giratorio<br \/>\n&#8211; 1 Barra para empotrar el poste caramelo giratorio<br \/>\n&#8211; Kit completo de instalaci\u00f3n<br \/>\n&#8211; Cable para conexi\u00f3n el\u00e9ctrica<\/p>\n<p>M\u00e1s que una luz, una se\u00f1al de identidad<br \/>\nEste faro barber\u00eda no es solo decoraci\u00f3n\u2014es una declaraci\u00f3n visual que comunica calidad desde lejos. Mejora la iluminaci\u00f3n de tu negocio, atrae la atenci\u00f3n de nuevos clientes y transmite el profesionalismo que tu barber\u00eda merece.<\/p>","protected":false},"excerpt":{"rendered":"<h3 class=\"ui-vpp-striped-specs__header\">Caracter\u00edsticas principales<\/h3>\n<table class=\"andes-table\">\n<tbody class=\"andes-table__body\">\n<tr class=\"andes-table__row ui-vpp-striped-specs__row\">\n<th class=\"andes-table__header andes-table__header--left ui-vpp-striped-specs__row__column ui-vpp-striped-specs__row__column--id\" scope=\"row\">\n<div class=\"andes-table__header__container\">Marca<\/div>\n<\/th>\n<td id=\":Rabqlpakp7le:\" class=\"andes-table__column andes-table__column--left andes-table__column--vertical-align-center ui-vpp-striped-specs__row__column\"><span id=\":Rabqlpakp7le:-value\" class=\"andes-table__column--value\">Xiird<\/span><\/td>\n<\/tr>\n<tr class=\"andes-table__row ui-vpp-striped-specs__row\">\n<th class=\"andes-table__header andes-table__header--left ui-vpp-striped-specs__row__column ui-vpp-striped-specs__row__column--id\" scope=\"row\">\n<div class=\"andes-table__header__container\">Modelo<\/div>\n<\/th>\n<td id=\":Radqlpakp7le:\" class=\"andes-table__column andes-table__column--left andes-table__column--vertical-align-center ui-vpp-striped-specs__row__column\"><span id=\":Radqlpakp7le:-value\" class=\"andes-table__column--value\">PX<\/span><\/td>\n<\/tr>\n<tr class=\"andes-table__row ui-vpp-striped-specs__row\">\n<th class=\"andes-table__header andes-table__header--left ui-vpp-striped-specs__row__column ui-vpp-striped-specs__row__column--id\" scope=\"row\">\n<div class=\"andes-table__header__container\">Formato de venta<\/div>\n<\/th>\n<td id=\":Rafqlpakp7le:\" class=\"andes-table__column andes-table__column--left andes-table__column--vertical-align-center ui-vpp-striped-specs__row__column\"><span id=\":Rafqlpakp7le:-value\" class=\"andes-table__column--value\">Unidad<\/span><\/td>\n<\/tr>\n<\/tbody>\n<\/table>","protected":false},"featured_media":28512,"comment_status":"open","ping_status":"closed","template":"","meta":[],"product_brand":[156],"product_cat":[144],"product_tag":[175,204,205,203],"class_list":{"0":"post-27586","1":"product","2":"type-product","3":"status-publish","4":"has-post-thumbnail","6":"product_brand-xiird","7":"product_cat-belleza-integral-salud-y-estilo-de-vida-activo","8":"product_tag-barbershop","9":"product_tag-faro","10":"product_tag-farocaramelo","11":"product_tag-polebarber","13":"first","14":"instock","15":"sale","16":"shipping-taxable","17":"purchasable","18":"product-type-simple"},"_links":{"self":[{"href":"https:\/\/zijin12.com\/en\/wp-json\/wp\/v2\/product\/27586","targetHints":{"allow":["GET"]}}],"collection":[{"href":"https:\/\/zijin12.com\/en\/wp-json\/wp\/v2\/product"}],"about":[{"href":"https:\/\/zijin12.com\/en\/wp-json\/wp\/v2\/types\/product"}],"replies":[{"embeddable":true,"href":"https:\/\/zijin12.com\/en\/wp-json\/wp\/v2\/comments?post=27586"}],"version-history":[{"count":8,"href":"https:\/\/zijin12.com\/en\/wp-json\/wp\/v2\/product\/27586\/revisions"}],"predecessor-version":[{"id":30180,"href":"https:\/\/zijin12.com\/en\/wp-json\/wp\/v2\/product\/27586\/revisions\/30180"}],"wp:featuredmedia":[{"embeddable":true,"href":"https:\/\/zijin12.com\/en\/wp-json\/wp\/v2\/media\/28512"}],"wp:attachment":[{"href":"https:\/\/zijin12.com\/en\/wp-json\/wp\/v2\/media?parent=27586"}],"wp:term":[{"taxonomy":"product_brand","embeddable":true,"href":"https:\/\/zijin12.com\/en\/wp-json\/wp\/v2\/product_brand?post=27586"},{"taxonomy":"product_cat","embeddable":true,"href":"https:\/\/zijin12.com\/en\/wp-json\/wp\/v2\/product_cat?post=27586"},{"taxonomy":"product_tag","embeddable":true,"href":"https:\/\/zijin12.com\/en\/wp-json\/wp\/v2\/product_tag?post=27586"}],"curies":[{"name":"wp","href":"https:\/\/api.w.org\/{rel}","templated":true}]}}