{"id":27588,"date":"2025-03-17T08:09:39","date_gmt":"2025-03-17T08:09:39","guid":{"rendered":"https:\/\/zijin12.com\/product\/mochila-impermeable-multiusos-con-compartimiento-mas-frazada\/"},"modified":"2025-03-17T08:09:39","modified_gmt":"2025-03-17T08:09:39","slug":"mochila-impermeable-multiusos-con-compartimiento-mas-frazada","status":"publish","type":"product","link":"https:\/\/zijin12.com\/en\/product\/mochila-impermeable-multiusos-con-compartimiento-mas-frazada\/","title":{"rendered":"Mochila Impermeable Multiusos Con Compartimiento Mas Frazada"},"content":{"rendered":"<p>=DISPONIBLE PARA ENVIO INMEDIATO=<\/p>\n<p>Marca XIIRD Producto Original<\/p>\n<p>Todos nuestros productos son de la m\u00e1s alta calidad ya que somos fabricantes con presencia global, contamos con oficinas en M\u00e9xico y China para brindarte la mejor atenci\u00f3n.<\/p>\n<p>&nbsp;<\/p>\n<p>*En caso de requerir factura favor de solicitarla dentro de un periodo de 3 d\u00edas h\u00e1biles posterior a la compra, en caso contrario la factura no podr\u00e1 ser procesada.<\/p>\n<p>&nbsp;<\/p>\n<p>=DESCRIPCION DEL PRODUCTO=<\/p>\n<p>Mochila para Casco de Moto<br \/>para Cargar Balones de Cualquier Deporte<br \/>para cargar toda tu ropa por 5 d\u00edas.<\/p>\n<p>Mochila vers\u00e1til de material Oxford 60D, Super resistente<br \/>Con bolsa anti-robo secreta<br \/>dos formas de abertura, modo mochila normal y modo casco\/balon\/ropa<br \/>en donde se abre por completo.<\/p>\n<p>INCLUYE:<br \/>* 1 Mochila Polux Negro<br \/>*1 Frazada Calendario Azteca<br \/>&nbsp;<\/p>","protected":false},"excerpt":{"rendered":"<p>=DISPONIBLE PARA ENVIO INMEDIATO= Marca XIIRD Producto Original Todos nuestros productos son de la m\u00e1s alta calidad ya que somos<\/p>","protected":false},"featured_media":0,"comment_status":"open","ping_status":"closed","template":"","meta":[],"product_brand":[],"product_cat":[95],"product_tag":[],"class_list":{"0":"post-27588","1":"product","2":"type-product","3":"status-publish","5":"product_cat-especiales","7":"first","8":"instock","9":"shipping-taxable","10":"purchasable","11":"product-type-simple"},"_links":{"self":[{"href":"https:\/\/zijin12.com\/en\/wp-json\/wp\/v2\/product\/27588","targetHints":{"allow":["GET"]}}],"collection":[{"href":"https:\/\/zijin12.com\/en\/wp-json\/wp\/v2\/product"}],"about":[{"href":"https:\/\/zijin12.com\/en\/wp-json\/wp\/v2\/types\/product"}],"replies":[{"embeddable":true,"href":"https:\/\/zijin12.com\/en\/wp-json\/wp\/v2\/comments?post=27588"}],"version-history":[{"count":0,"href":"https:\/\/zijin12.com\/en\/wp-json\/wp\/v2\/product\/27588\/revisions"}],"wp:attachment":[{"href":"https:\/\/zijin12.com\/en\/wp-json\/wp\/v2\/media?parent=27588"}],"wp:term":[{"taxonomy":"product_brand","embeddable":true,"href":"https:\/\/zijin12.com\/en\/wp-json\/wp\/v2\/product_brand?post=27588"},{"taxonomy":"product_cat","embeddable":true,"href":"https:\/\/zijin12.com\/en\/wp-json\/wp\/v2\/product_cat?post=27588"},{"taxonomy":"product_tag","embeddable":true,"href":"https:\/\/zijin12.com\/en\/wp-json\/wp\/v2\/product_tag?post=27588"}],"curies":[{"name":"wp","href":"https:\/\/api.w.org\/{rel}","templated":true}]}}