{"id":27619,"date":"2025-03-17T08:09:43","date_gmt":"2025-03-17T08:09:43","guid":{"rendered":"https:\/\/zijin12.com\/product\/setup-silla-gamer-mod-xt-escritorio-led-teclado-mouse-audifonos\/"},"modified":"2025-03-17T08:09:43","modified_gmt":"2025-03-17T08:09:43","slug":"setup-silla-gamer-mod-xt-escritorio-led-teclado-mouse-audifonos","status":"publish","type":"product","link":"https:\/\/zijin12.com\/en\/product\/setup-silla-gamer-mod-xt-escritorio-led-teclado-mouse-audifonos\/","title":{"rendered":"Setup Silla Gamer Mod Xt Escritorio Led Teclado Mouse Aud\u00edfonos"},"content":{"rendered":"<p>=DISPONIBLE PARA ENVIO INMEDIATO=<\/p>\n<p>Producto Original Marca XIIRDIndustries&nbsp;<\/p>\n<p>Todos nuestros productos son de la m\u00e1s alta calidad ya que somos fabricantes con presencia global, contamos con oficinas en M\u00e9xico y China para brindarte la mejor atenci\u00f3n.<\/p>\n<p>&nbsp;<\/p>\n<p>*En caso de requerir factura favor de solicitarla dentro de un periodo de 3 d\u00edas h\u00e1biles posterior a la compra, en caso contrario la factura no podr\u00e1 ser procesada.<\/p>\n<p>&nbsp;<\/p>\n<p>=DESCRIPCION DEL PRODUCTO=<\/p>\n<p>STUP SILLA GAMER ESCRITORIO LED MOUSEPAD RGB TECLADO MOUSE<\/p>\n<p>COMBO GAMER<\/p>\n<p>Prep\u00e1rate para disfrutar de largas horas de tus juegos favoritos sin preocuparte por lesiones en tu cuello o espalda baja, ya que nuestra silla ayuda a reducir el estr\u00e9s causado por pasar largas horas en la misma posici\u00f3n, disfruta de tus videojuegos favoritos sin preocupaciones.<\/p>\n<p>Sus vibrantes colores te dar\u00e1 toda la energ\u00eda que necesitas para alerta en cada partida.<\/p>\n<p>Su respaldo con soportes lumbar y cervical integrado, te ayudaran a mantenerte concentrado en todo momento<\/p>\n<p>CARACTERISTICAS:<br \/>-Respaldo reclinable de 90\u00b0 a 135\u00b0<br \/>-Base de soporte de carga (120 Kg de carga)<br \/>-Estructura firme y resistente<br \/>-Dise\u00f1o bicolor en vinipiel de uso rudo<\/p>\n<p>SETUP INCLUYE:<br \/>-Silla Gamer XT marca XIIRD<br \/>-Escritorio Gamer Model Z 2.0 con luces LED marca XIIRD<br \/>-Mousepad XXL con luz RGB (78cmx30cmx4mm) Modelo Ultima Cena Marca XIIRD<br \/>-Teclado Gamer LED multimedia Antighost Espa\u00f1ol Modelo XC marca XIIRD<br \/>-Mouse Gamer, Modelo Max marca XIIRD<br \/>-Auriculares Gamer Diadema HXX marca XIIRD<br \/>-Micr\u00f3fono Condensador con Tripie marca XIIRD<br \/>&nbsp;<\/p>","protected":false},"excerpt":{"rendered":"<p>=DISPONIBLE PARA ENVIO INMEDIATO= Producto Original Marca XIIRDIndustries&nbsp; Todos nuestros productos son de la m\u00e1s alta calidad ya que somos<\/p>","protected":false},"featured_media":0,"comment_status":"open","ping_status":"closed","template":"","meta":[],"product_brand":[],"product_cat":[95],"product_tag":[],"class_list":{"0":"post-27619","1":"product","2":"type-product","3":"status-publish","5":"product_cat-especiales","7":"first","8":"instock","9":"shipping-taxable","10":"purchasable","11":"product-type-simple"},"_links":{"self":[{"href":"https:\/\/zijin12.com\/en\/wp-json\/wp\/v2\/product\/27619","targetHints":{"allow":["GET"]}}],"collection":[{"href":"https:\/\/zijin12.com\/en\/wp-json\/wp\/v2\/product"}],"about":[{"href":"https:\/\/zijin12.com\/en\/wp-json\/wp\/v2\/types\/product"}],"replies":[{"embeddable":true,"href":"https:\/\/zijin12.com\/en\/wp-json\/wp\/v2\/comments?post=27619"}],"version-history":[{"count":0,"href":"https:\/\/zijin12.com\/en\/wp-json\/wp\/v2\/product\/27619\/revisions"}],"wp:attachment":[{"href":"https:\/\/zijin12.com\/en\/wp-json\/wp\/v2\/media?parent=27619"}],"wp:term":[{"taxonomy":"product_brand","embeddable":true,"href":"https:\/\/zijin12.com\/en\/wp-json\/wp\/v2\/product_brand?post=27619"},{"taxonomy":"product_cat","embeddable":true,"href":"https:\/\/zijin12.com\/en\/wp-json\/wp\/v2\/product_cat?post=27619"},{"taxonomy":"product_tag","embeddable":true,"href":"https:\/\/zijin12.com\/en\/wp-json\/wp\/v2\/product_tag?post=27619"}],"curies":[{"name":"wp","href":"https:\/\/api.w.org\/{rel}","templated":true}]}}