{"id":27624,"date":"2025-03-17T08:09:44","date_gmt":"2025-03-17T08:09:44","guid":{"rendered":"https:\/\/zijin12.com\/product\/bolsa-grande-de-pecho-mod-space-bandolera-para-hombre-mariconera-cruzada\/"},"modified":"2025-03-17T08:09:44","modified_gmt":"2025-03-17T08:09:44","slug":"bolsa-grande-de-pecho-mod-space-bandolera-para-hombre-mariconera-cruzada","status":"publish","type":"product","link":"https:\/\/zijin12.com\/en\/product\/bolsa-grande-de-pecho-mod-space-bandolera-para-hombre-mariconera-cruzada\/","title":{"rendered":"Bolsa Grande De Pecho Mod Space Bandolera Para Hombre Mariconera Cruzada"},"content":{"rendered":"<p>=DISPONIBLE PARA ENVIO INMEDIATO=<\/p>\n<p>Producto Original Marca XIIRD<\/p>\n<p>Todos nuestros productos son de la m\u00e1s alta calidad ya que somos fabricantes con presencia global, contamos con oficinas en M\u00e9xico y China para brindarte la mejor atenci\u00f3n.<\/p>\n<p>&nbsp;<\/p>\n<p>*En caso de requerir factura favor de solicitarla dentro de un periodo de 3 d\u00edas h\u00e1biles posterior a la compra, en caso contrario la factura no podr\u00e1 ser procesada.<\/p>\n<p>&nbsp;<\/p>\n<p>=DESCRIPCION DEL PRODCUTO=<\/p>\n<p>&nbsp;<\/p>\n<p>El material impermeable hace que sea seguro mojarse bajo la lluvia<br \/>Dise\u00f1o simple pero de gran capacidad. Hay muchos bolsillos interiores para evitar que el contenido de sus art\u00edculos quede desordenado<\/p>\n<p>Un bolso que resaltar\u00e1 instant\u00e1neamente su estilo adulto. El dise\u00f1o simple da una impresi\u00f3n madura y moderna<\/p>","protected":false},"excerpt":{"rendered":"<p>=DISPONIBLE PARA ENVIO INMEDIATO= Producto Original Marca XIIRD Todos nuestros productos son de la m\u00e1s alta calidad ya que somos<\/p>","protected":false},"featured_media":0,"comment_status":"open","ping_status":"closed","template":"","meta":[],"product_brand":[],"product_cat":[95],"product_tag":[],"class_list":{"0":"post-27624","1":"product","2":"type-product","3":"status-publish","5":"product_cat-especiales","7":"first","8":"instock","9":"shipping-taxable","10":"purchasable","11":"product-type-simple"},"_links":{"self":[{"href":"https:\/\/zijin12.com\/en\/wp-json\/wp\/v2\/product\/27624","targetHints":{"allow":["GET"]}}],"collection":[{"href":"https:\/\/zijin12.com\/en\/wp-json\/wp\/v2\/product"}],"about":[{"href":"https:\/\/zijin12.com\/en\/wp-json\/wp\/v2\/types\/product"}],"replies":[{"embeddable":true,"href":"https:\/\/zijin12.com\/en\/wp-json\/wp\/v2\/comments?post=27624"}],"version-history":[{"count":0,"href":"https:\/\/zijin12.com\/en\/wp-json\/wp\/v2\/product\/27624\/revisions"}],"wp:attachment":[{"href":"https:\/\/zijin12.com\/en\/wp-json\/wp\/v2\/media?parent=27624"}],"wp:term":[{"taxonomy":"product_brand","embeddable":true,"href":"https:\/\/zijin12.com\/en\/wp-json\/wp\/v2\/product_brand?post=27624"},{"taxonomy":"product_cat","embeddable":true,"href":"https:\/\/zijin12.com\/en\/wp-json\/wp\/v2\/product_cat?post=27624"},{"taxonomy":"product_tag","embeddable":true,"href":"https:\/\/zijin12.com\/en\/wp-json\/wp\/v2\/product_tag?post=27624"}],"curies":[{"name":"wp","href":"https:\/\/api.w.org\/{rel}","templated":true}]}}