{"id":27625,"date":"2025-03-17T08:09:44","date_gmt":"2025-03-17T08:09:44","guid":{"rendered":"https:\/\/zijin12.com\/product\/bolsa-de-pecho-para-hombre-mariconera-cruzada-bandolera\/"},"modified":"2025-03-17T08:09:44","modified_gmt":"2025-03-17T08:09:44","slug":"bolsa-de-pecho-para-hombre-mariconera-cruzada-bandolera","status":"publish","type":"product","link":"https:\/\/zijin12.com\/en\/product\/bolsa-de-pecho-para-hombre-mariconera-cruzada-bandolera\/","title":{"rendered":"Bolsa De Pecho Para Hombre Mariconera Cruzada Bandolera"},"content":{"rendered":"<p>=DISPONIBLE PARA ENVIO INMEDIATO=<\/p>\n<p>Producto Original Marca XIIRD<\/p>\n<p>Todos nuestros productos son de la m\u00e1s alta calidad ya que somos fabricantes con presencia global, contamos con oficinas en M\u00e9xico y China para brindarte la mejor atenci\u00f3n.<\/p>\n<p>&nbsp;<\/p>\n<p>*En caso de requerir factura favor de solicitarla dentro de un periodo de 3 d\u00edas h\u00e1biles posterior a la compra, en caso contrario la factura no podr\u00e1 ser procesada.<\/p>\n<p>&nbsp;<\/p>\n<p>=DESCRIPCION DEL PRODCUTO=<\/p>\n<p>&nbsp;<\/p>\n<p>Mochila multiusos: correa ajustable que se adapta tanto a ni\u00f1os como a adultos. Se puede utilizar como bandolera o bandolera para viajes de fin de semana en familia. Bolso de trabajo o de negocios, adecuado para la oficina, la escuela, el exterior, los negocios y otras ocasiones.<br \/>Material compuesto, tela Oxford de alta densidad, protecci\u00f3n m\u00faltiple por dentro y por fuera garantizada<br \/>Dise\u00f1o cient\u00edfico ergon\u00f3mico, con almohadilla de alivio de presi\u00f3n transpirable en forma de panal para reducir la carga del d\u00eda<br \/>Correas de hombro flexibles y suaves, que se ajustan libremente seg\u00fan los diferentes tipos de cuerpo<br \/>Cremallera duradera, cierre suave, duradera, para guardar objetos de valor, antirrobo y tranquilidad<\/p>\n<p>&nbsp;<\/p>","protected":false},"excerpt":{"rendered":"<p>=DISPONIBLE PARA ENVIO INMEDIATO= Producto Original Marca XIIRD Todos nuestros productos son de la m\u00e1s alta calidad ya que somos<\/p>","protected":false},"featured_media":0,"comment_status":"open","ping_status":"closed","template":"","meta":[],"product_brand":[],"product_cat":[95],"product_tag":[],"class_list":{"0":"post-27625","1":"product","2":"type-product","3":"status-publish","5":"product_cat-especiales","7":"first","8":"instock","9":"shipping-taxable","10":"purchasable","11":"product-type-simple"},"_links":{"self":[{"href":"https:\/\/zijin12.com\/en\/wp-json\/wp\/v2\/product\/27625","targetHints":{"allow":["GET"]}}],"collection":[{"href":"https:\/\/zijin12.com\/en\/wp-json\/wp\/v2\/product"}],"about":[{"href":"https:\/\/zijin12.com\/en\/wp-json\/wp\/v2\/types\/product"}],"replies":[{"embeddable":true,"href":"https:\/\/zijin12.com\/en\/wp-json\/wp\/v2\/comments?post=27625"}],"version-history":[{"count":0,"href":"https:\/\/zijin12.com\/en\/wp-json\/wp\/v2\/product\/27625\/revisions"}],"wp:attachment":[{"href":"https:\/\/zijin12.com\/en\/wp-json\/wp\/v2\/media?parent=27625"}],"wp:term":[{"taxonomy":"product_brand","embeddable":true,"href":"https:\/\/zijin12.com\/en\/wp-json\/wp\/v2\/product_brand?post=27625"},{"taxonomy":"product_cat","embeddable":true,"href":"https:\/\/zijin12.com\/en\/wp-json\/wp\/v2\/product_cat?post=27625"},{"taxonomy":"product_tag","embeddable":true,"href":"https:\/\/zijin12.com\/en\/wp-json\/wp\/v2\/product_tag?post=27625"}],"curies":[{"name":"wp","href":"https:\/\/api.w.org\/{rel}","templated":true}]}}