{"id":27626,"date":"2025-03-17T08:09:44","date_gmt":"2025-03-17T08:09:44","guid":{"rendered":"https:\/\/zijin12.com\/product\/piernera-mod-y-de-uso-rudo-para-motociclista-muslera-practica\/"},"modified":"2025-03-17T08:09:44","modified_gmt":"2025-03-17T08:09:44","slug":"piernera-mod-y-de-uso-rudo-para-motociclista-muslera-practica","status":"publish","type":"product","link":"https:\/\/zijin12.com\/en\/product\/piernera-mod-y-de-uso-rudo-para-motociclista-muslera-practica\/","title":{"rendered":"Piernera Mod Y De Uso Rudo Para Motociclista Muslera Practica"},"content":{"rendered":"<p>=DISPONIBLE PARA ENVIO INMEDIATO=<\/p>\n<p>Producto Original Marca XIIRD<\/p>\n<p>Todos nuestros productos son de la m\u00e1s alta calidad ya que somos fabricantes con presencia global, contamos con oficinas en M\u00e9xico y China para brindarte la mejor atenci\u00f3n.<\/p>\n<p>&nbsp;<\/p>\n<p>*En caso de requerir factura favor de solicitarla dentro de un periodo de 3 d\u00edas h\u00e1biles posterior a la compra, en caso contrario la factura no podr\u00e1 ser procesada.<\/p>\n<p>&nbsp;<\/p>\n<p>=DESCRIPCION DEL PRODCUTO=<\/p>\n<p>&nbsp;<\/p>\n<p>Material de alta calidad: Esta bolsa de pierna est\u00e1 hecha de material de alta calidad, que es resistente al desgaste, resistente a los ara\u00f1azos, impermeable y duradero. La cremallera es muy suave, no se da\u00f1a f\u00e1cilmente, tambi\u00e9n adopta un dise\u00f1o resistente al agua, para que pueda viajar sin obst\u00e1culos en d\u00edas lluviosos. Dise\u00f1o de carcasa dura, que puede proteger los art\u00edculos de ser apretados. Ideal para motocicletas, equitaci\u00f3n, ciclismo, viajes, actividades al aire libre, campamentos, trabajo, la mayor\u00eda de los tipos de actividades al aire libre y uso diario.<br \/>Uso multiprop\u00f3sito: Esta bolsa de pierna ca\u00edda se puede usar como bolsa de muslo, ri\u00f1onera, bolso cruzado, bolso de hombro, bolso lateral, etc., se adapta muy bien a hombres o mujeres, adultos, estudiantes universitarios, etc.<\/p>","protected":false},"excerpt":{"rendered":"<p>=DISPONIBLE PARA ENVIO INMEDIATO= Producto Original Marca XIIRD Todos nuestros productos son de la m\u00e1s alta calidad ya que somos<\/p>","protected":false},"featured_media":0,"comment_status":"open","ping_status":"closed","template":"","meta":[],"product_brand":[],"product_cat":[95],"product_tag":[],"class_list":{"0":"post-27626","1":"product","2":"type-product","3":"status-publish","5":"product_cat-especiales","7":"first","8":"instock","9":"shipping-taxable","10":"purchasable","11":"product-type-simple"},"_links":{"self":[{"href":"https:\/\/zijin12.com\/en\/wp-json\/wp\/v2\/product\/27626","targetHints":{"allow":["GET"]}}],"collection":[{"href":"https:\/\/zijin12.com\/en\/wp-json\/wp\/v2\/product"}],"about":[{"href":"https:\/\/zijin12.com\/en\/wp-json\/wp\/v2\/types\/product"}],"replies":[{"embeddable":true,"href":"https:\/\/zijin12.com\/en\/wp-json\/wp\/v2\/comments?post=27626"}],"version-history":[{"count":0,"href":"https:\/\/zijin12.com\/en\/wp-json\/wp\/v2\/product\/27626\/revisions"}],"wp:attachment":[{"href":"https:\/\/zijin12.com\/en\/wp-json\/wp\/v2\/media?parent=27626"}],"wp:term":[{"taxonomy":"product_brand","embeddable":true,"href":"https:\/\/zijin12.com\/en\/wp-json\/wp\/v2\/product_brand?post=27626"},{"taxonomy":"product_cat","embeddable":true,"href":"https:\/\/zijin12.com\/en\/wp-json\/wp\/v2\/product_cat?post=27626"},{"taxonomy":"product_tag","embeddable":true,"href":"https:\/\/zijin12.com\/en\/wp-json\/wp\/v2\/product_tag?post=27626"}],"curies":[{"name":"wp","href":"https:\/\/api.w.org\/{rel}","templated":true}]}}