{"id":27640,"date":"2025-03-17T08:09:46","date_gmt":"2025-03-17T08:09:46","guid":{"rendered":"https:\/\/zijin12.com\/product\/silla-gamer-mod-rgb\/"},"modified":"2025-03-17T08:09:46","modified_gmt":"2025-03-17T08:09:46","slug":"silla-gamer-mod-rgb","status":"publish","type":"product","link":"https:\/\/zijin12.com\/en\/product\/silla-gamer-mod-rgb\/","title":{"rendered":"Silla Gamer Mod RGB"},"content":{"rendered":"<p>Esta silla&nbsp;est\u00e1 disponible \u00fanicamente para entrega en nuestros almacenes en Quer\u00e9taro o en nuestro SHOW ROOM en CDMX. Tenga en cuenta que no viene con env\u00edo ni garant\u00eda. Adem\u00e1s,&nbsp;es importante mencionar que las luces RGB solo encienden del lado izquierdo.<\/p>","protected":false},"excerpt":{"rendered":"<p>Esta silla&nbsp;est\u00e1 disponible \u00fanicamente para entrega en nuestros almacenes en Quer\u00e9taro o en nuestro SHOW ROOM en CDMX. Tenga en<\/p>","protected":false},"featured_media":0,"comment_status":"open","ping_status":"closed","template":"","meta":[],"product_brand":[],"product_cat":[95],"product_tag":[],"class_list":{"0":"post-27640","1":"product","2":"type-product","3":"status-publish","5":"product_cat-especiales","7":"first","8":"outofstock","9":"shipping-taxable","10":"purchasable","11":"product-type-simple"},"_links":{"self":[{"href":"https:\/\/zijin12.com\/en\/wp-json\/wp\/v2\/product\/27640","targetHints":{"allow":["GET"]}}],"collection":[{"href":"https:\/\/zijin12.com\/en\/wp-json\/wp\/v2\/product"}],"about":[{"href":"https:\/\/zijin12.com\/en\/wp-json\/wp\/v2\/types\/product"}],"replies":[{"embeddable":true,"href":"https:\/\/zijin12.com\/en\/wp-json\/wp\/v2\/comments?post=27640"}],"version-history":[{"count":0,"href":"https:\/\/zijin12.com\/en\/wp-json\/wp\/v2\/product\/27640\/revisions"}],"wp:attachment":[{"href":"https:\/\/zijin12.com\/en\/wp-json\/wp\/v2\/media?parent=27640"}],"wp:term":[{"taxonomy":"product_brand","embeddable":true,"href":"https:\/\/zijin12.com\/en\/wp-json\/wp\/v2\/product_brand?post=27640"},{"taxonomy":"product_cat","embeddable":true,"href":"https:\/\/zijin12.com\/en\/wp-json\/wp\/v2\/product_cat?post=27640"},{"taxonomy":"product_tag","embeddable":true,"href":"https:\/\/zijin12.com\/en\/wp-json\/wp\/v2\/product_tag?post=27640"}],"curies":[{"name":"wp","href":"https:\/\/api.w.org\/{rel}","templated":true}]}}