{"id":27643,"date":"2025-03-17T08:09:47","date_gmt":"2025-03-17T08:09:47","guid":{"rendered":"https:\/\/zijin12.com\/product\/sillon-uso-rudo-barbero-mod-c\/"},"modified":"2025-03-17T08:09:47","modified_gmt":"2025-03-17T08:09:47","slug":"sillon-uso-rudo-barbero-mod-c","status":"publish","type":"product","link":"https:\/\/zijin12.com\/en\/product\/sillon-uso-rudo-barbero-mod-c\/","title":{"rendered":"Sill\u00f3n Uso Rudo Barbero Mod C"},"content":{"rendered":"<p>&nbsp;Este producto es un art\u00edculo de exhibici\u00f3n y est\u00e1 disponible para entrega \u00fanicamente en nuestros almacenes en Quer\u00e9taro o en nuestro SHOW ROOM en CDMX. Tenga en cuenta que no viene con env\u00edo ni garant\u00eda. Aunque la silla est\u00e1 en excelentes condiciones de funcionamiento, le falta la&nbsp;madera en el reposabrazos de lado derecho, lo que no afecta de ninguna manera su funcionalidad.&nbsp;<\/p>","protected":false},"excerpt":{"rendered":"<p>&nbsp;Este producto es un art\u00edculo de exhibici\u00f3n y est\u00e1 disponible para entrega \u00fanicamente en nuestros almacenes en Quer\u00e9taro o en<\/p>","protected":false},"featured_media":0,"comment_status":"open","ping_status":"closed","template":"","meta":[],"product_brand":[],"product_cat":[95],"product_tag":[],"class_list":{"0":"post-27643","1":"product","2":"type-product","3":"status-publish","5":"product_cat-especiales","7":"first","8":"outofstock","9":"shipping-taxable","10":"purchasable","11":"product-type-simple"},"_links":{"self":[{"href":"https:\/\/zijin12.com\/en\/wp-json\/wp\/v2\/product\/27643","targetHints":{"allow":["GET"]}}],"collection":[{"href":"https:\/\/zijin12.com\/en\/wp-json\/wp\/v2\/product"}],"about":[{"href":"https:\/\/zijin12.com\/en\/wp-json\/wp\/v2\/types\/product"}],"replies":[{"embeddable":true,"href":"https:\/\/zijin12.com\/en\/wp-json\/wp\/v2\/comments?post=27643"}],"version-history":[{"count":0,"href":"https:\/\/zijin12.com\/en\/wp-json\/wp\/v2\/product\/27643\/revisions"}],"wp:attachment":[{"href":"https:\/\/zijin12.com\/en\/wp-json\/wp\/v2\/media?parent=27643"}],"wp:term":[{"taxonomy":"product_brand","embeddable":true,"href":"https:\/\/zijin12.com\/en\/wp-json\/wp\/v2\/product_brand?post=27643"},{"taxonomy":"product_cat","embeddable":true,"href":"https:\/\/zijin12.com\/en\/wp-json\/wp\/v2\/product_cat?post=27643"},{"taxonomy":"product_tag","embeddable":true,"href":"https:\/\/zijin12.com\/en\/wp-json\/wp\/v2\/product_tag?post=27643"}],"curies":[{"name":"wp","href":"https:\/\/api.w.org\/{rel}","templated":true}]}}