{"id":27645,"date":"2025-03-17T08:09:47","date_gmt":"2025-03-17T08:09:47","guid":{"rendered":"https:\/\/zijin12.com\/product\/cama-masaje-silla-para-faciales-con-movilidad-reclinable-spa\/"},"modified":"2025-03-17T08:09:47","modified_gmt":"2025-03-17T08:09:47","slug":"cama-masaje-silla-para-faciales-con-movilidad-reclinable-spa","status":"publish","type":"product","link":"https:\/\/zijin12.com\/en\/product\/cama-masaje-silla-para-faciales-con-movilidad-reclinable-spa\/","title":{"rendered":"Cama Masaje Silla Para Faciales Con Movilidad Reclinable Spa"},"content":{"rendered":"<p>=DISPONIBLE PARA ENVIO INMEDIATO=<\/p>\n<p>Marca XIIRD Producto Original<\/p>\n<p>Todos nuestros productos son de la m\u00e1s alta calidad ya que somos fabricantes con presencia global, contamos con oficinas en M\u00e9xico y China para brindarte la mejor atenci\u00f3n.<\/p>\n<p>&nbsp;<\/p>\n<p>*En caso de requerir factura favor de solicitarla dentro de un periodo de 3 d\u00edas h\u00e1biles posterior a la compra, en caso contrario la factura no podr\u00e1 ser procesada.<\/p>\n<p>&nbsp;<\/p>\n<p>=DESCRIPCION DEL PRODUCTO=<\/p>\n<p>SILLA FACIALES CAMA RECLINABLE SILLON MASAJE SPA PROFECIONALES<\/p>\n<p>Aumenta tu clientela y ofrece un servicio m\u00e1s profesional con esta cama\/silla de faciales que traemos para ti, gracias a su resistente y ligera estructura podr\u00e1s atender a tus clientes con mayor comodidad y eficiencia, sus distintas posiciones de reclinado te dan la oportunidad de trabajar a comodidad tuya y del cliente, su sistema de anclaje por resorte proporciona un agarre firme y seguro para ti y tus clientes adem\u00e1s que el posa pies es de movilidad.<\/p>\n<p>CARACTERISTICAS:<br \/>&#8211; Estructura ligera y resistente, soporta hasta 150kg.<br \/>&#8211; Multi posiciones.<br \/>&#8211; Con espuma de alta densidad y foam que dan un agradable confort<br \/>&#8211; Doble bisagra para ajustar de acuerdo a las necesidades de tu cliente.<br \/>&#8211; Descansabrazos removibles<br \/>&#8211; Sistema de anclaje reforzado<br \/>&#8211; Banco con Sistema de Ajuste de altura<br \/>&#8211; Almohada<br \/>&#8211; Hueco para la cabeza<\/p>","protected":false},"excerpt":{"rendered":"<p>=DISPONIBLE PARA ENVIO INMEDIATO= Marca XIIRD Producto Original Todos nuestros productos son de la m\u00e1s alta calidad ya que somos<\/p>","protected":false},"featured_media":0,"comment_status":"open","ping_status":"closed","template":"","meta":[],"product_brand":[],"product_cat":[95],"product_tag":[],"class_list":{"0":"post-27645","1":"product","2":"type-product","3":"status-publish","5":"product_cat-especiales","7":"first","8":"outofstock","9":"shipping-taxable","10":"purchasable","11":"product-type-simple"},"_links":{"self":[{"href":"https:\/\/zijin12.com\/en\/wp-json\/wp\/v2\/product\/27645","targetHints":{"allow":["GET"]}}],"collection":[{"href":"https:\/\/zijin12.com\/en\/wp-json\/wp\/v2\/product"}],"about":[{"href":"https:\/\/zijin12.com\/en\/wp-json\/wp\/v2\/types\/product"}],"replies":[{"embeddable":true,"href":"https:\/\/zijin12.com\/en\/wp-json\/wp\/v2\/comments?post=27645"}],"version-history":[{"count":0,"href":"https:\/\/zijin12.com\/en\/wp-json\/wp\/v2\/product\/27645\/revisions"}],"wp:attachment":[{"href":"https:\/\/zijin12.com\/en\/wp-json\/wp\/v2\/media?parent=27645"}],"wp:term":[{"taxonomy":"product_brand","embeddable":true,"href":"https:\/\/zijin12.com\/en\/wp-json\/wp\/v2\/product_brand?post=27645"},{"taxonomy":"product_cat","embeddable":true,"href":"https:\/\/zijin12.com\/en\/wp-json\/wp\/v2\/product_cat?post=27645"},{"taxonomy":"product_tag","embeddable":true,"href":"https:\/\/zijin12.com\/en\/wp-json\/wp\/v2\/product_tag?post=27645"}],"curies":[{"name":"wp","href":"https:\/\/api.w.org\/{rel}","templated":true}]}}