{"id":27648,"date":"2025-03-17T08:09:47","date_gmt":"2025-03-17T08:09:47","guid":{"rendered":"https:\/\/zijin12.com\/product\/silla-de-masaje-portatil-relajacion-muscular-premium\/"},"modified":"2025-03-17T08:09:47","modified_gmt":"2025-03-17T08:09:47","slug":"silla-de-masaje-portatil-relajacion-muscular-premium","status":"publish","type":"product","link":"https:\/\/zijin12.com\/en\/product\/silla-de-masaje-portatil-relajacion-muscular-premium\/","title":{"rendered":"Silla De Masaje Port\u00e1til Relajaci\u00f3n Muscular Premium"},"content":{"rendered":"<p>=DISPONIBLE PARA ENVIO INMEDIATO=<\/p>\n<p>Marca XIIRD Producto Original<\/p>\n<p>Todos nuestros productos son de la m\u00e1s alta calidad ya que somos fabricantes con presencia global, contamos con oficinas en M\u00e9xico y China para brindarte la mejor atenci\u00f3n.<\/p>\n<p>&nbsp;<\/p>\n<p>*En caso de requerir factura favor de solicitarla dentro de un periodo de 3 d\u00edas h\u00e1biles posterior a la compra, en caso contrario la factura no podr\u00e1 ser procesada.<\/p>\n<p>&nbsp;<\/p>\n<p>=DESCRIPCION DEL PRODUCTO=<\/p>\n<p>Esta silla de masaje tipo shiatsu, es perfecta para tratar a personas con problemas de la espalda, cintura, hombros o manos. Tiene un reposacabezas desmontable que se puede regular en funci\u00f3n de la altura y del dolor del paciente. Su almohadilla para el pecho es ajustable, as\u00ed los pacientes apoyar\u00e1n c\u00f3modamente el peso de su cuerpo sobre la silla. Las almohadillas para pies evitar\u00e1n cualquier tipo de fatiga en las piernas; asimismo, el reposabrazos y el asiento ofrecen distintas posiciones de ajuste para mayor comodidad durante el tratamiento o largas sesiones de tatuajes. \u00a1Realiza trabajos a domicilio!, gracias a su estructura plegable y compacta puede guardarse y transportarse en el bolso incluido.<\/p>","protected":false},"excerpt":{"rendered":"<p>=DISPONIBLE PARA ENVIO INMEDIATO= Marca XIIRD Producto Original Todos nuestros productos son de la m\u00e1s alta calidad ya que somos<\/p>","protected":false},"featured_media":0,"comment_status":"open","ping_status":"closed","template":"","meta":[],"product_brand":[],"product_cat":[95],"product_tag":[],"class_list":{"0":"post-27648","1":"product","2":"type-product","3":"status-publish","5":"product_cat-especiales","7":"first","8":"instock","9":"shipping-taxable","10":"purchasable","11":"product-type-simple"},"_links":{"self":[{"href":"https:\/\/zijin12.com\/en\/wp-json\/wp\/v2\/product\/27648","targetHints":{"allow":["GET"]}}],"collection":[{"href":"https:\/\/zijin12.com\/en\/wp-json\/wp\/v2\/product"}],"about":[{"href":"https:\/\/zijin12.com\/en\/wp-json\/wp\/v2\/types\/product"}],"replies":[{"embeddable":true,"href":"https:\/\/zijin12.com\/en\/wp-json\/wp\/v2\/comments?post=27648"}],"version-history":[{"count":0,"href":"https:\/\/zijin12.com\/en\/wp-json\/wp\/v2\/product\/27648\/revisions"}],"wp:attachment":[{"href":"https:\/\/zijin12.com\/en\/wp-json\/wp\/v2\/media?parent=27648"}],"wp:term":[{"taxonomy":"product_brand","embeddable":true,"href":"https:\/\/zijin12.com\/en\/wp-json\/wp\/v2\/product_brand?post=27648"},{"taxonomy":"product_cat","embeddable":true,"href":"https:\/\/zijin12.com\/en\/wp-json\/wp\/v2\/product_cat?post=27648"},{"taxonomy":"product_tag","embeddable":true,"href":"https:\/\/zijin12.com\/en\/wp-json\/wp\/v2\/product_tag?post=27648"}],"curies":[{"name":"wp","href":"https:\/\/api.w.org\/{rel}","templated":true}]}}