{"id":27658,"date":"2025-03-17T08:09:48","date_gmt":"2025-03-17T08:09:48","guid":{"rendered":"https:\/\/zijin12.com\/product\/combo-silla-gamer-escritorio-con-luz-rgb-mouse-teclado\/"},"modified":"2025-03-17T08:09:48","modified_gmt":"2025-03-17T08:09:48","slug":"combo-silla-gamer-escritorio-con-luz-rgb-mouse-teclado","status":"publish","type":"product","link":"https:\/\/zijin12.com\/en\/product\/combo-silla-gamer-escritorio-con-luz-rgb-mouse-teclado\/","title":{"rendered":"Combo Silla Gamer Escritorio Con Luz Rgb Mouse Teclado"},"content":{"rendered":"<p>=DISPONIBLE PARA ENVIO INMEDIATO=<\/p>\n<p>Producto Original Marca XIIRDIndustries&nbsp;<\/p>\n<p>Todos nuestros productos son de la m\u00e1s alta calidad ya que somos fabricantes con presencia global, contamos con oficinas en M\u00e9xico y China para brindarte la mejor atenci\u00f3n.<\/p>\n<p>&nbsp;<\/p>\n<p>*En caso de requerir factura favor de solicitarla dentro de un periodo de 3 d\u00edas h\u00e1biles posterior a la compra, en caso contrario la factura no podr\u00e1 ser procesada.<\/p>\n<p>&nbsp;<\/p>\n<p>=DESCRIPCION DEL PRODUCTO=<\/p>\n<p>&nbsp;<\/p>\n<p>Mejora tu experiencia de juego con el Combo Silla Gamer Escritorio Con Luz Rgb Mouse Teclado. La Silla Gamer COW proporciona la m\u00e1xima comodidad y soporte para largas sesiones de juego, mientras que el Escritorio Gamer ROSA ofrece un amplio espacio para todos tus elementos esenciales de juego. El Mousepad con iluminaci\u00f3n RGB agrega un toque de estilo a tu configuraci\u00f3n, mientras que el Teclado y mouse Gamer LED permite controles precisos y receptivos.<\/p>\n<p>Lleva tu juego al siguiente nivel con los Auriculares Gamer incluidos, que brindan una calidad de sonido envolvente y el Micr\u00f3fono Condensador para una comunicaci\u00f3n n\u00edtida con tus compa\u00f1eros de equipo. Este combo es perfecto para cualquier jugador dedicado que busque mejorar su configuraci\u00f3n de juego. No se conforme con una experiencia de juego ordinaria: invierta en Combo Silla Gamer Escritorio Con Luz Rgb Mouse Teclado y domine el campo de batalla virtual.<\/p>\n<p>&nbsp;<\/p>\n<p>&nbsp;<\/p>\n<p>&nbsp;<\/p>\n<p>&nbsp;<\/p>","protected":false},"excerpt":{"rendered":"<p>=DISPONIBLE PARA ENVIO INMEDIATO= Producto Original Marca XIIRDIndustries&nbsp; Todos nuestros productos son de la m\u00e1s alta calidad ya que somos<\/p>","protected":false},"featured_media":0,"comment_status":"open","ping_status":"closed","template":"","meta":[],"product_brand":[],"product_cat":[95],"product_tag":[],"class_list":{"0":"post-27658","1":"product","2":"type-product","3":"status-publish","5":"product_cat-especiales","7":"first","8":"outofstock","9":"shipping-taxable","10":"purchasable","11":"product-type-simple"},"_links":{"self":[{"href":"https:\/\/zijin12.com\/en\/wp-json\/wp\/v2\/product\/27658","targetHints":{"allow":["GET"]}}],"collection":[{"href":"https:\/\/zijin12.com\/en\/wp-json\/wp\/v2\/product"}],"about":[{"href":"https:\/\/zijin12.com\/en\/wp-json\/wp\/v2\/types\/product"}],"replies":[{"embeddable":true,"href":"https:\/\/zijin12.com\/en\/wp-json\/wp\/v2\/comments?post=27658"}],"version-history":[{"count":0,"href":"https:\/\/zijin12.com\/en\/wp-json\/wp\/v2\/product\/27658\/revisions"}],"wp:attachment":[{"href":"https:\/\/zijin12.com\/en\/wp-json\/wp\/v2\/media?parent=27658"}],"wp:term":[{"taxonomy":"product_brand","embeddable":true,"href":"https:\/\/zijin12.com\/en\/wp-json\/wp\/v2\/product_brand?post=27658"},{"taxonomy":"product_cat","embeddable":true,"href":"https:\/\/zijin12.com\/en\/wp-json\/wp\/v2\/product_cat?post=27658"},{"taxonomy":"product_tag","embeddable":true,"href":"https:\/\/zijin12.com\/en\/wp-json\/wp\/v2\/product_tag?post=27658"}],"curies":[{"name":"wp","href":"https:\/\/api.w.org\/{rel}","templated":true}]}}