{"id":27663,"date":"2025-03-17T08:09:49","date_gmt":"2025-03-17T08:09:49","guid":{"rendered":"https:\/\/zijin12.com\/product\/juego-de-equipaje-3-maletas-4-ruedas-organizador-de-zapatos\/"},"modified":"2025-03-17T08:09:49","modified_gmt":"2025-03-17T08:09:49","slug":"juego-de-equipaje-3-maletas-4-ruedas-organizador-de-zapatos","status":"publish","type":"product","link":"https:\/\/zijin12.com\/en\/product\/juego-de-equipaje-3-maletas-4-ruedas-organizador-de-zapatos\/","title":{"rendered":"Juego De Equipaje 3 Maletas 4 Ruedas Organizador De Zapatos"},"content":{"rendered":"<p>=DISPONIBLE PARA ENTREGA INMEDIATA=<\/p>\n<p>&nbsp;<\/p>\n<p>Presentamos el Juego De Equipaje 3 Maletas, un elegante y pr\u00e1ctico juego de tres maletas perfecto para todas tus necesidades de viaje. Este juego incluye tres maletas de diferentes tama\u00f1os, perfectas para cualquier viaje, junto con un pr\u00e1ctico organizador de zapatos para mantener su calzado separado y seguro. El dise\u00f1o duradero y liviano los hace f\u00e1ciles de transportar y transportar, mientras que el elegante exterior garantiza que siempre viajar\u00e1 con estilo. Con un amplio espacio de almacenamiento y bolsillos interiores, tendr\u00e1 mucho espacio para empacar todos sus elementos esenciales, mientras que el material resistente a los rayones mantendr\u00e1 su equipaje con el mejor aspecto, viaje tras viaje. Ya sea que viaje cerca o lejos, este juego de Juego De Equipaje es el compa\u00f1ero perfecto para todas sus aventuras.<\/p>\n<p>&nbsp;<\/p>\n<p>&nbsp;<\/p>\n<p>&nbsp;<\/p>","protected":false},"excerpt":{"rendered":"<p>=DISPONIBLE PARA ENTREGA INMEDIATA= &nbsp; Presentamos el Juego De Equipaje 3 Maletas, un elegante y pr\u00e1ctico juego de tres maletas<\/p>","protected":false},"featured_media":0,"comment_status":"open","ping_status":"closed","template":"","meta":[],"product_brand":[],"product_cat":[95],"product_tag":[],"class_list":{"0":"post-27663","1":"product","2":"type-product","3":"status-publish","5":"product_cat-especiales","7":"first","8":"outofstock","9":"shipping-taxable","10":"purchasable","11":"product-type-simple"},"_links":{"self":[{"href":"https:\/\/zijin12.com\/en\/wp-json\/wp\/v2\/product\/27663","targetHints":{"allow":["GET"]}}],"collection":[{"href":"https:\/\/zijin12.com\/en\/wp-json\/wp\/v2\/product"}],"about":[{"href":"https:\/\/zijin12.com\/en\/wp-json\/wp\/v2\/types\/product"}],"replies":[{"embeddable":true,"href":"https:\/\/zijin12.com\/en\/wp-json\/wp\/v2\/comments?post=27663"}],"version-history":[{"count":0,"href":"https:\/\/zijin12.com\/en\/wp-json\/wp\/v2\/product\/27663\/revisions"}],"wp:attachment":[{"href":"https:\/\/zijin12.com\/en\/wp-json\/wp\/v2\/media?parent=27663"}],"wp:term":[{"taxonomy":"product_brand","embeddable":true,"href":"https:\/\/zijin12.com\/en\/wp-json\/wp\/v2\/product_brand?post=27663"},{"taxonomy":"product_cat","embeddable":true,"href":"https:\/\/zijin12.com\/en\/wp-json\/wp\/v2\/product_cat?post=27663"},{"taxonomy":"product_tag","embeddable":true,"href":"https:\/\/zijin12.com\/en\/wp-json\/wp\/v2\/product_tag?post=27663"}],"curies":[{"name":"wp","href":"https:\/\/api.w.org\/{rel}","templated":true}]}}