{"id":27667,"date":"2025-03-17T02:09:50","date_gmt":"2025-03-17T08:09:50","guid":{"rendered":"https:\/\/zijin12.com\/product\/set-de-2-mesas-carrito-auxiliar-para-barberia-organizador\/"},"modified":"2025-10-29T19:50:30","modified_gmt":"2025-10-30T01:50:30","slug":"set-de-2-mesas-carrito-auxiliar-para-barberia-organizador","status":"publish","type":"product","link":"https:\/\/zijin12.com\/en\/product\/set-de-2-mesas-carrito-auxiliar-para-barberia-organizador\/","title":{"rendered":"SET DE 2 CARRITOS AUXILIARES DE SEGURIDAD PARA BARBERIA"},"content":{"rendered":"<p>PRODUCTO DISPONIBLE PARA ENV\u00cdO INMEDIATO<br \/>\nMarca: XIIRD | Producto Original.<\/p>\n<p>Mant\u00e9n todo en orden y al alcance con este <strong data-start=\"273\" data-end=\"305\">set de 2 carritos auxiliares<\/strong>, dise\u00f1ados para brindar funcionalidad, movilidad y resistencia en tu d\u00eda a d\u00eda.<\/p>\n<p>MATERIALES:<br \/>\n&#8211; Patas de Metal<br \/>\n&#8211; Repisas de Pl\u00e1stico<br \/>\n&#8211; Orejas extra\u00edble<\/p>\n<p>AREAS IDEALES:<br \/>\n&#8211; Rack organizador para est\u00e9tica, barber\u00edas o salones de belleza.<br \/>\n&#8211; Organizador para cuartos de dormitorio<br \/>\n&#8211; Rack para ba\u00f1o<\/p>\n<p>MEDIDAS:<br \/>\n&#8211; Altura 84 cm<br \/>\n&#8211; Largo 40-50 cm<br \/>\n&#8211; Ancho 30 cm<\/p>\n<p>EL PAQUETE INCLUYE:<br \/>\n&#8211; 2 Carritos<\/p>\n<p>Un set de carritos auxiliares pr\u00e1cticos, resistentes y vers\u00e1tiles, perfectos para mantener tu espacio siempre organizado y trabajar con mayor comodidad y profesionalismo.<\/p>","protected":false},"excerpt":{"rendered":"<p>PRODUCTO DISPONIBLE PARA ENV\u00cdO INMEDIATO Marca: XIIRD | Producto Original. Mant\u00e9n todo en orden y al alcance con este set<\/p>","protected":false},"featured_media":28761,"comment_status":"open","ping_status":"closed","template":"","meta":[],"product_brand":[],"product_cat":[144],"product_tag":[],"class_list":{"0":"post-27667","1":"product","2":"type-product","3":"status-publish","4":"has-post-thumbnail","6":"product_cat-belleza-integral-salud-y-estilo-de-vida-activo","8":"first","9":"outofstock","10":"sale","11":"shipping-taxable","12":"purchasable","13":"product-type-simple"},"_links":{"self":[{"href":"https:\/\/zijin12.com\/en\/wp-json\/wp\/v2\/product\/27667","targetHints":{"allow":["GET"]}}],"collection":[{"href":"https:\/\/zijin12.com\/en\/wp-json\/wp\/v2\/product"}],"about":[{"href":"https:\/\/zijin12.com\/en\/wp-json\/wp\/v2\/types\/product"}],"replies":[{"embeddable":true,"href":"https:\/\/zijin12.com\/en\/wp-json\/wp\/v2\/comments?post=27667"}],"version-history":[{"count":5,"href":"https:\/\/zijin12.com\/en\/wp-json\/wp\/v2\/product\/27667\/revisions"}],"predecessor-version":[{"id":30324,"href":"https:\/\/zijin12.com\/en\/wp-json\/wp\/v2\/product\/27667\/revisions\/30324"}],"wp:featuredmedia":[{"embeddable":true,"href":"https:\/\/zijin12.com\/en\/wp-json\/wp\/v2\/media\/28761"}],"wp:attachment":[{"href":"https:\/\/zijin12.com\/en\/wp-json\/wp\/v2\/media?parent=27667"}],"wp:term":[{"taxonomy":"product_brand","embeddable":true,"href":"https:\/\/zijin12.com\/en\/wp-json\/wp\/v2\/product_brand?post=27667"},{"taxonomy":"product_cat","embeddable":true,"href":"https:\/\/zijin12.com\/en\/wp-json\/wp\/v2\/product_cat?post=27667"},{"taxonomy":"product_tag","embeddable":true,"href":"https:\/\/zijin12.com\/en\/wp-json\/wp\/v2\/product_tag?post=27667"}],"curies":[{"name":"wp","href":"https:\/\/api.w.org\/{rel}","templated":true}]}}