{"id":27668,"date":"2025-03-17T02:09:50","date_gmt":"2025-03-17T08:09:50","guid":{"rendered":"https:\/\/zijin12.com\/product\/par-de-carritos-auxiliares-de-pedestal-para-barberia\/"},"modified":"2025-10-29T19:50:36","modified_gmt":"2025-10-30T01:50:36","slug":"par-de-carritos-auxiliares-de-pedestal-para-barberia","status":"publish","type":"product","link":"https:\/\/zijin12.com\/en\/product\/par-de-carritos-auxiliares-de-pedestal-para-barberia\/","title":{"rendered":"SET DE 2 CARRITOS AUXILIARES DE PEDESTAL PARA BARBERIA"},"content":{"rendered":"<p>PRODUCTO DISPONIBLE PARA ENV\u00cdO INMEDIATO<br \/>\nMarca: XIIRD | Producto Original.<\/p>\n<p>SET DE 2 CARRITOS AUXILIARES PELUQUERIA SPA CHAROLA DE ALUMINIO BARBERIA<\/p>\n<p>BANDEJA MULTIUSOS:<br \/>\nBandeja de herramientas m\u00f3vil tiene una amplia gama de aplicaciones y se puede utilizar en peluquer\u00edas, tiendas de belleza, consultorio dental. Tambi\u00e9n se puede utilizar en algunas tiendas de reparaci\u00f3n para almacenar herramientas, como tiendas de reparaci\u00f3n de autom\u00f3viles, celulares etc.<br \/>\nEl carrito de la bandeja de sal\u00f3n en el hogar tambi\u00e9n puede ayudarte a almacenar herramientas de uso com\u00fan, las herramientas que necesitas usar en el carrito de la bandeja se pueden llevar al lateral,. El carro de la bandeja es muy conveniente para llevar herramientas<br \/>\nMOVIBLE Y AJUSTABLE:<br \/>\nBandeja de sal\u00f3n con ruedas m\u00f3viles de 360 grados, los usuarios pueden tirar f\u00e1cilmente a la posici\u00f3n donde necesita trabajar. Las ruedas son fuertes, resistentes a la presi\u00f3n y al impacto. La columna se puede ajustar libremente a un rango de 12 pulgadas para ajustar a la altura correcta, sujetar y colocar herramientas ser\u00e1 muy conveniente. Esta bandeja de rodillo de sal\u00f3n tiene 5 marcos de soporte extendidos en la parte inferior, no hay necesidad de preocuparse por que se caiga del equilibrio.<br \/>\nRESISITENTE Y DURADERO:<br \/>\nNuestro carrito de bandeja rodante de sal\u00f3n est\u00e1 hecho principalmente de ABS de alta calidad y acero inoxidable. Carro de bandeja de sal\u00f3n la bandeja de herramientas es dura y resistente, puede sostener herramientas. La rueda inferior de la bandeja de sal\u00f3n rodante tambi\u00e9n es muy dura y duradera, resistente a la presi\u00f3n y al impacto.<br \/>\nF\u00c1CIL DE MONTAR Y USAR:<br \/>\nLa estructura de nuestra bandeja rodante de sal\u00f3n es simple, con instrucciones de montaje, el montaje es simple y divertido, e incluso puede permitir que los ni\u00f1os tomen parte en el proceso de montaje. F\u00e1cil de usar, solo necesita colocar sus herramientas de uso com\u00fan en la bandeja, ajustar el soporte a la altura correcta para usted y luego arrastrar el carrito de la bandeja de Sal\u00f3n al lugar donde trabaja. Si necesita salir, simplemente desmonte el coche, no ocupa mucho espacio.<\/p>\n<p>MATERIALES:<br \/>\n&#8211; Charola: Aluminio<br \/>\n&#8211; Poste: Metal<br \/>\n&#8211; Base: Pl\u00e1stico<br \/>\n&#8211; Rodajas: Pl\u00e1stico 5<\/p>\n<p>MEDIDAS:<br \/>\n&#8211; Altura m\u00e1xima: 108 cm<br \/>\n&#8211; Altura m\u00ednima: 68 cm<\/p>\n<p>CHAROLAS:<br \/>\n&#8211; Largo: 45 cm<br \/>\n&#8211; Ancho: 33 cm<br \/>\n&#8211; Profundidad: 2 cm<\/p>\n<p>Organizaci\u00f3n, movilidad y comodidad en un solo set de carritos auxiliares de charola, pensado para facilitar tu trabajo diario.<\/p>","protected":false},"excerpt":{"rendered":"<div class=\"ui-vpp-striped-specs\">\n<div class=\"ui-vpp-striped-specs__table\">\n<h3 class=\"ui-vpp-striped-specs__header\">Caracter\u00edsticas principales<\/h3>\n<table class=\"andes-table\" style=\"height: 51px;\" width=\"392\">\n<tbody class=\"andes-table__body\">\n<tr class=\"andes-table__row ui-vpp-striped-specs__row\">\n<th class=\"andes-table__header andes-table__header--left ui-vpp-striped-specs__row__column ui-vpp-striped-specs__row__column--id\" scope=\"row\">\n<div class=\"andes-table__header__container\">Marca<\/div>\n<\/th>\n<td id=\":Rknlbkulqcde:\" class=\"andes-table__column andes-table__column--left andes-table__column--vertical-align-center ui-vpp-striped-specs__row__column\"><span id=\":Rknlbkulqcde:-value\" class=\"andes-table__column--value\">Xiird<\/span><\/td>\n<\/tr>\n<tr class=\"andes-table__row ui-vpp-striped-specs__row\">\n<th class=\"andes-table__header andes-table__header--left ui-vpp-striped-specs__row__column ui-vpp-striped-specs__row__column--id\" scope=\"row\">\n<div class=\"andes-table__header__container\">Modelo<\/div>\n<\/th>\n<td id=\":Rkrlbkulqcde:\" class=\"andes-table__column andes-table__column--left andes-table__column--vertical-align-center ui-vpp-striped-specs__row__column\"><span id=\":Rkrlbkulqcde:-value\" class=\"andes-table__column--value\">SET CPY<\/span><\/td>\n<\/tr>\n<\/tbody>\n<\/table>\n<\/div>\n<\/div>\n<div class=\"ui-vpp-striped-specs\">\n<div class=\"ui-vpp-striped-specs__table\">\n<h3 class=\"ui-vpp-striped-specs__header\">Otros<\/h3>\n<table class=\"andes-table\">\n<tbody class=\"andes-table__body\">\n<tr class=\"andes-table__row ui-vpp-striped-specs__row\">\n<th class=\"andes-table__header andes-table__header--left ui-vpp-striped-specs__row__column ui-vpp-striped-specs__row__column--id\" scope=\"row\">\n<div class=\"andes-table__header__container\">Material<\/div>\n<\/th>\n<td id=\":R197mbkulqcde:\" class=\"andes-table__column andes-table__column--left andes-table__column--vertical-align-center ui-vpp-striped-specs__row__column\"><span id=\":R197mbkulqcde:-value\" class=\"andes-table__column--value\">Aluminio<\/span><\/td>\n<\/tr>\n<tr class=\"andes-table__row ui-vpp-striped-specs__row\">\n<th class=\"andes-table__header andes-table__header--left ui-vpp-striped-specs__row__column ui-vpp-striped-specs__row__column--id\" scope=\"row\">\n<div class=\"andes-table__header__container\">Cantidad de cajones<\/div>\n<\/th>\n<td id=\":R19bmbkulqcde:\" class=\"andes-table__column andes-table__column--left andes-table__column--vertical-align-center ui-vpp-striped-specs__row__column\"><span id=\":R19bmbkulqcde:-value\" class=\"andes-table__column--value\">1<\/span><\/td>\n<\/tr>\n<tr class=\"andes-table__row ui-vpp-striped-specs__row\">\n<th class=\"andes-table__header andes-table__header--left ui-vpp-striped-specs__row__column ui-vpp-striped-specs__row__column--id\" scope=\"row\">\n<div class=\"andes-table__header__container\">Largo x Altura x Ancho<\/div>\n<\/th>\n<td id=\":R19fmbkulqcde:\" class=\"andes-table__column andes-table__column--left andes-table__column--vertical-align-center ui-vpp-striped-specs__row__column\"><span id=\":R19fmbkulqcde:-value\" class=\"andes-table__column--value\">45 cm x 97 cm x 33 cm<\/span><\/td>\n<\/tr>\n<tr class=\"andes-table__row ui-vpp-striped-specs__row\">\n<th class=\"andes-table__header andes-table__header--left ui-vpp-striped-specs__row__column ui-vpp-striped-specs__row__column--id\" scope=\"row\">\n<div class=\"andes-table__header__container\">Con ruedas<\/div>\n<\/th>\n<td id=\":R19jmbkulqcde:\" class=\"andes-table__column andes-table__column--left andes-table__column--vertical-align-center ui-vpp-striped-specs__row__column\"><span id=\":R19jmbkulqcde:-value\" class=\"andes-table__column--value\">S\u00ed<\/span><\/td>\n<\/tr>\n<tr class=\"andes-table__row ui-vpp-striped-specs__row\">\n<th class=\"andes-table__header andes-table__header--left ui-vpp-striped-specs__row__column ui-vpp-striped-specs__row__column--id\" scope=\"row\">\n<div class=\"andes-table__header__container\">Usos recomendados<\/div>\n<\/th>\n<td id=\":R19nmbkulqcde:\" class=\"andes-table__column andes-table__column--left andes-table__column--vertical-align-center ui-vpp-striped-specs__row__column\"><span id=\":R19nmbkulqcde:-value\" class=\"andes-table__column--value\">Barbear\u00eda, Sal\u00f3n de belleza<\/span><\/td>\n<\/tr>\n<\/tbody>\n<\/table>\n<\/div>\n<\/div>","protected":false},"featured_media":28770,"comment_status":"open","ping_status":"closed","template":"","meta":[],"product_brand":[],"product_cat":[144],"product_tag":[],"class_list":{"0":"post-27668","1":"product","2":"type-product","3":"status-publish","4":"has-post-thumbnail","6":"product_cat-belleza-integral-salud-y-estilo-de-vida-activo","8":"first","9":"outofstock","10":"sale","11":"shipping-taxable","12":"purchasable","13":"product-type-simple"},"_links":{"self":[{"href":"https:\/\/zijin12.com\/en\/wp-json\/wp\/v2\/product\/27668","targetHints":{"allow":["GET"]}}],"collection":[{"href":"https:\/\/zijin12.com\/en\/wp-json\/wp\/v2\/product"}],"about":[{"href":"https:\/\/zijin12.com\/en\/wp-json\/wp\/v2\/types\/product"}],"replies":[{"embeddable":true,"href":"https:\/\/zijin12.com\/en\/wp-json\/wp\/v2\/comments?post=27668"}],"version-history":[{"count":5,"href":"https:\/\/zijin12.com\/en\/wp-json\/wp\/v2\/product\/27668\/revisions"}],"predecessor-version":[{"id":30326,"href":"https:\/\/zijin12.com\/en\/wp-json\/wp\/v2\/product\/27668\/revisions\/30326"}],"wp:featuredmedia":[{"embeddable":true,"href":"https:\/\/zijin12.com\/en\/wp-json\/wp\/v2\/media\/28770"}],"wp:attachment":[{"href":"https:\/\/zijin12.com\/en\/wp-json\/wp\/v2\/media?parent=27668"}],"wp:term":[{"taxonomy":"product_brand","embeddable":true,"href":"https:\/\/zijin12.com\/en\/wp-json\/wp\/v2\/product_brand?post=27668"},{"taxonomy":"product_cat","embeddable":true,"href":"https:\/\/zijin12.com\/en\/wp-json\/wp\/v2\/product_cat?post=27668"},{"taxonomy":"product_tag","embeddable":true,"href":"https:\/\/zijin12.com\/en\/wp-json\/wp\/v2\/product_tag?post=27668"}],"curies":[{"name":"wp","href":"https:\/\/api.w.org\/{rel}","templated":true}]}}