{"id":27669,"date":"2025-03-17T08:09:50","date_gmt":"2025-03-17T08:09:50","guid":{"rendered":"https:\/\/zijin12.com\/product\/mochila-escolar-con-compartimientos-y-kit-gamer-de-regalo\/"},"modified":"2025-03-17T08:09:50","modified_gmt":"2025-03-17T08:09:50","slug":"mochila-escolar-con-compartimientos-y-kit-gamer-de-regalo","status":"publish","type":"product","link":"https:\/\/zijin12.com\/en\/product\/mochila-escolar-con-compartimientos-y-kit-gamer-de-regalo\/","title":{"rendered":"Mochila Escolar Con Compartimientos Y Kit Gamer De Regalo"},"content":{"rendered":"<p>=DISPONIBLE PARA ENTREGA INMEDIATA=<\/p>\n<p>&nbsp;<\/p>\n<p>Presentamos nuestra Mochila Escolar Con Compartimientos Y Kit Gamer De Regalo, la mochila perfecta tanto para estudiantes como para jugadores. Esta mochila est\u00e1 fabricada con material impermeable para mantener tus pertenencias a salvo de los elementos. Cuenta con m\u00faltiples compartimentos para mantener tus \u00fatiles escolares organizados y de f\u00e1cil acceso. Adem\u00e1s, como beneficio adicional, viene con un kit de jugador como regalo especial para nuestros clientes. El kit de jugador incluye accesorios esenciales para una experiencia de juego mejorada. Mejora tu juego de mochila con nuestra Mochila Escolar Con Compartimientos Y Kit Gamer De Regalo.<\/p>\n<p>&nbsp;<\/p>","protected":false},"excerpt":{"rendered":"<p>=DISPONIBLE PARA ENTREGA INMEDIATA= &nbsp; Presentamos nuestra Mochila Escolar Con Compartimientos Y Kit Gamer De Regalo, la mochila perfecta tanto<\/p>","protected":false},"featured_media":0,"comment_status":"open","ping_status":"closed","template":"","meta":[],"product_brand":[],"product_cat":[95],"product_tag":[],"class_list":{"0":"post-27669","1":"product","2":"type-product","3":"status-publish","5":"product_cat-especiales","7":"first","8":"outofstock","9":"shipping-taxable","10":"purchasable","11":"product-type-simple"},"_links":{"self":[{"href":"https:\/\/zijin12.com\/en\/wp-json\/wp\/v2\/product\/27669","targetHints":{"allow":["GET"]}}],"collection":[{"href":"https:\/\/zijin12.com\/en\/wp-json\/wp\/v2\/product"}],"about":[{"href":"https:\/\/zijin12.com\/en\/wp-json\/wp\/v2\/types\/product"}],"replies":[{"embeddable":true,"href":"https:\/\/zijin12.com\/en\/wp-json\/wp\/v2\/comments?post=27669"}],"version-history":[{"count":0,"href":"https:\/\/zijin12.com\/en\/wp-json\/wp\/v2\/product\/27669\/revisions"}],"wp:attachment":[{"href":"https:\/\/zijin12.com\/en\/wp-json\/wp\/v2\/media?parent=27669"}],"wp:term":[{"taxonomy":"product_brand","embeddable":true,"href":"https:\/\/zijin12.com\/en\/wp-json\/wp\/v2\/product_brand?post=27669"},{"taxonomy":"product_cat","embeddable":true,"href":"https:\/\/zijin12.com\/en\/wp-json\/wp\/v2\/product_cat?post=27669"},{"taxonomy":"product_tag","embeddable":true,"href":"https:\/\/zijin12.com\/en\/wp-json\/wp\/v2\/product_tag?post=27669"}],"curies":[{"name":"wp","href":"https:\/\/api.w.org\/{rel}","templated":true}]}}