{"id":27673,"date":"2025-03-17T08:09:50","date_gmt":"2025-03-17T08:09:50","guid":{"rendered":"https:\/\/zijin12.com\/product\/set-de-6-maletas-en-1-mod-britain-de-exhibicion\/"},"modified":"2025-03-17T08:09:50","modified_gmt":"2025-03-17T08:09:50","slug":"set-de-6-maletas-en-1-mod-britain-de-exhibicion","status":"publish","type":"product","link":"https:\/\/zijin12.com\/en\/product\/set-de-6-maletas-en-1-mod-britain-de-exhibicion\/","title":{"rendered":"Set De 6 Maletas en 1 Mod BRITAIN De Exhibici\u00f3n"},"content":{"rendered":"<p>=DISPONIBLE PARA ENTREGA INMEDIATA=<\/p>\n<p>&nbsp;<\/p>\n<p>Presentamos el Set De 6 Maletas en 1 Mod BRITAIN De Exhibici\u00f3n, una colecci\u00f3n de equipaje vers\u00e1til y elegante perfecta para todas tus necesidades de viaje. Este juego incluye 4 maletas espaciosas con ruedas para una maniobrabilidad sin esfuerzo, as\u00ed como dos pr\u00e1cticos bolsos para llevar lo esencial mientras viaja. Cada pieza es producto de exposici\u00f3n y se encuentra en perfecto estado. Tenga en cuenta que este producto no viene con garant\u00eda, pero tenga la seguridad de que ha sido mantenido meticulosamente para su satisfacci\u00f3n. Podr\u00e1s encontrar este set exclusivo solo en nuestro showroom en CDMX o en nuestros almacenes en Quer\u00e9taro, \u00a1as\u00ed que no pierdas esta oportunidad \u00fanica de mejorar tu equipo de viaje!<\/p>","protected":false},"excerpt":{"rendered":"<p>=DISPONIBLE PARA ENTREGA INMEDIATA= &nbsp; Presentamos el Set De 6 Maletas en 1 Mod BRITAIN De Exhibici\u00f3n, una colecci\u00f3n de<\/p>","protected":false},"featured_media":0,"comment_status":"open","ping_status":"closed","template":"","meta":[],"product_brand":[],"product_cat":[95],"product_tag":[],"class_list":{"0":"post-27673","1":"product","2":"type-product","3":"status-publish","5":"product_cat-especiales","7":"first","8":"instock","9":"shipping-taxable","10":"purchasable","11":"product-type-simple"},"_links":{"self":[{"href":"https:\/\/zijin12.com\/en\/wp-json\/wp\/v2\/product\/27673","targetHints":{"allow":["GET"]}}],"collection":[{"href":"https:\/\/zijin12.com\/en\/wp-json\/wp\/v2\/product"}],"about":[{"href":"https:\/\/zijin12.com\/en\/wp-json\/wp\/v2\/types\/product"}],"replies":[{"embeddable":true,"href":"https:\/\/zijin12.com\/en\/wp-json\/wp\/v2\/comments?post=27673"}],"version-history":[{"count":0,"href":"https:\/\/zijin12.com\/en\/wp-json\/wp\/v2\/product\/27673\/revisions"}],"wp:attachment":[{"href":"https:\/\/zijin12.com\/en\/wp-json\/wp\/v2\/media?parent=27673"}],"wp:term":[{"taxonomy":"product_brand","embeddable":true,"href":"https:\/\/zijin12.com\/en\/wp-json\/wp\/v2\/product_brand?post=27673"},{"taxonomy":"product_cat","embeddable":true,"href":"https:\/\/zijin12.com\/en\/wp-json\/wp\/v2\/product_cat?post=27673"},{"taxonomy":"product_tag","embeddable":true,"href":"https:\/\/zijin12.com\/en\/wp-json\/wp\/v2\/product_tag?post=27673"}],"curies":[{"name":"wp","href":"https:\/\/api.w.org\/{rel}","templated":true}]}}