{"id":27674,"date":"2025-03-17T08:09:50","date_gmt":"2025-03-17T08:09:50","guid":{"rendered":"https:\/\/zijin12.com\/product\/set-de-2-maletas-mod-even-color-azul-de-exhibicion\/"},"modified":"2025-03-17T08:09:50","modified_gmt":"2025-03-17T08:09:50","slug":"set-de-2-maletas-mod-even-color-azul-de-exhibicion","status":"publish","type":"product","link":"https:\/\/zijin12.com\/en\/product\/set-de-2-maletas-mod-even-color-azul-de-exhibicion\/","title":{"rendered":"Set De 2 Maletas Mod EVEN Color Azul De Exhibici\u00f3n"},"content":{"rendered":"<p>=DISPONIBLE PARA ENTREGA INMEDIATA=<\/p>\n<p>&nbsp;<\/p>\n<p>Presentamos el Set De 2 Maletas Mod EVEN Color Azul De Exhibici\u00f3n, perfecto para el viajero elegante e inteligente. Este juego incluye 2 maletas bellamente dise\u00f1adas, una que mide 28 pulgadas y la otra de 24 pulgadas, ambas en un elegante color azul. A pesar de ser art\u00edculos de exposici\u00f3n de productos, ambas maletas se encuentran en perfecto estado y listas para tu pr\u00f3xima aventura. Tenga en cuenta que este set no viene con garant\u00eda, pero est\u00e1 disponible para su compra exclusivamente en nuestro showroom de CDMX o desde nuestros almacenes en Quer\u00e9taro. \u00a1No te pierdas este set de edici\u00f3n limitada!<\/p>\n<p>&nbsp;<\/p>","protected":false},"excerpt":{"rendered":"<p>=DISPONIBLE PARA ENTREGA INMEDIATA= &nbsp; Presentamos el Set De 2 Maletas Mod EVEN Color Azul De Exhibici\u00f3n, perfecto para el<\/p>","protected":false},"featured_media":0,"comment_status":"open","ping_status":"closed","template":"","meta":[],"product_brand":[],"product_cat":[95],"product_tag":[],"class_list":{"0":"post-27674","1":"product","2":"type-product","3":"status-publish","5":"product_cat-especiales","7":"first","8":"instock","9":"shipping-taxable","10":"purchasable","11":"product-type-simple"},"_links":{"self":[{"href":"https:\/\/zijin12.com\/en\/wp-json\/wp\/v2\/product\/27674","targetHints":{"allow":["GET"]}}],"collection":[{"href":"https:\/\/zijin12.com\/en\/wp-json\/wp\/v2\/product"}],"about":[{"href":"https:\/\/zijin12.com\/en\/wp-json\/wp\/v2\/types\/product"}],"replies":[{"embeddable":true,"href":"https:\/\/zijin12.com\/en\/wp-json\/wp\/v2\/comments?post=27674"}],"version-history":[{"count":0,"href":"https:\/\/zijin12.com\/en\/wp-json\/wp\/v2\/product\/27674\/revisions"}],"wp:attachment":[{"href":"https:\/\/zijin12.com\/en\/wp-json\/wp\/v2\/media?parent=27674"}],"wp:term":[{"taxonomy":"product_brand","embeddable":true,"href":"https:\/\/zijin12.com\/en\/wp-json\/wp\/v2\/product_brand?post=27674"},{"taxonomy":"product_cat","embeddable":true,"href":"https:\/\/zijin12.com\/en\/wp-json\/wp\/v2\/product_cat?post=27674"},{"taxonomy":"product_tag","embeddable":true,"href":"https:\/\/zijin12.com\/en\/wp-json\/wp\/v2\/product_tag?post=27674"}],"curies":[{"name":"wp","href":"https:\/\/api.w.org\/{rel}","templated":true}]}}