{"id":27675,"date":"2025-03-17T08:09:51","date_gmt":"2025-03-17T08:09:51","guid":{"rendered":"https:\/\/zijin12.com\/product\/set-de-3-maletas-mod-even-color-rojo-de-exhibicion\/"},"modified":"2025-03-17T08:09:51","modified_gmt":"2025-03-17T08:09:51","slug":"set-de-3-maletas-mod-even-color-rojo-de-exhibicion","status":"publish","type":"product","link":"https:\/\/zijin12.com\/en\/product\/set-de-3-maletas-mod-even-color-rojo-de-exhibicion\/","title":{"rendered":"Set De 3 Maletas Mod EVEN Color Rojo De Exhibici\u00f3n"},"content":{"rendered":"<p>=DISPONIBLE PARA ENTREGA INMEDIATA=<\/p>\n<p>&nbsp;<\/p>\n<p>Presentamos el Set De 3 Maletas Mod EVEN Color Rojo De Exhibici\u00f3n, perfecto para aquellos que buscan estilo y funcionalidad en sus viajes. Este set incluye 3 maletas con ruedas de 20&#8243;, 24&#8243; y 28 pulgadas, ideales para adaptarse a tus necesidades de viaje. A pesar de ser productos de exhibici\u00f3n, se encuentran en perfectas condiciones y listas para ser usadas. Es importante mencionar que estas maletas no cuentan con garant\u00eda, pero ofrecen la misma calidad y durabilidad que nuestras l\u00edneas regulares. Puedes encontrar este set exclusivo en nuestro show room de la CDMX o en nuestras bodegas de Quer\u00e9taro. No pierdas la oportunidad de adquirir este exclusivo set de maletas que har\u00e1 que tus viajes sean m\u00e1s c\u00f3modos y elegantes.<\/p>\n<p>&nbsp;<\/p>\n<p>&nbsp;<\/p>","protected":false},"excerpt":{"rendered":"<p>=DISPONIBLE PARA ENTREGA INMEDIATA= &nbsp; Presentamos el Set De 3 Maletas Mod EVEN Color Rojo De Exhibici\u00f3n, perfecto para aquellos<\/p>","protected":false},"featured_media":0,"comment_status":"open","ping_status":"closed","template":"","meta":[],"product_brand":[],"product_cat":[95],"product_tag":[],"class_list":{"0":"post-27675","1":"product","2":"type-product","3":"status-publish","5":"product_cat-especiales","7":"first","8":"instock","9":"shipping-taxable","10":"purchasable","11":"product-type-simple"},"_links":{"self":[{"href":"https:\/\/zijin12.com\/en\/wp-json\/wp\/v2\/product\/27675","targetHints":{"allow":["GET"]}}],"collection":[{"href":"https:\/\/zijin12.com\/en\/wp-json\/wp\/v2\/product"}],"about":[{"href":"https:\/\/zijin12.com\/en\/wp-json\/wp\/v2\/types\/product"}],"replies":[{"embeddable":true,"href":"https:\/\/zijin12.com\/en\/wp-json\/wp\/v2\/comments?post=27675"}],"version-history":[{"count":0,"href":"https:\/\/zijin12.com\/en\/wp-json\/wp\/v2\/product\/27675\/revisions"}],"wp:attachment":[{"href":"https:\/\/zijin12.com\/en\/wp-json\/wp\/v2\/media?parent=27675"}],"wp:term":[{"taxonomy":"product_brand","embeddable":true,"href":"https:\/\/zijin12.com\/en\/wp-json\/wp\/v2\/product_brand?post=27675"},{"taxonomy":"product_cat","embeddable":true,"href":"https:\/\/zijin12.com\/en\/wp-json\/wp\/v2\/product_cat?post=27675"},{"taxonomy":"product_tag","embeddable":true,"href":"https:\/\/zijin12.com\/en\/wp-json\/wp\/v2\/product_tag?post=27675"}],"curies":[{"name":"wp","href":"https:\/\/api.w.org\/{rel}","templated":true}]}}