{"id":27676,"date":"2025-03-17T08:09:51","date_gmt":"2025-03-17T08:09:51","guid":{"rendered":"https:\/\/zijin12.com\/product\/set-de-3-maleta-mod-zebra-de-exhibicion\/"},"modified":"2025-03-17T08:09:51","modified_gmt":"2025-03-17T08:09:51","slug":"set-de-3-maleta-mod-zebra-de-exhibicion","status":"publish","type":"product","link":"https:\/\/zijin12.com\/en\/product\/set-de-3-maleta-mod-zebra-de-exhibicion\/","title":{"rendered":"Set De 3 Maleta Mod ZEBRA De Exhibici\u00f3n"},"content":{"rendered":"<p>=DISPONIBLE PARA ENTREGA INMEDIATA=<\/p>\n<p>&nbsp;<\/p>\n<p>Presentamos el Set De Maleta Mod ZEBRA De Exhibici\u00f3n, perfecto para viajeros que buscan equipaje elegante y duradero. Este juego incluye Maletas Con Ruedas De 20&#8243;, 24&#8243; Y 28&#8243;, todas elaboradas con una resistente estructura de pl\u00e1stico de policarbonato. Estos productos son art\u00edculos de exhibici\u00f3n en perfectas condiciones y ofrecen un gran valor para quienes buscan equipaje de alta calidad a un precio reducido. Ten en cuenta que este juego no viene con garant\u00eda y est\u00e1 disponible exclusivamente para su compra en nuestro showroom de CDMX o en nuestros almacenes en Quer\u00e9taro. \u00a1No pierdas esta oportunidad \u00fanica de tener en tus manos estos incre\u00edbles juegos de maletas!<\/p>","protected":false},"excerpt":{"rendered":"<p>=DISPONIBLE PARA ENTREGA INMEDIATA= &nbsp; Presentamos el Set De Maleta Mod ZEBRA De Exhibici\u00f3n, perfecto para viajeros que buscan equipaje<\/p>","protected":false},"featured_media":0,"comment_status":"open","ping_status":"closed","template":"","meta":[],"product_brand":[],"product_cat":[95],"product_tag":[],"class_list":{"0":"post-27676","1":"product","2":"type-product","3":"status-publish","5":"product_cat-especiales","7":"first","8":"instock","9":"shipping-taxable","10":"purchasable","11":"product-type-simple"},"_links":{"self":[{"href":"https:\/\/zijin12.com\/en\/wp-json\/wp\/v2\/product\/27676","targetHints":{"allow":["GET"]}}],"collection":[{"href":"https:\/\/zijin12.com\/en\/wp-json\/wp\/v2\/product"}],"about":[{"href":"https:\/\/zijin12.com\/en\/wp-json\/wp\/v2\/types\/product"}],"replies":[{"embeddable":true,"href":"https:\/\/zijin12.com\/en\/wp-json\/wp\/v2\/comments?post=27676"}],"version-history":[{"count":0,"href":"https:\/\/zijin12.com\/en\/wp-json\/wp\/v2\/product\/27676\/revisions"}],"wp:attachment":[{"href":"https:\/\/zijin12.com\/en\/wp-json\/wp\/v2\/media?parent=27676"}],"wp:term":[{"taxonomy":"product_brand","embeddable":true,"href":"https:\/\/zijin12.com\/en\/wp-json\/wp\/v2\/product_brand?post=27676"},{"taxonomy":"product_cat","embeddable":true,"href":"https:\/\/zijin12.com\/en\/wp-json\/wp\/v2\/product_cat?post=27676"},{"taxonomy":"product_tag","embeddable":true,"href":"https:\/\/zijin12.com\/en\/wp-json\/wp\/v2\/product_tag?post=27676"}],"curies":[{"name":"wp","href":"https:\/\/api.w.org\/{rel}","templated":true}]}}