{"id":27677,"date":"2025-03-17T08:09:51","date_gmt":"2025-03-17T08:09:51","guid":{"rendered":"https:\/\/zijin12.com\/product\/set-de-2-maletas-transparentes-de-exhibicion\/"},"modified":"2025-03-17T08:09:51","modified_gmt":"2025-03-17T08:09:51","slug":"set-de-2-maletas-transparentes-de-exhibicion","status":"publish","type":"product","link":"https:\/\/zijin12.com\/en\/product\/set-de-2-maletas-transparentes-de-exhibicion\/","title":{"rendered":"Set De 2 Maletas Transparentes De Exhibici\u00f3n"},"content":{"rendered":"<p>=DISPONIBLE PARA ENTREGA INMEDIATA=<\/p>\n<p>&nbsp;<\/p>\n<p>Presentamos nuestro Set De Maletas Transparentes De Exhibici\u00f3n,&nbsp;Este juego incluye dos maletas, una que mide 28 pulgadas y la otra de 24 pulgadas, ambas hechas de pl\u00e1stico PC transparente. Cada maleta viene con un candado de seguridad, lo que garantiza que sus objetos de valor est\u00e9n seguros y protegidos. Estos art\u00edculos de exhibici\u00f3n se encuentran en perfecto estado y solo est\u00e1n disponibles en nuestro show room en CDMX o en nuestras bodegas en Quer\u00e9taro. Tenga en cuenta que estas maletas de exhibici\u00f3n no vienen con garant\u00eda, pero seguramente har\u00e1n una declaraci\u00f3n en cualquier entorno minorista.<\/p>\n<p>&nbsp;<\/p>","protected":false},"excerpt":{"rendered":"<p>=DISPONIBLE PARA ENTREGA INMEDIATA= &nbsp; Presentamos nuestro Set De Maletas Transparentes De Exhibici\u00f3n,&nbsp;Este juego incluye dos maletas, una que mide<\/p>","protected":false},"featured_media":0,"comment_status":"open","ping_status":"closed","template":"","meta":[],"product_brand":[],"product_cat":[95],"product_tag":[],"class_list":{"0":"post-27677","1":"product","2":"type-product","3":"status-publish","5":"product_cat-especiales","7":"first","8":"outofstock","9":"shipping-taxable","10":"purchasable","11":"product-type-simple"},"_links":{"self":[{"href":"https:\/\/zijin12.com\/en\/wp-json\/wp\/v2\/product\/27677","targetHints":{"allow":["GET"]}}],"collection":[{"href":"https:\/\/zijin12.com\/en\/wp-json\/wp\/v2\/product"}],"about":[{"href":"https:\/\/zijin12.com\/en\/wp-json\/wp\/v2\/types\/product"}],"replies":[{"embeddable":true,"href":"https:\/\/zijin12.com\/en\/wp-json\/wp\/v2\/comments?post=27677"}],"version-history":[{"count":0,"href":"https:\/\/zijin12.com\/en\/wp-json\/wp\/v2\/product\/27677\/revisions"}],"wp:attachment":[{"href":"https:\/\/zijin12.com\/en\/wp-json\/wp\/v2\/media?parent=27677"}],"wp:term":[{"taxonomy":"product_brand","embeddable":true,"href":"https:\/\/zijin12.com\/en\/wp-json\/wp\/v2\/product_brand?post=27677"},{"taxonomy":"product_cat","embeddable":true,"href":"https:\/\/zijin12.com\/en\/wp-json\/wp\/v2\/product_cat?post=27677"},{"taxonomy":"product_tag","embeddable":true,"href":"https:\/\/zijin12.com\/en\/wp-json\/wp\/v2\/product_tag?post=27677"}],"curies":[{"name":"wp","href":"https:\/\/api.w.org\/{rel}","templated":true}]}}