{"id":27678,"date":"2025-03-17T08:09:51","date_gmt":"2025-03-17T08:09:51","guid":{"rendered":"https:\/\/zijin12.com\/product\/set-de-maletas-6-en-1-de-exhibicion\/"},"modified":"2025-03-17T08:09:51","modified_gmt":"2025-03-17T08:09:51","slug":"set-de-maletas-6-en-1-de-exhibicion","status":"publish","type":"product","link":"https:\/\/zijin12.com\/en\/product\/set-de-maletas-6-en-1-de-exhibicion\/","title":{"rendered":"Set De Maletas 6 En 1 De Exhibici\u00f3n"},"content":{"rendered":"<p>=DISPONIBLE PARA ENTREGA INMEDIATA=<\/p>\n<p>&nbsp;<\/p>\n<p>Presentamos nuestro Set De Maletas 6 En 1 De Exhibici\u00f3n, el compa\u00f1ero de viaje definitivo. Este juego incluye 4 maletas espaciosas con ruedas giratorias de 360 grados para una f\u00e1cil maniobrabilidad, as\u00ed como 2 c\u00f3modas bolsas de mano. Todas las piezas son art\u00edculos de exhibici\u00f3n de productos y est\u00e1n en perfectas condiciones. Tenga en cuenta que estos art\u00edculos de exhibici\u00f3n no vienen con garant\u00eda. Podr\u00e1s encontrar este exclusivo set \u00fanicamente en nuestro showroom en CDMX o en nuestros almacenes de Quer\u00e9taro. \u00a1No te pierdas esta incre\u00edble oferta en equipaje de alta calidad!<\/p>\n<p>&nbsp;<\/p>\n<p>&nbsp;<\/p>","protected":false},"excerpt":{"rendered":"<p>=DISPONIBLE PARA ENTREGA INMEDIATA= &nbsp; Presentamos nuestro Set De Maletas 6 En 1 De Exhibici\u00f3n, el compa\u00f1ero de viaje definitivo.<\/p>","protected":false},"featured_media":0,"comment_status":"open","ping_status":"closed","template":"","meta":[],"product_brand":[],"product_cat":[95],"product_tag":[],"class_list":{"0":"post-27678","1":"product","2":"type-product","3":"status-publish","5":"product_cat-especiales","7":"first","8":"outofstock","9":"shipping-taxable","10":"purchasable","11":"product-type-simple"},"_links":{"self":[{"href":"https:\/\/zijin12.com\/en\/wp-json\/wp\/v2\/product\/27678","targetHints":{"allow":["GET"]}}],"collection":[{"href":"https:\/\/zijin12.com\/en\/wp-json\/wp\/v2\/product"}],"about":[{"href":"https:\/\/zijin12.com\/en\/wp-json\/wp\/v2\/types\/product"}],"replies":[{"embeddable":true,"href":"https:\/\/zijin12.com\/en\/wp-json\/wp\/v2\/comments?post=27678"}],"version-history":[{"count":0,"href":"https:\/\/zijin12.com\/en\/wp-json\/wp\/v2\/product\/27678\/revisions"}],"wp:attachment":[{"href":"https:\/\/zijin12.com\/en\/wp-json\/wp\/v2\/media?parent=27678"}],"wp:term":[{"taxonomy":"product_brand","embeddable":true,"href":"https:\/\/zijin12.com\/en\/wp-json\/wp\/v2\/product_brand?post=27678"},{"taxonomy":"product_cat","embeddable":true,"href":"https:\/\/zijin12.com\/en\/wp-json\/wp\/v2\/product_cat?post=27678"},{"taxonomy":"product_tag","embeddable":true,"href":"https:\/\/zijin12.com\/en\/wp-json\/wp\/v2\/product_tag?post=27678"}],"curies":[{"name":"wp","href":"https:\/\/api.w.org\/{rel}","templated":true}]}}