{"id":27681,"date":"2025-03-17T08:09:51","date_gmt":"2025-03-17T08:09:51","guid":{"rendered":"https:\/\/zijin12.com\/product\/maleta-de-mano-mod-honet-color-rosa-de-exhibicion\/"},"modified":"2025-03-17T08:09:51","modified_gmt":"2025-03-17T08:09:51","slug":"maleta-de-mano-mod-honet-color-rosa-de-exhibicion","status":"publish","type":"product","link":"https:\/\/zijin12.com\/en\/product\/maleta-de-mano-mod-honet-color-rosa-de-exhibicion\/","title":{"rendered":"Maleta De Mano Mod HONET Color Rosa De Exhibici\u00f3n"},"content":{"rendered":"<p>=DISPONIBLE PARA ENTREGA INMEDIATA=<\/p>\n<p>&nbsp;<\/p>\n<p>Presentamos la Maleta De Mano Mod HONET Color Rosa De Exhibici\u00f3n, una compa\u00f1era de viaje elegante y con estilo. Este impresionante equipaje de mano rosa cuenta con un marco de aluminio duradero para una m\u00e1xima protecci\u00f3n, as\u00ed como un candado seguro para mayor tranquilidad mientras viaja. Las ruedas dobles de 360 grados facilitan el desplazamiento por las terminales del aeropuerto, mientras que el espacioso interior ofrece mucho espacio para todos sus elementos esenciales. Este producto es un art\u00edculo de exhibici\u00f3n en perfecto estado, sin embargo, no viene con garant\u00eda. Esta pieza \u00fanica s\u00f3lo podr\u00e1s encontrar en el showroom de la CDMX o en nuestros almacenes de Quer\u00e9taro. \u00a1No pierda esta oportunidad limitada de poseer un accesorio de viaje \u00fanico en su tipo!<\/p>\n<p>&nbsp;<\/p>\n<p>&nbsp;<\/p>","protected":false},"excerpt":{"rendered":"<p>=DISPONIBLE PARA ENTREGA INMEDIATA= &nbsp; Presentamos la Maleta De Mano Mod HONET Color Rosa De Exhibici\u00f3n, una compa\u00f1era de viaje<\/p>","protected":false},"featured_media":0,"comment_status":"open","ping_status":"closed","template":"","meta":[],"product_brand":[],"product_cat":[95],"product_tag":[],"class_list":{"0":"post-27681","1":"product","2":"type-product","3":"status-publish","5":"product_cat-especiales","7":"first","8":"instock","9":"shipping-taxable","10":"purchasable","11":"product-type-simple"},"_links":{"self":[{"href":"https:\/\/zijin12.com\/en\/wp-json\/wp\/v2\/product\/27681","targetHints":{"allow":["GET"]}}],"collection":[{"href":"https:\/\/zijin12.com\/en\/wp-json\/wp\/v2\/product"}],"about":[{"href":"https:\/\/zijin12.com\/en\/wp-json\/wp\/v2\/types\/product"}],"replies":[{"embeddable":true,"href":"https:\/\/zijin12.com\/en\/wp-json\/wp\/v2\/comments?post=27681"}],"version-history":[{"count":0,"href":"https:\/\/zijin12.com\/en\/wp-json\/wp\/v2\/product\/27681\/revisions"}],"wp:attachment":[{"href":"https:\/\/zijin12.com\/en\/wp-json\/wp\/v2\/media?parent=27681"}],"wp:term":[{"taxonomy":"product_brand","embeddable":true,"href":"https:\/\/zijin12.com\/en\/wp-json\/wp\/v2\/product_brand?post=27681"},{"taxonomy":"product_cat","embeddable":true,"href":"https:\/\/zijin12.com\/en\/wp-json\/wp\/v2\/product_cat?post=27681"},{"taxonomy":"product_tag","embeddable":true,"href":"https:\/\/zijin12.com\/en\/wp-json\/wp\/v2\/product_tag?post=27681"}],"curies":[{"name":"wp","href":"https:\/\/api.w.org\/{rel}","templated":true}]}}