{"id":27682,"date":"2025-03-17T08:09:51","date_gmt":"2025-03-17T08:09:51","guid":{"rendered":"https:\/\/zijin12.com\/product\/mesa-plegable-para-manicura-de-exhibicion\/"},"modified":"2025-03-17T08:09:51","modified_gmt":"2025-03-17T08:09:51","slug":"mesa-plegable-para-manicura-de-exhibicion","status":"publish","type":"product","link":"https:\/\/zijin12.com\/en\/product\/mesa-plegable-para-manicura-de-exhibicion\/","title":{"rendered":"Mesa Plegable Para Manicura  De Exhibici\u00f3n"},"content":{"rendered":"<p>=DISPONIBLE PARA ENTREGA INMEDIATA=<\/p>\n<p>&nbsp;<\/p>\n<p>Presentamos nuestra Mesa Plegable Para Manicura De Exhibici\u00f3n, perfecta para su uso en cualquier spa o sal\u00f3n de belleza. Este producto es plegable, con una base de metal resistente y una superficie de madera que le brinda durabilidad y estilo. Adem\u00e1s, incluye un c\u00f3modo coj\u00edn para que sus clientes se sientan c\u00f3modos durante sus tratamientos de manicura. Esta mesa de exhibici\u00f3n se encuentra en perfectas condiciones, lista para ser utilizada. Vale la pena mencionar que no cuenta con garant\u00eda, pero estamos seguros de que su calidad y resistencia.&nbsp;Por \u00faltimo, nuestra Mesa Plegable Para Manicura De Exhibici\u00f3n solo se puede encontrar en el show room de la CDMX o en nuestras bodegas de Quer\u00e9taro, as\u00ed que no pierda la oportunidad de adquirir este pr\u00e1ctico y elegante accesorio para su negocio de belleza.<\/p>\n<p>&nbsp;<\/p>\n<p>&nbsp;<\/p>","protected":false},"excerpt":{"rendered":"<p>=DISPONIBLE PARA ENTREGA INMEDIATA= &nbsp; Presentamos nuestra Mesa Plegable Para Manicura De Exhibici\u00f3n, perfecta para su uso en cualquier spa<\/p>","protected":false},"featured_media":0,"comment_status":"open","ping_status":"closed","template":"","meta":[],"product_brand":[],"product_cat":[95],"product_tag":[],"class_list":{"0":"post-27682","1":"product","2":"type-product","3":"status-publish","5":"product_cat-especiales","7":"first","8":"instock","9":"shipping-taxable","10":"purchasable","11":"product-type-simple"},"_links":{"self":[{"href":"https:\/\/zijin12.com\/en\/wp-json\/wp\/v2\/product\/27682","targetHints":{"allow":["GET"]}}],"collection":[{"href":"https:\/\/zijin12.com\/en\/wp-json\/wp\/v2\/product"}],"about":[{"href":"https:\/\/zijin12.com\/en\/wp-json\/wp\/v2\/types\/product"}],"replies":[{"embeddable":true,"href":"https:\/\/zijin12.com\/en\/wp-json\/wp\/v2\/comments?post=27682"}],"version-history":[{"count":0,"href":"https:\/\/zijin12.com\/en\/wp-json\/wp\/v2\/product\/27682\/revisions"}],"wp:attachment":[{"href":"https:\/\/zijin12.com\/en\/wp-json\/wp\/v2\/media?parent=27682"}],"wp:term":[{"taxonomy":"product_brand","embeddable":true,"href":"https:\/\/zijin12.com\/en\/wp-json\/wp\/v2\/product_brand?post=27682"},{"taxonomy":"product_cat","embeddable":true,"href":"https:\/\/zijin12.com\/en\/wp-json\/wp\/v2\/product_cat?post=27682"},{"taxonomy":"product_tag","embeddable":true,"href":"https:\/\/zijin12.com\/en\/wp-json\/wp\/v2\/product_tag?post=27682"}],"curies":[{"name":"wp","href":"https:\/\/api.w.org\/{rel}","templated":true}]}}