{"id":27683,"date":"2025-03-17T08:09:51","date_gmt":"2025-03-17T08:09:51","guid":{"rendered":"https:\/\/zijin12.com\/product\/silla-de-ruedas-con-inodoro-oculto-de-exhibicion\/"},"modified":"2025-03-17T08:09:51","modified_gmt":"2025-03-17T08:09:51","slug":"silla-de-ruedas-con-inodoro-oculto-de-exhibicion","status":"publish","type":"product","link":"https:\/\/zijin12.com\/en\/product\/silla-de-ruedas-con-inodoro-oculto-de-exhibicion\/","title":{"rendered":"Silla De Ruedas Con Inodoro Oculto De Exhibici\u00f3n"},"content":{"rendered":"<p>=DISPONIBLE PARA ENTREGA INMEDIATA=<\/p>\n<p>&nbsp;<\/p>\n<p>Presentamos la Silla de Ruedas con Inodoro Oculto de Exhibici\u00f3n, un producto plegable ideal para facilitar la movilidad y el cuidado personal de personas con discapacidad o movilidad reducida. Este innovador dise\u00f1o incluye un inodoro que se puede retirar por completo para su limpieza, ofreciendo comodidad y discreci\u00f3n. Fabricado con material impermeable de alta calidad, este producto de exhibici\u00f3n se encuentra en perfectas condiciones y listo para su uso inmediato. Es importante mencionar que, al tratarse de un producto de exhibici\u00f3n, no se cuenta con garant\u00eda, sin embargo su funcionamiento y estado se garantizan para su satisfacci\u00f3n. Este producto exclusivo solo puede encontrarse en el show room de la CDMX y en nuestras bodegas de Quer\u00e9taro, por lo que le invitamos a visitarnos y descubrir este producto \u00fanico en su tipo. No pierda la oportunidad de adquirir esta conveniente silla de ruedas con inodoro oculto, ideal para brindar confort y autonom\u00eda a quienes lo necesitan.<\/p>\n<p>&nbsp;<\/p>","protected":false},"excerpt":{"rendered":"<p>=DISPONIBLE PARA ENTREGA INMEDIATA= &nbsp; Presentamos la Silla de Ruedas con Inodoro Oculto de Exhibici\u00f3n, un producto plegable ideal para<\/p>","protected":false},"featured_media":0,"comment_status":"open","ping_status":"closed","template":"","meta":[],"product_brand":[],"product_cat":[95],"product_tag":[],"class_list":{"0":"post-27683","1":"product","2":"type-product","3":"status-publish","5":"product_cat-especiales","7":"first","8":"instock","9":"shipping-taxable","10":"purchasable","11":"product-type-simple"},"_links":{"self":[{"href":"https:\/\/zijin12.com\/en\/wp-json\/wp\/v2\/product\/27683","targetHints":{"allow":["GET"]}}],"collection":[{"href":"https:\/\/zijin12.com\/en\/wp-json\/wp\/v2\/product"}],"about":[{"href":"https:\/\/zijin12.com\/en\/wp-json\/wp\/v2\/types\/product"}],"replies":[{"embeddable":true,"href":"https:\/\/zijin12.com\/en\/wp-json\/wp\/v2\/comments?post=27683"}],"version-history":[{"count":0,"href":"https:\/\/zijin12.com\/en\/wp-json\/wp\/v2\/product\/27683\/revisions"}],"wp:attachment":[{"href":"https:\/\/zijin12.com\/en\/wp-json\/wp\/v2\/media?parent=27683"}],"wp:term":[{"taxonomy":"product_brand","embeddable":true,"href":"https:\/\/zijin12.com\/en\/wp-json\/wp\/v2\/product_brand?post=27683"},{"taxonomy":"product_cat","embeddable":true,"href":"https:\/\/zijin12.com\/en\/wp-json\/wp\/v2\/product_cat?post=27683"},{"taxonomy":"product_tag","embeddable":true,"href":"https:\/\/zijin12.com\/en\/wp-json\/wp\/v2\/product_tag?post=27683"}],"curies":[{"name":"wp","href":"https:\/\/api.w.org\/{rel}","templated":true}]}}