{"id":27684,"date":"2025-03-17T08:09:52","date_gmt":"2025-03-17T08:09:52","guid":{"rendered":"https:\/\/zijin12.com\/product\/silla-mod-f-color-plata-de-exhibicion\/"},"modified":"2025-03-17T08:09:52","modified_gmt":"2025-03-17T08:09:52","slug":"silla-mod-f-color-plata-de-exhibicion","status":"publish","type":"product","link":"https:\/\/zijin12.com\/en\/product\/silla-mod-f-color-plata-de-exhibicion\/","title":{"rendered":"Silla Mod F Color Plata De Exhibici\u00f3n"},"content":{"rendered":"<p>=DISPONIBLE PARA ENTREGA INMEDIATA=<\/p>\n<p>&nbsp;<\/p>\n<p>Presentamos la Silla Mod F Color Plata De Exhibici\u00f3n, el complemento perfecto para cualquier spa, sal\u00f3n de belleza o barber\u00eda. Esta silla elegante y con estilo se reclina hasta en 3 posiciones, brindando la m\u00e1xima comodidad a sus clientes durante los tratamientos. Su dise\u00f1o plegable y port\u00e1til lo hace conveniente para almacenamiento y transporte. La funci\u00f3n poza cabezas garantiza que sus clientes tengan una experiencia c\u00f3moda mientras est\u00e1n en la silla. Elaborado con una estructura de acero duradera, este producto de exhibici\u00f3n est\u00e1 en perfectas condiciones y es de gran valor para su negocio. Tenga en cuenta que este producto no viene con garant\u00eda y solo puede encontrarlo en el showroom de CDMX o en nuestras bodegas en Quer\u00e9taro. No pierdas esta oportunidad exclusiva de mejorar tu sal\u00f3n con la Silla Mod F Color Plata De Exhibici\u00f3n.<\/p>\n<p>&nbsp;<\/p>\n<p>&nbsp;<\/p>\n<p>&nbsp;<\/p>","protected":false},"excerpt":{"rendered":"<p>=DISPONIBLE PARA ENTREGA INMEDIATA= &nbsp; Presentamos la Silla Mod F Color Plata De Exhibici\u00f3n, el complemento perfecto para cualquier spa,<\/p>","protected":false},"featured_media":0,"comment_status":"open","ping_status":"closed","template":"","meta":[],"product_brand":[],"product_cat":[95],"product_tag":[],"class_list":{"0":"post-27684","1":"product","2":"type-product","3":"status-publish","5":"product_cat-especiales","7":"first","8":"instock","9":"shipping-taxable","10":"purchasable","11":"product-type-simple"},"_links":{"self":[{"href":"https:\/\/zijin12.com\/en\/wp-json\/wp\/v2\/product\/27684","targetHints":{"allow":["GET"]}}],"collection":[{"href":"https:\/\/zijin12.com\/en\/wp-json\/wp\/v2\/product"}],"about":[{"href":"https:\/\/zijin12.com\/en\/wp-json\/wp\/v2\/types\/product"}],"replies":[{"embeddable":true,"href":"https:\/\/zijin12.com\/en\/wp-json\/wp\/v2\/comments?post=27684"}],"version-history":[{"count":0,"href":"https:\/\/zijin12.com\/en\/wp-json\/wp\/v2\/product\/27684\/revisions"}],"wp:attachment":[{"href":"https:\/\/zijin12.com\/en\/wp-json\/wp\/v2\/media?parent=27684"}],"wp:term":[{"taxonomy":"product_brand","embeddable":true,"href":"https:\/\/zijin12.com\/en\/wp-json\/wp\/v2\/product_brand?post=27684"},{"taxonomy":"product_cat","embeddable":true,"href":"https:\/\/zijin12.com\/en\/wp-json\/wp\/v2\/product_cat?post=27684"},{"taxonomy":"product_tag","embeddable":true,"href":"https:\/\/zijin12.com\/en\/wp-json\/wp\/v2\/product_tag?post=27684"}],"curies":[{"name":"wp","href":"https:\/\/api.w.org\/{rel}","templated":true}]}}