{"id":27685,"date":"2025-03-17T08:09:52","date_gmt":"2025-03-17T08:09:52","guid":{"rendered":"https:\/\/zijin12.com\/product\/stand-organizador-multiusos-de-exhibicion\/"},"modified":"2025-03-17T08:09:52","modified_gmt":"2025-03-17T08:09:52","slug":"stand-organizador-multiusos-de-exhibicion","status":"publish","type":"product","link":"https:\/\/zijin12.com\/en\/product\/stand-organizador-multiusos-de-exhibicion\/","title":{"rendered":"Stand Organizador Multiusos De Exhibicion"},"content":{"rendered":"<p>=DISPONIBLE PARA ENTREGA INMEDIATA=<\/p>\n<p>&nbsp;<\/p>\n<p>Este organizador multiusos de exhibici\u00f3n es perfecto para mantener tu hogar organizado y con estilo. Con 5 repisas extra\u00edbles, podr\u00e1s mostrar y almacenar una variedad de art\u00edculos. Adem\u00e1s, las 4 ruedas de 360 grados hacen que sea f\u00e1cil de mover y reubicar en cualquier espacio. La estructura de metal proporciona durabilidad y soporte para tus objetos m\u00e1s preciados. Este producto de exhibici\u00f3n se encuentra en perfectas condiciones y est\u00e1 listo para lucir en tu hogar o negocio. Aunque no cuenta con garant\u00eda, puedes verlo y adquirirlo en persona en nuestro show room de la CDMX o en nuestras bodegas de Quer\u00e9taro. Haz de este organizador multiusos una parte integral de tu decoraci\u00f3n con su dise\u00f1o moderno y funcionalidad vers\u00e1til.<\/p>","protected":false},"excerpt":{"rendered":"<p>=DISPONIBLE PARA ENTREGA INMEDIATA= &nbsp; Este organizador multiusos de exhibici\u00f3n es perfecto para mantener tu hogar organizado y con estilo.<\/p>","protected":false},"featured_media":0,"comment_status":"open","ping_status":"closed","template":"","meta":[],"product_brand":[],"product_cat":[95],"product_tag":[],"class_list":{"0":"post-27685","1":"product","2":"type-product","3":"status-publish","5":"product_cat-especiales","7":"first","8":"instock","9":"shipping-taxable","10":"purchasable","11":"product-type-simple"},"_links":{"self":[{"href":"https:\/\/zijin12.com\/en\/wp-json\/wp\/v2\/product\/27685","targetHints":{"allow":["GET"]}}],"collection":[{"href":"https:\/\/zijin12.com\/en\/wp-json\/wp\/v2\/product"}],"about":[{"href":"https:\/\/zijin12.com\/en\/wp-json\/wp\/v2\/types\/product"}],"replies":[{"embeddable":true,"href":"https:\/\/zijin12.com\/en\/wp-json\/wp\/v2\/comments?post=27685"}],"version-history":[{"count":0,"href":"https:\/\/zijin12.com\/en\/wp-json\/wp\/v2\/product\/27685\/revisions"}],"wp:attachment":[{"href":"https:\/\/zijin12.com\/en\/wp-json\/wp\/v2\/media?parent=27685"}],"wp:term":[{"taxonomy":"product_brand","embeddable":true,"href":"https:\/\/zijin12.com\/en\/wp-json\/wp\/v2\/product_brand?post=27685"},{"taxonomy":"product_cat","embeddable":true,"href":"https:\/\/zijin12.com\/en\/wp-json\/wp\/v2\/product_cat?post=27685"},{"taxonomy":"product_tag","embeddable":true,"href":"https:\/\/zijin12.com\/en\/wp-json\/wp\/v2\/product_tag?post=27685"}],"curies":[{"name":"wp","href":"https:\/\/api.w.org\/{rel}","templated":true}]}}