{"id":27686,"date":"2025-03-17T08:09:52","date_gmt":"2025-03-17T08:09:52","guid":{"rendered":"https:\/\/zijin12.com\/product\/silla-gamer-mod-xc-de-exhibicion\/"},"modified":"2025-03-17T08:09:52","modified_gmt":"2025-03-17T08:09:52","slug":"silla-gamer-mod-xc-de-exhibicion","status":"publish","type":"product","link":"https:\/\/zijin12.com\/en\/product\/silla-gamer-mod-xc-de-exhibicion\/","title":{"rendered":"Silla Gamer Mod XC De Exhibici\u00f3n"},"content":{"rendered":"<p>=DISPONIBLE PARA ENTREGA INMEDIATA=<\/p>\n<p>&nbsp;<\/p>\n<p>Presentamos Silla Gamer Mod XC De Exhibici\u00f3n, la silla gaming definitiva para todas tus necesidades de juego. Esta silla incluye dos cojines, uno para soporte lumbar y otro para soporte cervical, asegurando el m\u00e1ximo confort durante esas largas sesiones de juego. La silla es ajustable en altura y el respaldo es totalmente reclinable, lo que le permite encontrar la posici\u00f3n perfecta para su configuraci\u00f3n de juego. Este modelo de exhibicion est\u00e1 en perfecto estado, sin embargo, no viene con garant\u00eda. Podr\u00e1s encontrar esta exclusiva silla gamer \u00fanicamente en nuestro show room en CDMX o en nuestros almacenes en Quer\u00e9taro. \u00a1No pierdas esta oportunidad \u00fanica de mejorar tu experiencia de juego!<\/p>\n<p>&nbsp;<\/p>","protected":false},"excerpt":{"rendered":"<p>=DISPONIBLE PARA ENTREGA INMEDIATA= &nbsp; Presentamos Silla Gamer Mod XC De Exhibici\u00f3n, la silla gaming definitiva para todas tus necesidades<\/p>","protected":false},"featured_media":0,"comment_status":"open","ping_status":"closed","template":"","meta":[],"product_brand":[],"product_cat":[95],"product_tag":[],"class_list":{"0":"post-27686","1":"product","2":"type-product","3":"status-publish","5":"product_cat-especiales","7":"first","8":"outofstock","9":"shipping-taxable","10":"purchasable","11":"product-type-simple"},"_links":{"self":[{"href":"https:\/\/zijin12.com\/en\/wp-json\/wp\/v2\/product\/27686","targetHints":{"allow":["GET"]}}],"collection":[{"href":"https:\/\/zijin12.com\/en\/wp-json\/wp\/v2\/product"}],"about":[{"href":"https:\/\/zijin12.com\/en\/wp-json\/wp\/v2\/types\/product"}],"replies":[{"embeddable":true,"href":"https:\/\/zijin12.com\/en\/wp-json\/wp\/v2\/comments?post=27686"}],"version-history":[{"count":0,"href":"https:\/\/zijin12.com\/en\/wp-json\/wp\/v2\/product\/27686\/revisions"}],"wp:attachment":[{"href":"https:\/\/zijin12.com\/en\/wp-json\/wp\/v2\/media?parent=27686"}],"wp:term":[{"taxonomy":"product_brand","embeddable":true,"href":"https:\/\/zijin12.com\/en\/wp-json\/wp\/v2\/product_brand?post=27686"},{"taxonomy":"product_cat","embeddable":true,"href":"https:\/\/zijin12.com\/en\/wp-json\/wp\/v2\/product_cat?post=27686"},{"taxonomy":"product_tag","embeddable":true,"href":"https:\/\/zijin12.com\/en\/wp-json\/wp\/v2\/product_tag?post=27686"}],"curies":[{"name":"wp","href":"https:\/\/api.w.org\/{rel}","templated":true}]}}