{"id":27690,"date":"2025-03-17T08:09:53","date_gmt":"2025-03-17T08:09:53","guid":{"rendered":"https:\/\/zijin12.com\/product\/silla-gamer-mod-xx-de-exhibicion\/"},"modified":"2025-03-17T08:09:53","modified_gmt":"2025-03-17T08:09:53","slug":"silla-gamer-mod-xx-de-exhibicion","status":"publish","type":"product","link":"https:\/\/zijin12.com\/en\/product\/silla-gamer-mod-xx-de-exhibicion\/","title":{"rendered":"Silla Gamer Mod XX De Exhibici\u00f3n"},"content":{"rendered":"<p>=DISPONIBLE PARA ENTREGA INMEDIATA=<\/p>\n<p>&nbsp;<\/p>\n<p>Presentamos Silla Gamer Mod XX De Exhibici\u00f3n: \u00a1la mejor incorporaci\u00f3n a tu configuraci\u00f3n de juego! Esta silla para juegos ergon\u00f3mica est\u00e1 dise\u00f1ada para brindar comodidad y soporte, con una funci\u00f3n reclinable y un reposapi\u00e9s incorporado para esas largas sesiones de juego. Como producto de exhibici\u00f3n, est\u00e1 en perfectas condiciones y listo para mejorar tu experiencia de juego. Tenga en cuenta que este producto no viene con garant\u00eda, pero est\u00e1 disponible exclusivamente en nuestro show room en CDMX o en nuestras bodegas en Quer\u00e9taro. \u00a1No pierdas la oportunidad de llevar tu juego al siguiente nivel con esta silla de edici\u00f3n limitada!<\/p>","protected":false},"excerpt":{"rendered":"<p>=DISPONIBLE PARA ENTREGA INMEDIATA= &nbsp; Presentamos Silla Gamer Mod XX De Exhibici\u00f3n: \u00a1la mejor incorporaci\u00f3n a tu configuraci\u00f3n de juego!<\/p>","protected":false},"featured_media":0,"comment_status":"open","ping_status":"closed","template":"","meta":[],"product_brand":[],"product_cat":[95],"product_tag":[],"class_list":{"0":"post-27690","1":"product","2":"type-product","3":"status-publish","5":"product_cat-especiales","7":"first","8":"outofstock","9":"shipping-taxable","10":"purchasable","11":"product-type-simple"},"_links":{"self":[{"href":"https:\/\/zijin12.com\/en\/wp-json\/wp\/v2\/product\/27690","targetHints":{"allow":["GET"]}}],"collection":[{"href":"https:\/\/zijin12.com\/en\/wp-json\/wp\/v2\/product"}],"about":[{"href":"https:\/\/zijin12.com\/en\/wp-json\/wp\/v2\/types\/product"}],"replies":[{"embeddable":true,"href":"https:\/\/zijin12.com\/en\/wp-json\/wp\/v2\/comments?post=27690"}],"version-history":[{"count":0,"href":"https:\/\/zijin12.com\/en\/wp-json\/wp\/v2\/product\/27690\/revisions"}],"wp:attachment":[{"href":"https:\/\/zijin12.com\/en\/wp-json\/wp\/v2\/media?parent=27690"}],"wp:term":[{"taxonomy":"product_brand","embeddable":true,"href":"https:\/\/zijin12.com\/en\/wp-json\/wp\/v2\/product_brand?post=27690"},{"taxonomy":"product_cat","embeddable":true,"href":"https:\/\/zijin12.com\/en\/wp-json\/wp\/v2\/product_cat?post=27690"},{"taxonomy":"product_tag","embeddable":true,"href":"https:\/\/zijin12.com\/en\/wp-json\/wp\/v2\/product_tag?post=27690"}],"curies":[{"name":"wp","href":"https:\/\/api.w.org\/{rel}","templated":true}]}}