{"id":27694,"date":"2025-03-17T08:09:53","date_gmt":"2025-03-17T08:09:53","guid":{"rendered":"https:\/\/zijin12.com\/product\/silla-gamer-mod-cow-de-exhibicion\/"},"modified":"2025-03-17T08:09:53","modified_gmt":"2025-03-17T08:09:53","slug":"silla-gamer-mod-cow-de-exhibicion","status":"publish","type":"product","link":"https:\/\/zijin12.com\/en\/product\/silla-gamer-mod-cow-de-exhibicion\/","title":{"rendered":"Silla Gamer Mod COW De Exhibicion"},"content":{"rendered":"<p>=DISPONIBLE PARA ENTREGA INMEDIATA=}<\/p>\n<p>&nbsp;<\/p>\n<p>Presentamos Silla Gamer Mod COW De Exhibicion, el complemento perfecto para la configuraci\u00f3n de cualquier jugador. Esta silla de juego elegante y con estilo presenta un agradable dise\u00f1o con tem\u00e1tica de vaca, completa con una mochila de vaca beb\u00e9 a juego para darle m\u00e1s estilo. Tambi\u00e9n cuenta con una funci\u00f3n reclinable y un reposapi\u00e9s retr\u00e1ctil para m\u00e1xima comodidad durante largas sesiones de juego. Este producto es un modelo de exhibici\u00f3n en perfectas condiciones, por lo que puede estar seguro de que obtendr\u00e1 un art\u00edculo de alta calidad. Tenga en cuenta que, al ser un modelo de exhibicion, no viene con garant\u00eda. Esta silla gaming \u00fanica solo podr\u00e1s encontrar en nuestro show room en CDMX o en nuestros almacenes en Quer\u00e9taro. \u00a1No pierdas la oportunidad de mejorar tu experiencia de juego con Silla Gamer Mod COW De Exhibicion!<\/p>","protected":false},"excerpt":{"rendered":"<p>=DISPONIBLE PARA ENTREGA INMEDIATA=} &nbsp; Presentamos Silla Gamer Mod COW De Exhibicion, el complemento perfecto para la configuraci\u00f3n de cualquier<\/p>","protected":false},"featured_media":0,"comment_status":"open","ping_status":"closed","template":"","meta":[],"product_brand":[],"product_cat":[95],"product_tag":[],"class_list":{"0":"post-27694","1":"product","2":"type-product","3":"status-publish","5":"product_cat-especiales","7":"first","8":"outofstock","9":"shipping-taxable","10":"purchasable","11":"product-type-simple"},"_links":{"self":[{"href":"https:\/\/zijin12.com\/en\/wp-json\/wp\/v2\/product\/27694","targetHints":{"allow":["GET"]}}],"collection":[{"href":"https:\/\/zijin12.com\/en\/wp-json\/wp\/v2\/product"}],"about":[{"href":"https:\/\/zijin12.com\/en\/wp-json\/wp\/v2\/types\/product"}],"replies":[{"embeddable":true,"href":"https:\/\/zijin12.com\/en\/wp-json\/wp\/v2\/comments?post=27694"}],"version-history":[{"count":0,"href":"https:\/\/zijin12.com\/en\/wp-json\/wp\/v2\/product\/27694\/revisions"}],"wp:attachment":[{"href":"https:\/\/zijin12.com\/en\/wp-json\/wp\/v2\/media?parent=27694"}],"wp:term":[{"taxonomy":"product_brand","embeddable":true,"href":"https:\/\/zijin12.com\/en\/wp-json\/wp\/v2\/product_brand?post=27694"},{"taxonomy":"product_cat","embeddable":true,"href":"https:\/\/zijin12.com\/en\/wp-json\/wp\/v2\/product_cat?post=27694"},{"taxonomy":"product_tag","embeddable":true,"href":"https:\/\/zijin12.com\/en\/wp-json\/wp\/v2\/product_tag?post=27694"}],"curies":[{"name":"wp","href":"https:\/\/api.w.org\/{rel}","templated":true}]}}