{"id":27695,"date":"2025-03-17T08:09:53","date_gmt":"2025-03-17T08:09:53","guid":{"rendered":"https:\/\/zijin12.com\/product\/silla-gamer-mod-devil-de-exhibicion\/"},"modified":"2025-03-17T08:09:53","modified_gmt":"2025-03-17T08:09:53","slug":"silla-gamer-mod-devil-de-exhibicion","status":"publish","type":"product","link":"https:\/\/zijin12.com\/en\/product\/silla-gamer-mod-devil-de-exhibicion\/","title":{"rendered":"Silla Gamer Mod DEVIL De Exhibici\u00f3n"},"content":{"rendered":"<p>=DISPONIBLE PARA ENTREGA INMEDIATA=<\/p>\n<p>&nbsp;<\/p>\n<p>Presentamos la Silla Gamer Mod DEVIL De Exhibici\u00f3n, la silla gaming definitiva con un dise\u00f1o llamativo en vini piel uso rudo. Este producto es un art\u00edculo de exhibici\u00f3n en perfectas condiciones, perfecto para cualquier jugador que busque agregar un toque \u00fanico a su configuraci\u00f3n de juego. Tenga en cuenta que esta silla no viene con garant\u00eda, pero tenga la seguridad de que ha sido mantenida meticulosamente para su satisfacci\u00f3n. Disponible exclusivamente en nuestro show room en CDMX o en nuestros almacenes en Quer\u00e9taro, esta silla es imprescindible para cualquier jugador serio. No pierdas la oportunidad de llevar tu experiencia de juego al siguiente nivel con la Silla Gamer Mod DEVIL De Exhibici\u00f3n.<\/p>","protected":false},"excerpt":{"rendered":"<p>=DISPONIBLE PARA ENTREGA INMEDIATA= &nbsp; Presentamos la Silla Gamer Mod DEVIL De Exhibici\u00f3n, la silla gaming definitiva con un dise\u00f1o<\/p>","protected":false},"featured_media":0,"comment_status":"open","ping_status":"closed","template":"","meta":[],"product_brand":[],"product_cat":[95],"product_tag":[],"class_list":{"0":"post-27695","1":"product","2":"type-product","3":"status-publish","5":"product_cat-especiales","7":"first","8":"instock","9":"shipping-taxable","10":"purchasable","11":"product-type-simple"},"_links":{"self":[{"href":"https:\/\/zijin12.com\/en\/wp-json\/wp\/v2\/product\/27695","targetHints":{"allow":["GET"]}}],"collection":[{"href":"https:\/\/zijin12.com\/en\/wp-json\/wp\/v2\/product"}],"about":[{"href":"https:\/\/zijin12.com\/en\/wp-json\/wp\/v2\/types\/product"}],"replies":[{"embeddable":true,"href":"https:\/\/zijin12.com\/en\/wp-json\/wp\/v2\/comments?post=27695"}],"version-history":[{"count":0,"href":"https:\/\/zijin12.com\/en\/wp-json\/wp\/v2\/product\/27695\/revisions"}],"wp:attachment":[{"href":"https:\/\/zijin12.com\/en\/wp-json\/wp\/v2\/media?parent=27695"}],"wp:term":[{"taxonomy":"product_brand","embeddable":true,"href":"https:\/\/zijin12.com\/en\/wp-json\/wp\/v2\/product_brand?post=27695"},{"taxonomy":"product_cat","embeddable":true,"href":"https:\/\/zijin12.com\/en\/wp-json\/wp\/v2\/product_cat?post=27695"},{"taxonomy":"product_tag","embeddable":true,"href":"https:\/\/zijin12.com\/en\/wp-json\/wp\/v2\/product_tag?post=27695"}],"curies":[{"name":"wp","href":"https:\/\/api.w.org\/{rel}","templated":true}]}}