{"id":27696,"date":"2025-03-17T08:09:53","date_gmt":"2025-03-17T08:09:53","guid":{"rendered":"https:\/\/zijin12.com\/product\/silla-gamer-mod-rabbit-de-exhibicion\/"},"modified":"2025-03-17T08:09:53","modified_gmt":"2025-03-17T08:09:53","slug":"silla-gamer-mod-rabbit-de-exhibicion","status":"publish","type":"product","link":"https:\/\/zijin12.com\/en\/product\/silla-gamer-mod-rabbit-de-exhibicion\/","title":{"rendered":"Silla Gamer Mod RABBIT De Exhibici\u00f3n"},"content":{"rendered":"<p>=DISPONIBLE PARA ENTREGA INMEDIATA=<\/p>\n<p>&nbsp;<\/p>\n<p>Presentamos Silla Gamer Mod RABBIT De Exhibici\u00f3n, el complemento perfecto para la configuraci\u00f3n de cualquier jugador. Esta silla cuenta con un dise\u00f1o excelente, perfecta para exhibir en la sala o estudio de cualquier jugador. Como producto de exhibici\u00f3n, est\u00e1 en perfectas condiciones y listo para realzar cualquier espacio de juego. Si bien no viene con garant\u00eda, esta pieza \u00fanica solo podr\u00e1s encontrarla en el showroom de la CDMX o en nuestras bodegas en Quer\u00e9taro. No pierdas la oportunidad de llevarte a casa esta silla gamer \u00fanica e impresionante.<\/p>\n<p>&nbsp;<\/p>\n<p>&nbsp;<\/p>","protected":false},"excerpt":{"rendered":"<p>=DISPONIBLE PARA ENTREGA INMEDIATA= &nbsp; Presentamos Silla Gamer Mod RABBIT De Exhibici\u00f3n, el complemento perfecto para la configuraci\u00f3n de cualquier<\/p>","protected":false},"featured_media":0,"comment_status":"open","ping_status":"closed","template":"","meta":[],"product_brand":[],"product_cat":[95],"product_tag":[],"class_list":{"0":"post-27696","1":"product","2":"type-product","3":"status-publish","5":"product_cat-especiales","7":"first","8":"instock","9":"shipping-taxable","10":"purchasable","11":"product-type-simple"},"_links":{"self":[{"href":"https:\/\/zijin12.com\/en\/wp-json\/wp\/v2\/product\/27696","targetHints":{"allow":["GET"]}}],"collection":[{"href":"https:\/\/zijin12.com\/en\/wp-json\/wp\/v2\/product"}],"about":[{"href":"https:\/\/zijin12.com\/en\/wp-json\/wp\/v2\/types\/product"}],"replies":[{"embeddable":true,"href":"https:\/\/zijin12.com\/en\/wp-json\/wp\/v2\/comments?post=27696"}],"version-history":[{"count":0,"href":"https:\/\/zijin12.com\/en\/wp-json\/wp\/v2\/product\/27696\/revisions"}],"wp:attachment":[{"href":"https:\/\/zijin12.com\/en\/wp-json\/wp\/v2\/media?parent=27696"}],"wp:term":[{"taxonomy":"product_brand","embeddable":true,"href":"https:\/\/zijin12.com\/en\/wp-json\/wp\/v2\/product_brand?post=27696"},{"taxonomy":"product_cat","embeddable":true,"href":"https:\/\/zijin12.com\/en\/wp-json\/wp\/v2\/product_cat?post=27696"},{"taxonomy":"product_tag","embeddable":true,"href":"https:\/\/zijin12.com\/en\/wp-json\/wp\/v2\/product_tag?post=27696"}],"curies":[{"name":"wp","href":"https:\/\/api.w.org\/{rel}","templated":true}]}}