{"id":27697,"date":"2025-03-17T08:09:53","date_gmt":"2025-03-17T08:09:53","guid":{"rendered":"https:\/\/zijin12.com\/product\/carrito-con-bandeja-multiusos-de-exhibicion\/"},"modified":"2025-03-17T08:09:53","modified_gmt":"2025-03-17T08:09:53","slug":"carrito-con-bandeja-multiusos-de-exhibicion","status":"publish","type":"product","link":"https:\/\/zijin12.com\/en\/product\/carrito-con-bandeja-multiusos-de-exhibicion\/","title":{"rendered":"Carrito Con Bandeja Multiusos De Exhibici\u00f3n"},"content":{"rendered":"<p>=DISPONIBLE PARA ENTREGA INMEDIATA=<\/p>\n<p>&nbsp;<\/p>\n<p>Presentamos nuestro Carrito Con Bandeja Multiusos De Exhibici\u00f3n, perfecto para organizar y exhibir tus productos y herramientas de belleza en tu sal\u00f3n de belleza o barber\u00eda. Este carrito est\u00e1 en perfectas condiciones y listo para ser utilizado, aunque no cuenta con garant\u00eda ya que es un producto de exhibici\u00f3n. Este exclusivo carrito solo se puede encontrar en el show room de la CDMX o en nuestras bodegas de Quer\u00e9taro, por lo que tendr\u00e1s que visitarnos para adquirirlo. Con su&nbsp;bandeja&nbsp;multiusos, este carrito te permitir\u00e1 tener todo al alcance de tus manos mientras trabajas en tus clientes, \u00a1no te quedes sin el tuyo!<\/p>","protected":false},"excerpt":{"rendered":"<p>=DISPONIBLE PARA ENTREGA INMEDIATA= &nbsp; Presentamos nuestro Carrito Con Bandeja Multiusos De Exhibici\u00f3n, perfecto para organizar y exhibir tus productos<\/p>","protected":false},"featured_media":0,"comment_status":"open","ping_status":"closed","template":"","meta":[],"product_brand":[],"product_cat":[95],"product_tag":[],"class_list":{"0":"post-27697","1":"product","2":"type-product","3":"status-publish","5":"product_cat-especiales","7":"first","8":"instock","9":"shipping-taxable","10":"purchasable","11":"product-type-simple"},"_links":{"self":[{"href":"https:\/\/zijin12.com\/en\/wp-json\/wp\/v2\/product\/27697","targetHints":{"allow":["GET"]}}],"collection":[{"href":"https:\/\/zijin12.com\/en\/wp-json\/wp\/v2\/product"}],"about":[{"href":"https:\/\/zijin12.com\/en\/wp-json\/wp\/v2\/types\/product"}],"replies":[{"embeddable":true,"href":"https:\/\/zijin12.com\/en\/wp-json\/wp\/v2\/comments?post=27697"}],"version-history":[{"count":0,"href":"https:\/\/zijin12.com\/en\/wp-json\/wp\/v2\/product\/27697\/revisions"}],"wp:attachment":[{"href":"https:\/\/zijin12.com\/en\/wp-json\/wp\/v2\/media?parent=27697"}],"wp:term":[{"taxonomy":"product_brand","embeddable":true,"href":"https:\/\/zijin12.com\/en\/wp-json\/wp\/v2\/product_brand?post=27697"},{"taxonomy":"product_cat","embeddable":true,"href":"https:\/\/zijin12.com\/en\/wp-json\/wp\/v2\/product_cat?post=27697"},{"taxonomy":"product_tag","embeddable":true,"href":"https:\/\/zijin12.com\/en\/wp-json\/wp\/v2\/product_tag?post=27697"}],"curies":[{"name":"wp","href":"https:\/\/api.w.org\/{rel}","templated":true}]}}