{"id":27698,"date":"2025-03-17T08:09:53","date_gmt":"2025-03-17T08:09:53","guid":{"rendered":"https:\/\/zijin12.com\/product\/lava-cabezas-portatil-de-exhibicion\/"},"modified":"2025-03-17T08:09:53","modified_gmt":"2025-03-17T08:09:53","slug":"lava-cabezas-portatil-de-exhibicion","status":"publish","type":"product","link":"https:\/\/zijin12.com\/en\/product\/lava-cabezas-portatil-de-exhibicion\/","title":{"rendered":"Lava Cabezas Port\u00e1til De Exhibici\u00f3n"},"content":{"rendered":"<p>=DISPONIBLE PARA ENTREGA INMEDIATA=<\/p>\n<p>&nbsp;<\/p>\n<p>Presentamos Lava Cabezas Port\u00e1til De Exhibici\u00f3n: el complemento perfecto para cualquier sal\u00f3n de belleza. Este producto es un modelo de exhibicion&nbsp;en perfecto estado,Tenga en cuenta que este producto no viene con garant\u00eda, pero se garantiza que estar\u00e1 en perfecto estado de funcionamiento. Solo puedes encontrar el Lava Cabezas Port\u00e1til De Exhibici\u00f3n en nuestro showroom en CDMX o en nuestros almacenes en Quer\u00e9taro. No pierdas esta oportunidad exclusiva de mejorar el equipamiento de tu sal\u00f3n con esta estaci\u00f3n de champ\u00fa port\u00e1til de primera l\u00ednea.<\/p>\n<p>&nbsp;<\/p>\n<p>&nbsp;<\/p>","protected":false},"excerpt":{"rendered":"<p>=DISPONIBLE PARA ENTREGA INMEDIATA= &nbsp; Presentamos Lava Cabezas Port\u00e1til De Exhibici\u00f3n: el complemento perfecto para cualquier sal\u00f3n de belleza. Este<\/p>","protected":false},"featured_media":0,"comment_status":"open","ping_status":"closed","template":"","meta":[],"product_brand":[],"product_cat":[95],"product_tag":[],"class_list":{"0":"post-27698","1":"product","2":"type-product","3":"status-publish","5":"product_cat-especiales","7":"first","8":"instock","9":"shipping-taxable","10":"purchasable","11":"product-type-simple"},"_links":{"self":[{"href":"https:\/\/zijin12.com\/en\/wp-json\/wp\/v2\/product\/27698","targetHints":{"allow":["GET"]}}],"collection":[{"href":"https:\/\/zijin12.com\/en\/wp-json\/wp\/v2\/product"}],"about":[{"href":"https:\/\/zijin12.com\/en\/wp-json\/wp\/v2\/types\/product"}],"replies":[{"embeddable":true,"href":"https:\/\/zijin12.com\/en\/wp-json\/wp\/v2\/comments?post=27698"}],"version-history":[{"count":0,"href":"https:\/\/zijin12.com\/en\/wp-json\/wp\/v2\/product\/27698\/revisions"}],"wp:attachment":[{"href":"https:\/\/zijin12.com\/en\/wp-json\/wp\/v2\/media?parent=27698"}],"wp:term":[{"taxonomy":"product_brand","embeddable":true,"href":"https:\/\/zijin12.com\/en\/wp-json\/wp\/v2\/product_brand?post=27698"},{"taxonomy":"product_cat","embeddable":true,"href":"https:\/\/zijin12.com\/en\/wp-json\/wp\/v2\/product_cat?post=27698"},{"taxonomy":"product_tag","embeddable":true,"href":"https:\/\/zijin12.com\/en\/wp-json\/wp\/v2\/product_tag?post=27698"}],"curies":[{"name":"wp","href":"https:\/\/api.w.org\/{rel}","templated":true}]}}