{"id":27699,"date":"2025-03-17T08:09:54","date_gmt":"2025-03-17T08:09:54","guid":{"rendered":"https:\/\/zijin12.com\/product\/sillon-mod-b-color-rojo-de-exhibicion\/"},"modified":"2025-03-17T08:09:54","modified_gmt":"2025-03-17T08:09:54","slug":"sillon-mod-b-color-rojo-de-exhibicion","status":"publish","type":"product","link":"https:\/\/zijin12.com\/en\/product\/sillon-mod-b-color-rojo-de-exhibicion\/","title":{"rendered":"Sillon Mod B Color Rojo De Exhibici\u00f3n"},"content":{"rendered":"<p>=DISPONIBLE PARA ENTREGA INMEDIATA=<\/p>\n<p>&nbsp;<\/p>\n<p>\u00a1Presentamos el Sillon Mod B Color Rojo De Exhibici\u00f3n, el complemento perfecto para cualquier barber\u00eda! Esta elegante silla de exhibici\u00f3n roja cuenta con un pist\u00f3n hidr\u00e1ulico para un f\u00e1cil ajuste de altura, un c\u00f3modo reposacabezas y una funci\u00f3n reclinable para la m\u00e1xima relajaci\u00f3n del cliente. Este producto es un modelo de expositor en perfecto estado, listo para realzar el dise\u00f1o interior de tu tienda. Si bien no viene con garant\u00eda, puede confiar en que ha recibido un buen mantenimiento y se encuentra en excelentes condiciones de funcionamiento. El Sillon Mod B Color Rojo De Exhibici\u00f3n est\u00e1 disponible exclusivamente para su compra en nuestro showroom de CDMX o en nuestras bodegas en Quer\u00e9taro. \u00a1No pierdas la oportunidad de llevar esta silla de calidad profesional a tu establecimiento!<\/p>","protected":false},"excerpt":{"rendered":"<p>=DISPONIBLE PARA ENTREGA INMEDIATA= &nbsp; \u00a1Presentamos el Sillon Mod B Color Rojo De Exhibici\u00f3n, el complemento perfecto para cualquier barber\u00eda!<\/p>","protected":false},"featured_media":0,"comment_status":"open","ping_status":"closed","template":"","meta":[],"product_brand":[],"product_cat":[95],"product_tag":[],"class_list":{"0":"post-27699","1":"product","2":"type-product","3":"status-publish","5":"product_cat-especiales","7":"first","8":"outofstock","9":"shipping-taxable","10":"purchasable","11":"product-type-simple"},"_links":{"self":[{"href":"https:\/\/zijin12.com\/en\/wp-json\/wp\/v2\/product\/27699","targetHints":{"allow":["GET"]}}],"collection":[{"href":"https:\/\/zijin12.com\/en\/wp-json\/wp\/v2\/product"}],"about":[{"href":"https:\/\/zijin12.com\/en\/wp-json\/wp\/v2\/types\/product"}],"replies":[{"embeddable":true,"href":"https:\/\/zijin12.com\/en\/wp-json\/wp\/v2\/comments?post=27699"}],"version-history":[{"count":0,"href":"https:\/\/zijin12.com\/en\/wp-json\/wp\/v2\/product\/27699\/revisions"}],"wp:attachment":[{"href":"https:\/\/zijin12.com\/en\/wp-json\/wp\/v2\/media?parent=27699"}],"wp:term":[{"taxonomy":"product_brand","embeddable":true,"href":"https:\/\/zijin12.com\/en\/wp-json\/wp\/v2\/product_brand?post=27699"},{"taxonomy":"product_cat","embeddable":true,"href":"https:\/\/zijin12.com\/en\/wp-json\/wp\/v2\/product_cat?post=27699"},{"taxonomy":"product_tag","embeddable":true,"href":"https:\/\/zijin12.com\/en\/wp-json\/wp\/v2\/product_tag?post=27699"}],"curies":[{"name":"wp","href":"https:\/\/api.w.org\/{rel}","templated":true}]}}