{"id":27700,"date":"2025-03-17T08:09:54","date_gmt":"2025-03-17T08:09:54","guid":{"rendered":"https:\/\/zijin12.com\/product\/silla-mod-s-color-rojo-de-exhicion\/"},"modified":"2025-03-17T08:09:54","modified_gmt":"2025-03-17T08:09:54","slug":"silla-mod-s-color-rojo-de-exhicion","status":"publish","type":"product","link":"https:\/\/zijin12.com\/en\/product\/silla-mod-s-color-rojo-de-exhicion\/","title":{"rendered":"Silla Mod S Color Rojo De Exhicion"},"content":{"rendered":"<p>=DISPONIBLE PARA ENTREGA INMEDIATA=<\/p>\n<p>&nbsp;<\/p>\n<p>Presentamos la Silla Mod S Color Rojo De Exhicion, el complemento perfecto para cualquier barber\u00eda. Esta silla hidr\u00e1ulica elegante y con estilo est\u00e1 dise\u00f1ada para brindar la m\u00e1xima comodidad y soporte durante los cortes de cabello y las sesiones de arreglo personal. Tenga en cuenta que este producto no es reclinable y es un art\u00edculo de exposici\u00f3n en perfecto estado, sin garant\u00eda incluida. Esta exclusiva silla solo podr\u00e1s encontrar en nuestro show room en CDMX o en nuestros almacenes en Quer\u00e9taro. \u00a1No te pierdas esta pieza \u00fanica para tu barber\u00eda!<\/p>","protected":false},"excerpt":{"rendered":"<p>=DISPONIBLE PARA ENTREGA INMEDIATA= &nbsp; Presentamos la Silla Mod S Color Rojo De Exhicion, el complemento perfecto para cualquier barber\u00eda.<\/p>","protected":false},"featured_media":0,"comment_status":"open","ping_status":"closed","template":"","meta":[],"product_brand":[],"product_cat":[95],"product_tag":[],"class_list":{"0":"post-27700","1":"product","2":"type-product","3":"status-publish","5":"product_cat-especiales","7":"first","8":"instock","9":"shipping-taxable","10":"purchasable","11":"product-type-simple"},"_links":{"self":[{"href":"https:\/\/zijin12.com\/en\/wp-json\/wp\/v2\/product\/27700","targetHints":{"allow":["GET"]}}],"collection":[{"href":"https:\/\/zijin12.com\/en\/wp-json\/wp\/v2\/product"}],"about":[{"href":"https:\/\/zijin12.com\/en\/wp-json\/wp\/v2\/types\/product"}],"replies":[{"embeddable":true,"href":"https:\/\/zijin12.com\/en\/wp-json\/wp\/v2\/comments?post=27700"}],"version-history":[{"count":0,"href":"https:\/\/zijin12.com\/en\/wp-json\/wp\/v2\/product\/27700\/revisions"}],"wp:attachment":[{"href":"https:\/\/zijin12.com\/en\/wp-json\/wp\/v2\/media?parent=27700"}],"wp:term":[{"taxonomy":"product_brand","embeddable":true,"href":"https:\/\/zijin12.com\/en\/wp-json\/wp\/v2\/product_brand?post=27700"},{"taxonomy":"product_cat","embeddable":true,"href":"https:\/\/zijin12.com\/en\/wp-json\/wp\/v2\/product_cat?post=27700"},{"taxonomy":"product_tag","embeddable":true,"href":"https:\/\/zijin12.com\/en\/wp-json\/wp\/v2\/product_tag?post=27700"}],"curies":[{"name":"wp","href":"https:\/\/api.w.org\/{rel}","templated":true}]}}