{"id":27701,"date":"2025-03-17T08:09:54","date_gmt":"2025-03-17T08:09:54","guid":{"rendered":"https:\/\/zijin12.com\/product\/sillon-mod-bx-color-verde-de-exhibicion\/"},"modified":"2025-03-17T08:09:54","modified_gmt":"2025-03-17T08:09:54","slug":"sillon-mod-bx-color-verde-de-exhibicion","status":"publish","type":"product","link":"https:\/\/zijin12.com\/en\/product\/sillon-mod-bx-color-verde-de-exhibicion\/","title":{"rendered":"Sill\u00f3n Mod BX Color Verde De Exhibici\u00f3n"},"content":{"rendered":"<p>=DISPONIBLE PARA ENTREGA INMEDIATA=<\/p>\n<p>&nbsp;<\/p>\n<p>\u00a1Dale a tu barber\u00eda un toque de estilo y comodidad con nuestro Sill\u00f3n Mod BX Color Verde de Exhibici\u00f3n! Este moderno sill\u00f3n en color verde es perfecto para darle un toque fresco y llamativo a tu espacio. El modelo de exhibici\u00f3n no cuenta con garant\u00eda, pero su calidad y durabilidad lo hacen una excelente opci\u00f3n para tu negocio. Este elegante sill\u00f3n solo se puede encontrar en el show room de la CDMX o en las bodegas de Quer\u00e9taro, as\u00ed que no te pierdas la oportunidad de adquirirlo y darle a tu barber\u00eda un toque \u00fanico y atractivo. \u00a1No esperes m\u00e1s para darle un cambio incre\u00edble a tu espacio de trabajo!<\/p>\n<p>&nbsp;<\/p>\n<p>&nbsp;<\/p>\n<p>&nbsp;<\/p>","protected":false},"excerpt":{"rendered":"<p>=DISPONIBLE PARA ENTREGA INMEDIATA= &nbsp; \u00a1Dale a tu barber\u00eda un toque de estilo y comodidad con nuestro Sill\u00f3n Mod BX<\/p>","protected":false},"featured_media":0,"comment_status":"open","ping_status":"closed","template":"","meta":[],"product_brand":[],"product_cat":[95],"product_tag":[],"class_list":{"0":"post-27701","1":"product","2":"type-product","3":"status-publish","5":"product_cat-especiales","7":"first","8":"outofstock","9":"shipping-taxable","10":"purchasable","11":"product-type-simple"},"_links":{"self":[{"href":"https:\/\/zijin12.com\/en\/wp-json\/wp\/v2\/product\/27701","targetHints":{"allow":["GET"]}}],"collection":[{"href":"https:\/\/zijin12.com\/en\/wp-json\/wp\/v2\/product"}],"about":[{"href":"https:\/\/zijin12.com\/en\/wp-json\/wp\/v2\/types\/product"}],"replies":[{"embeddable":true,"href":"https:\/\/zijin12.com\/en\/wp-json\/wp\/v2\/comments?post=27701"}],"version-history":[{"count":0,"href":"https:\/\/zijin12.com\/en\/wp-json\/wp\/v2\/product\/27701\/revisions"}],"wp:attachment":[{"href":"https:\/\/zijin12.com\/en\/wp-json\/wp\/v2\/media?parent=27701"}],"wp:term":[{"taxonomy":"product_brand","embeddable":true,"href":"https:\/\/zijin12.com\/en\/wp-json\/wp\/v2\/product_brand?post=27701"},{"taxonomy":"product_cat","embeddable":true,"href":"https:\/\/zijin12.com\/en\/wp-json\/wp\/v2\/product_cat?post=27701"},{"taxonomy":"product_tag","embeddable":true,"href":"https:\/\/zijin12.com\/en\/wp-json\/wp\/v2\/product_tag?post=27701"}],"curies":[{"name":"wp","href":"https:\/\/api.w.org\/{rel}","templated":true}]}}