{"id":27702,"date":"2025-03-17T08:09:54","date_gmt":"2025-03-17T08:09:54","guid":{"rendered":"https:\/\/zijin12.com\/product\/silla-mod-w-color-negro-de-exhibicion\/"},"modified":"2025-03-17T08:09:54","modified_gmt":"2025-03-17T08:09:54","slug":"silla-mod-w-color-negro-de-exhibicion","status":"publish","type":"product","link":"https:\/\/zijin12.com\/en\/product\/silla-mod-w-color-negro-de-exhibicion\/","title":{"rendered":"Silla Mod W Color  Negro De Exhibici\u00f3n"},"content":{"rendered":"<p>=DISPONIBLE PARA ENTREGA INMEDIATA=<\/p>\n<p>&nbsp;<\/p>\n<p>Presentamos la Silla Mod W Color Negro De Exhibici\u00f3n, una adici\u00f3n elegante y moderna a cualquier barber\u00eda. Esta silla de exhibici\u00f3n en buen estado es perfecta para a\u00f1adir un toque de estilo y comodidad a tu barber\u00eda. Tenga en cuenta que no viene con garant\u00eda y solo est\u00e1 disponible para recoger en nuestro show room en CDMX o en nuestros almacenes en Quer\u00e9taro. No pierdas la oportunidad de mejorar tu barber\u00eda con esta silla elegante y duradera. \u00a1Vis\u00edtanos para verlo en persona y hacerlo parte de tu tienda hoy!<\/p>","protected":false},"excerpt":{"rendered":"<p>=DISPONIBLE PARA ENTREGA INMEDIATA= &nbsp; Presentamos la Silla Mod W Color Negro De Exhibici\u00f3n, una adici\u00f3n elegante y moderna a<\/p>","protected":false},"featured_media":0,"comment_status":"open","ping_status":"closed","template":"","meta":[],"product_brand":[],"product_cat":[95],"product_tag":[],"class_list":{"0":"post-27702","1":"product","2":"type-product","3":"status-publish","5":"product_cat-especiales","7":"first","8":"outofstock","9":"shipping-taxable","10":"purchasable","11":"product-type-simple"},"_links":{"self":[{"href":"https:\/\/zijin12.com\/en\/wp-json\/wp\/v2\/product\/27702","targetHints":{"allow":["GET"]}}],"collection":[{"href":"https:\/\/zijin12.com\/en\/wp-json\/wp\/v2\/product"}],"about":[{"href":"https:\/\/zijin12.com\/en\/wp-json\/wp\/v2\/types\/product"}],"replies":[{"embeddable":true,"href":"https:\/\/zijin12.com\/en\/wp-json\/wp\/v2\/comments?post=27702"}],"version-history":[{"count":0,"href":"https:\/\/zijin12.com\/en\/wp-json\/wp\/v2\/product\/27702\/revisions"}],"wp:attachment":[{"href":"https:\/\/zijin12.com\/en\/wp-json\/wp\/v2\/media?parent=27702"}],"wp:term":[{"taxonomy":"product_brand","embeddable":true,"href":"https:\/\/zijin12.com\/en\/wp-json\/wp\/v2\/product_brand?post=27702"},{"taxonomy":"product_cat","embeddable":true,"href":"https:\/\/zijin12.com\/en\/wp-json\/wp\/v2\/product_cat?post=27702"},{"taxonomy":"product_tag","embeddable":true,"href":"https:\/\/zijin12.com\/en\/wp-json\/wp\/v2\/product_tag?post=27702"}],"curies":[{"name":"wp","href":"https:\/\/api.w.org\/{rel}","templated":true}]}}