{"id":27703,"date":"2025-03-17T08:09:54","date_gmt":"2025-03-17T08:09:54","guid":{"rendered":"https:\/\/zijin12.com\/product\/organizador-para-maquillaje-de-acrilico-con-rotacion-360o\/"},"modified":"2025-03-17T08:09:54","modified_gmt":"2025-03-17T08:09:54","slug":"organizador-para-maquillaje-de-acrilico-con-rotacion-360o","status":"publish","type":"product","link":"https:\/\/zijin12.com\/en\/product\/organizador-para-maquillaje-de-acrilico-con-rotacion-360o\/","title":{"rendered":"Organizador Para Maquillaje De Acr\u00edlico Con Rotaci\u00f3n 360\u00ba"},"content":{"rendered":"<p>=DISPONIBLE PARA ENVIO INMEDIATO=<\/p>\n<p>Producto Original Marca XIIRDIndustries&nbsp;<\/p>\n<p>Todos nuestros productos son de la m\u00e1s alta calidad ya que somos fabricantes con presencia global, contamos con oficinas en M\u00e9xico y China para brindarte la mejor atenci\u00f3n.<\/p>\n<p>&nbsp;<\/p>\n<p>*En caso de requerir factura favor de solicitarla dentro de un periodo de 3 d\u00edas h\u00e1biles posterior a la compra, en caso contrario la factura no podr\u00e1 ser procesada.<\/p>\n<p>&nbsp;<\/p>\n<p>=DESCRIPCION DEL PRODUCTO=<\/p>\n<p>&nbsp;<\/p>\n<p>Este organizador de maquillaje de tocador est\u00e1 hecho de material acr\u00edlico transparente de alta calidad, que es grueso y duradero. El dise\u00f1o de diamantes en los bordes superior e inferior lo hace lucir m\u00e1s hermoso. Se puede girar 360 grados y la ruleta de alta calidad en la parte inferior hace que la rotaci\u00f3n sea muy suave, estable y sin ruido. El dise\u00f1o giratorio le permite obtener f\u00e1cilmente elementos de todos los lados. El conjunto est\u00e1 dividido en cuatro espacios con particiones, y se pueden colocar particiones en cada \u00e1rea y la altura puede ser ajustado Si bien logra un tama\u00f1o peque\u00f1o, tiene m\u00e1s espacio de almacenamiento, y el \u00e1rea superior tambi\u00e9n puede almacenar brochas de maquillaje, l\u00e1pices labiales y m\u00e1s.<\/p>","protected":false},"excerpt":{"rendered":"<p>=DISPONIBLE PARA ENVIO INMEDIATO= Producto Original Marca XIIRDIndustries&nbsp; Todos nuestros productos son de la m\u00e1s alta calidad ya que somos<\/p>","protected":false},"featured_media":0,"comment_status":"open","ping_status":"closed","template":"","meta":[],"product_brand":[],"product_cat":[95],"product_tag":[],"class_list":{"0":"post-27703","1":"product","2":"type-product","3":"status-publish","5":"product_cat-especiales","7":"first","8":"instock","9":"shipping-taxable","10":"purchasable","11":"product-type-simple"},"_links":{"self":[{"href":"https:\/\/zijin12.com\/en\/wp-json\/wp\/v2\/product\/27703","targetHints":{"allow":["GET"]}}],"collection":[{"href":"https:\/\/zijin12.com\/en\/wp-json\/wp\/v2\/product"}],"about":[{"href":"https:\/\/zijin12.com\/en\/wp-json\/wp\/v2\/types\/product"}],"replies":[{"embeddable":true,"href":"https:\/\/zijin12.com\/en\/wp-json\/wp\/v2\/comments?post=27703"}],"version-history":[{"count":0,"href":"https:\/\/zijin12.com\/en\/wp-json\/wp\/v2\/product\/27703\/revisions"}],"wp:attachment":[{"href":"https:\/\/zijin12.com\/en\/wp-json\/wp\/v2\/media?parent=27703"}],"wp:term":[{"taxonomy":"product_brand","embeddable":true,"href":"https:\/\/zijin12.com\/en\/wp-json\/wp\/v2\/product_brand?post=27703"},{"taxonomy":"product_cat","embeddable":true,"href":"https:\/\/zijin12.com\/en\/wp-json\/wp\/v2\/product_cat?post=27703"},{"taxonomy":"product_tag","embeddable":true,"href":"https:\/\/zijin12.com\/en\/wp-json\/wp\/v2\/product_tag?post=27703"}],"curies":[{"name":"wp","href":"https:\/\/api.w.org\/{rel}","templated":true}]}}