{"id":27717,"date":"2025-03-17T02:09:55","date_gmt":"2025-03-17T08:09:55","guid":{"rendered":"https:\/\/zijin12.com\/product\/jaula-transportadora-para-mascota-perro-o-gato\/"},"modified":"2025-09-09T13:31:57","modified_gmt":"2025-09-09T19:31:57","slug":"jaula-transportadora-para-mascota-perro-o-gato","status":"publish","type":"product","link":"https:\/\/zijin12.com\/en\/product\/jaula-transportadora-para-mascota-perro-o-gato\/","title":{"rendered":"JAULA TRANSPORTADORA PARA MASCOTA PERRO O GATO PEQUE\u00d1O\/MEDIANO"},"content":{"rendered":"<p>PRODUCTO DISPONIBLE PARA ENV\u00cdO INMEDIATO<br \/>\nMarca: XIIRD | Producto Original.<\/p>\n<p>TRANSPORTADORA GULAG6 PARA MASCOTAS PEQUE\u00d1AS \u2013 Seguridad y Comodidad en Cada Viaje<\/p>\n<p>\u00bfBuscas una transportadora de mascotas pr\u00e1ctica, resistente y econ\u00f3mica para tu perro peque\u00f1o, cachorro o gato? La Transportadora GULAG6 es la soluci\u00f3n perfecta para llevar a tu compa\u00f1ero peludo con seguridad y estilo.<\/p>\n<p>CARACTERISTICAS:<br \/>\n&#8211; Ideal para razas peque\u00f1as o cachorros (hasta 6 kg)<br \/>\n&#8211; Material resistente y duradero<br \/>\n&#8211; Puerta met\u00e1lica reforzada para mayor seguridad<br \/>\n&#8211; Liviana y f\u00e1cil de transportar (solo 1.7 kg)<br \/>\n&#8211; Medidas compactas: 48 cm (largo) x 30 cm (ancho) x 32 cm (alto)<\/p>\n<p>DISE\u00d1ADA PARA TU COMI\u00bfODIDAD Y BIENESTAR:<br \/>\n&#8211; Lleva a tu mascota al veterinario, de viaje o a pasear sin preocupaciones. Su estructura s\u00f3lida y su puerta met\u00e1lica garantizan que tu peludo est\u00e9 protegido en todo momento.<br \/>\n\u00a1Perfecta para due\u00f1os pr\u00e1cticos!<\/p>\n<p>BENEFICIOS:<br \/>\n&#8211; F\u00e1cil de limpiar y almacenar.<br \/>\n&#8211; Espacio suficiente para que tu mascota viaje c\u00f3moda.<br \/>\n&#8211; Ideal para gatos, perros peque\u00f1os o cachorros.<\/p>\n<p>\u00bfPor qu\u00e9 elegir la Transportadora GULAG6?<br \/>\n&#8211; Calidad a precio accesible \u2013 Una de las transportadoras econ\u00f3micas y baratas m\u00e1s resistentes del mercado.<br \/>\n&#8211; Seguridad garantizada \u2013 Puerta met\u00e1lica que evita escapes.<br \/>\n&#8211; Portabilidad \u2013 Ligera pero robusta, perfecta para moverte por la ciudad.<\/p>\n<p>\u00a1ATENCI\u00d3N!<br \/>\n&#8211; Mide a tu mascota antes de comprar (medidas armadas: 48x30x32 cm).<br \/>\n&#8211; Recomendada para mascotas de hasta 6 kg.<\/p>\n<p>Ll\u00e9vate la mejor transportadora para perros y gatos al mejor precio. \u00a1Haz tu pedido hoy y viaja con tu mascota de manera segura y c\u00f3moda!<\/p>","protected":false},"excerpt":{"rendered":"<div class=\"ui-vpp-striped-specs\">\n<div class=\"ui-vpp-striped-specs__table\">\n<h3 class=\"ui-vpp-striped-specs__header\">Caracter\u00edsticas principales<\/h3>\n<table class=\"andes-table\">\n<tbody class=\"andes-table__body\">\n<tr class=\"andes-table__row ui-vpp-striped-specs__row\">\n<th class=\"andes-table__header andes-table__header--left ui-vpp-striped-specs__row__column ui-vpp-striped-specs__row__column--id\" scope=\"row\">\n<div class=\"andes-table__header__container\">Marca<\/div>\n<\/th>\n<td id=\":Rknlbkulqc5e:\" class=\"andes-table__column andes-table__column--left andes-table__column--vertical-align-center ui-vpp-striped-specs__row__column\"><span id=\":Rknlbkulqc5e:-value\" class=\"andes-table__column--value\">Xiird<\/span><\/td>\n<\/tr>\n<tr class=\"andes-table__row ui-vpp-striped-specs__row\">\n<th class=\"andes-table__header andes-table__header--left ui-vpp-striped-specs__row__column ui-vpp-striped-specs__row__column--id\" scope=\"row\">\n<div class=\"andes-table__header__container\">Modelo<\/div>\n<\/th>\n<td id=\":Rkrlbkulqc5e:\" class=\"andes-table__column andes-table__column--left andes-table__column--vertical-align-center ui-vpp-striped-specs__row__column\"><span id=\":Rkrlbkulqc5e:-value\" class=\"andes-table__column--value\">Jaula<\/span><\/td>\n<\/tr>\n<\/tbody>\n<\/table>\n<\/div>\n<\/div>\n<div class=\"ui-vpp-striped-specs\">\n<div class=\"ui-vpp-striped-specs__table\">\n<h3 class=\"ui-vpp-striped-specs__header\">Otros<\/h3>\n<table class=\"andes-table\">\n<tbody class=\"andes-table__body\">\n<tr class=\"andes-table__row ui-vpp-striped-specs__row\">\n<th class=\"andes-table__header andes-table__header--left ui-vpp-striped-specs__row__column ui-vpp-striped-specs__row__column--id\" scope=\"row\">\n<div class=\"andes-table__header__container\">Mascota recomendada<\/div>\n<\/th>\n<td id=\":R2i7mbkulqc5e:\" class=\"andes-table__column andes-table__column--left andes-table__column--vertical-align-center ui-vpp-striped-specs__row__column\"><span id=\":R2i7mbkulqc5e:-value\" class=\"andes-table__column--value\">Perro\/Gato<\/span><\/td>\n<\/tr>\n<tr class=\"andes-table__row ui-vpp-striped-specs__row\">\n<th class=\"andes-table__header andes-table__header--left ui-vpp-striped-specs__row__column ui-vpp-striped-specs__row__column--id\" scope=\"row\">\n<div class=\"andes-table__header__container\">Tipo de transporte<\/div>\n<\/th>\n<td id=\":R2ibmbkulqc5e:\" class=\"andes-table__column andes-table__column--left andes-table__column--vertical-align-center ui-vpp-striped-specs__row__column\"><span id=\":R2ibmbkulqc5e:-value\" class=\"andes-table__column--value\">Jaula<\/span><\/td>\n<\/tr>\n<tr class=\"andes-table__row ui-vpp-striped-specs__row\">\n<th class=\"andes-table__header andes-table__header--left ui-vpp-striped-specs__row__column ui-vpp-striped-specs__row__column--id\" scope=\"row\">\n<div class=\"andes-table__header__container\">Material de la bolsa<\/div>\n<\/th>\n<td id=\":R2ifmbkulqc5e:\" class=\"andes-table__column andes-table__column--left andes-table__column--vertical-align-center ui-vpp-striped-specs__row__column\"><span id=\":R2ifmbkulqc5e:-value\" class=\"andes-table__column--value\">Pl\u00e1stico<\/span><\/td>\n<\/tr>\n<tr class=\"andes-table__row ui-vpp-striped-specs__row\">\n<th class=\"andes-table__header andes-table__header--left ui-vpp-striped-specs__row__column ui-vpp-striped-specs__row__column--id\" scope=\"row\">\n<div class=\"andes-table__header__container\">Es apto para cabinas de avi\u00f3n<\/div>\n<\/th>\n<td id=\":R2ijmbkulqc5e:\" class=\"andes-table__column andes-table__column--left andes-table__column--vertical-align-center ui-vpp-striped-specs__row__column\"><span id=\":R2ijmbkulqc5e:-value\" class=\"andes-table__column--value\">No<\/span><\/td>\n<\/tr>\n<tr class=\"andes-table__row ui-vpp-striped-specs__row\">\n<th class=\"andes-table__header andes-table__header--left ui-vpp-striped-specs__row__column ui-vpp-striped-specs__row__column--id\" scope=\"row\">\n<div class=\"andes-table__header__container\">Con ventilaci\u00f3n<\/div>\n<\/th>\n<td id=\":R2inmbkulqc5e:\" class=\"andes-table__column andes-table__column--left andes-table__column--vertical-align-center ui-vpp-striped-specs__row__column\"><span id=\":R2inmbkulqc5e:-value\" class=\"andes-table__column--value\">S\u00ed<\/span><\/td>\n<\/tr>\n<tr class=\"andes-table__row ui-vpp-striped-specs__row\">\n<th class=\"andes-table__header andes-table__header--left ui-vpp-striped-specs__row__column ui-vpp-striped-specs__row__column--id\" scope=\"row\">\n<div class=\"andes-table__header__container\">Es a prueba de agua<\/div>\n<\/th>\n<td id=\":R2irmbkulqc5e:\" class=\"andes-table__column andes-table__column--left andes-table__column--vertical-align-center ui-vpp-striped-specs__row__column\"><span id=\":R2irmbkulqc5e:-value\" class=\"andes-table__column--value\">No<\/span><\/td>\n<\/tr>\n<tr class=\"andes-table__row ui-vpp-striped-specs__row\">\n<th class=\"andes-table__header andes-table__header--left ui-vpp-striped-specs__row__column ui-vpp-striped-specs__row__column--id\" scope=\"row\">\n<div class=\"andes-table__header__container\">Incluye alfombra interna<\/div>\n<\/th>\n<td id=\":R2ivmbkulqc5e:\" class=\"andes-table__column andes-table__column--left andes-table__column--vertical-align-center ui-vpp-striped-specs__row__column\"><span id=\":R2ivmbkulqc5e:-value\" class=\"andes-table__column--value\">S\u00ed<\/span><\/td>\n<\/tr>\n<tr class=\"andes-table__row ui-vpp-striped-specs__row\">\n<th class=\"andes-table__header andes-table__header--left ui-vpp-striped-specs__row__column ui-vpp-striped-specs__row__column--id\" scope=\"row\">\n<div class=\"andes-table__header__container\">Incluye bolsillos<\/div>\n<\/th>\n<td id=\":R2j3mbkulqc5e:\" class=\"andes-table__column andes-table__column--left andes-table__column--vertical-align-center ui-vpp-striped-specs__row__column\"><span id=\":R2j3mbkulqc5e:-value\" class=\"andes-table__column--value\">No<\/span><\/td>\n<\/tr>\n<\/tbody>\n<\/table>\n<\/div>\n<\/div>","protected":false},"featured_media":28833,"comment_status":"open","ping_status":"closed","template":"","meta":[],"product_brand":[],"product_cat":[145],"product_tag":[],"class_list":{"0":"post-27717","1":"product","2":"type-product","3":"status-publish","4":"has-post-thumbnail","6":"product_cat-hogar-oficina-mobiliario","8":"first","9":"instock","10":"shipping-taxable","11":"product-type-variable"},"_links":{"self":[{"href":"https:\/\/zijin12.com\/en\/wp-json\/wp\/v2\/product\/27717","targetHints":{"allow":["GET"]}}],"collection":[{"href":"https:\/\/zijin12.com\/en\/wp-json\/wp\/v2\/product"}],"about":[{"href":"https:\/\/zijin12.com\/en\/wp-json\/wp\/v2\/types\/product"}],"replies":[{"embeddable":true,"href":"https:\/\/zijin12.com\/en\/wp-json\/wp\/v2\/comments?post=27717"}],"version-history":[{"count":6,"href":"https:\/\/zijin12.com\/en\/wp-json\/wp\/v2\/product\/27717\/revisions"}],"predecessor-version":[{"id":30512,"href":"https:\/\/zijin12.com\/en\/wp-json\/wp\/v2\/product\/27717\/revisions\/30512"}],"wp:featuredmedia":[{"embeddable":true,"href":"https:\/\/zijin12.com\/en\/wp-json\/wp\/v2\/media\/28833"}],"wp:attachment":[{"href":"https:\/\/zijin12.com\/en\/wp-json\/wp\/v2\/media?parent=27717"}],"wp:term":[{"taxonomy":"product_brand","embeddable":true,"href":"https:\/\/zijin12.com\/en\/wp-json\/wp\/v2\/product_brand?post=27717"},{"taxonomy":"product_cat","embeddable":true,"href":"https:\/\/zijin12.com\/en\/wp-json\/wp\/v2\/product_cat?post=27717"},{"taxonomy":"product_tag","embeddable":true,"href":"https:\/\/zijin12.com\/en\/wp-json\/wp\/v2\/product_tag?post=27717"}],"curies":[{"name":"wp","href":"https:\/\/api.w.org\/{rel}","templated":true}]}}