{"id":27726,"date":"2025-03-17T08:09:57","date_gmt":"2025-03-17T08:09:57","guid":{"rendered":"https:\/\/zijin12.com\/product\/set-de-5-maletas-con-ruedas-360o-regalos-organizadores-y-protectores-pvc\/"},"modified":"2025-09-08T12:00:01","modified_gmt":"2025-09-08T18:00:01","slug":"set-de-5-maletas-con-ruedas-360o-regalos-organizadores-y-protectores-pvc","status":"publish","type":"product","link":"https:\/\/zijin12.com\/en\/product\/set-de-5-maletas-con-ruedas-360o-regalos-organizadores-y-protectores-pvc\/","title":{"rendered":"Set De 5 Maletas Con Ruedas 360\u00ba Regalos, Organizadores y Protectores Pvc"},"content":{"rendered":"<p>=DISPONIBLE PARA ENVIO INMEDIATO=<\/p>\n<p>&nbsp;<\/p>\n<p>Marca XIIRD Producto Original<\/p>\n<p>&nbsp;<\/p>\n<p>Todos nuestros productos son de la m\u00e1s alta calidad ya que somos fabricantes con presencia global, contamos con oficinas en M\u00e9xico y China para brindarte la mejor atenci\u00f3n.<\/p>\n<p>&nbsp;<\/p>\n<p>*En caso de requerir factura favor de solicitarla dentro de un periodo de 3 d\u00edas h\u00e1biles posterior a la compra, en caso contrario la factura no podr\u00e1 ser procesada.<\/p>\n<p>&nbsp;<\/p>\n<p>=DESCRIPCION DEL PRODUCTO=<\/p>\n<p>&nbsp;<\/p>\n<p>Disfruta de tus vacaciones sin preocuparte de tus pertenencias con este completo y elegante set de maletas, ideal para personas que desean tener el control de todo su equipaje y un extra para recuerdos.<br \/>Con su sistema Spinner de 4 ruedas dobles podr\u00e1s recorrer terminales y hoteles con el menor esfuerzo, ya que las llantas giran 360\u00ba para darte el mayor confort, su haza telesc\u00f3pica se adapta al tama\u00f1o de cualquier usuario.<br \/>Con su cubierta interior de nailon no tendr\u00e1s que preocuparte por la limpieza de la maleta, ya que con un trapo h\u00famedo lograr\u00e1s darle mantenimiento a profundidad, as\u00ed tu equipaje se encontrar\u00e1 limpio y sin malos olores .<\/p>\n<p>ESPECIFICACIONES:<br \/>&#8211; Estructura: Pl\u00e1stico de resistente ABS.<br \/>&#8211; 4 Ruedas de 360\u00ba<br \/>&#8211; Hazas de aluminio.<br \/>&#8211; 5&nbsp;piezas (,10&#8243;, 12&#8243;, 20&#8243;, 24&#8243; y 28&#8243;)<\/p>\n<p>MEDIDAS:<\/p>\n<p>&#8211; 10&#8243;: 27 x 16 x 21 cm<br \/>&#8211; 12&#8243;: 30 x 18 25 cm<br \/>&#8211; 20&#8243;: 53 x 34 x 19 cm<br \/>&#8211; 24&#8243;: 66 x 40 x 22 cm<br \/>&#8211; 28&#8243;: 76 x 46 x 26 cm<\/p>\n<p>PESO:<br \/>&#8211; 10&#8243;: 1.5Kg<br \/>&#8211; 12&#8243;: 1.8Kg<\/p>\n<p>&#8211; 20&#8243;: 2.6 Kg<br \/>&#8211; 24&#8243;: 3.4 Kg<br \/>&#8211; 28&#8243;: 4.2 Kg<\/p>\n<p>&nbsp;<\/p>\n<p>Incluye: 3 Protectores de Plastico PVC de 20&#8243;, 24&#8243; y 20&#8243;<\/p>\n<p>1 Organizardor para Maquillaje<\/p>\n<p>1 Organizador para Ropa<\/p>\n<p>1 Maleta de Mano Expandible y ligera<\/p>","protected":false},"excerpt":{"rendered":"<p>=DISPONIBLE PARA ENVIO INMEDIATO= &nbsp; Marca XIIRD Producto Original &nbsp; Todos nuestros productos son de la m\u00e1s alta calidad ya<\/p>","protected":false},"featured_media":0,"comment_status":"open","ping_status":"closed","template":"","meta":[],"product_brand":[156],"product_cat":[95],"product_tag":[],"class_list":{"0":"post-27726","1":"product","2":"type-product","3":"status-publish","5":"product_brand-xiird","6":"product_cat-especiales","8":"first","9":"outofstock","10":"shipping-taxable","11":"purchasable","12":"product-type-simple"},"_links":{"self":[{"href":"https:\/\/zijin12.com\/en\/wp-json\/wp\/v2\/product\/27726","targetHints":{"allow":["GET"]}}],"collection":[{"href":"https:\/\/zijin12.com\/en\/wp-json\/wp\/v2\/product"}],"about":[{"href":"https:\/\/zijin12.com\/en\/wp-json\/wp\/v2\/types\/product"}],"replies":[{"embeddable":true,"href":"https:\/\/zijin12.com\/en\/wp-json\/wp\/v2\/comments?post=27726"}],"version-history":[{"count":0,"href":"https:\/\/zijin12.com\/en\/wp-json\/wp\/v2\/product\/27726\/revisions"}],"wp:attachment":[{"href":"https:\/\/zijin12.com\/en\/wp-json\/wp\/v2\/media?parent=27726"}],"wp:term":[{"taxonomy":"product_brand","embeddable":true,"href":"https:\/\/zijin12.com\/en\/wp-json\/wp\/v2\/product_brand?post=27726"},{"taxonomy":"product_cat","embeddable":true,"href":"https:\/\/zijin12.com\/en\/wp-json\/wp\/v2\/product_cat?post=27726"},{"taxonomy":"product_tag","embeddable":true,"href":"https:\/\/zijin12.com\/en\/wp-json\/wp\/v2\/product_tag?post=27726"}],"curies":[{"name":"wp","href":"https:\/\/api.w.org\/{rel}","templated":true}]}}