{"id":27735,"date":"2025-03-17T08:09:58","date_gmt":"2025-03-17T08:09:58","guid":{"rendered":"https:\/\/zijin12.com\/product\/escritorio-gamer-mod-l-base-de-fibra-carbono-extendible-2-en-1\/"},"modified":"2025-03-17T08:09:58","modified_gmt":"2025-03-17T08:09:58","slug":"escritorio-gamer-mod-l-base-de-fibra-carbono-extendible-2-en-1","status":"publish","type":"product","link":"https:\/\/zijin12.com\/en\/product\/escritorio-gamer-mod-l-base-de-fibra-carbono-extendible-2-en-1\/","title":{"rendered":"Escritorio Gamer Mod L Base De Fibra Carb\u00f3no Extendible 2 En 1"},"content":{"rendered":"<p>=DISPONIBLE PARA ENVIO INMEDIATO=<\/p>\n<p>Producto Original Marca XIIRDIndustries&nbsp;<\/p>\n<p>Todos nuestros productos son de la m\u00e1s alta calidad ya que somos fabricantes con presencia global, contamos con oficinas en M\u00e9xico y China para brindarte la mejor atenci\u00f3n.<\/p>\n<p>&nbsp;<\/p>\n<p>*En caso de requerir factura favor de solicitarla dentro de un periodo de 3 d\u00edas h\u00e1biles posterior a la compra, en caso contrario la factura no podr\u00e1 ser procesada.<\/p>\n<p>&nbsp;<\/p>\n<p>=DESCRIPCION DEL PRODUCTO=<\/p>\n<p>&nbsp;<\/p>\n<p>2 en 1<\/p>\n<p>Forma de L&nbsp;<br \/>&nbsp;<\/p>\n<p>Convierte tu habitaci\u00f3n en todo un campo de batalla con el escritorio gamer Model L, ideal para todos los jugadores que toman enserio sus partidas y quieren llegar a las grandes ligas.<\/p>\n<p>Resistente y con un gran dise\u00f1o te ayudar\u00e1 a alcanzar tus metas no importando si juegas en PC o Consola, tiene el espacio necesario para que coloques todo tu equipamiento y la altura indicada para que disfrutes de cada partida.<\/p>\n<p>Su dise\u00f1o agresivo y materiales de primera calidad lo hacen el compa\u00f1ero ideal para tus sesiones de entrenamiento o diversi\u00f3n.<\/p>\n<p>Escritorio con patas de metal, base de fibra de carbon<\/p>\n<p>&nbsp;<\/p>\n<p>ESPECIFICACIONES:<\/p>\n<p>&#8211; Soporte para Bebidas<\/p>\n<p>&#8211; Soporte para Auriculares<\/p>\n<p>&#8211; Las patitas puede ajustarse<\/p>\n<p>&nbsp;<\/p>\n<p>CARACTERISTICAS:<\/p>\n<p>&#8211; Peso soportado: 130 kg<br \/>&#8211; Peso: 18 kg<br \/>&#8211; Peso bruto: 25 kg<\/p>\n<p>&#8211; Paquete incluido:<br \/>&#8211; Escritorio \u00d7 1<\/p>\n<p>&#8211; Dimensiones (Alto X Ancho X Largo): 56cm ancho X 90cm + 90cm X 73cm alto (es corrido) 56cm ancho X 146 + 146cm X 73cm alto (en forma de L)<\/p>\n<p>&nbsp;<\/p>","protected":false},"excerpt":{"rendered":"<p>=DISPONIBLE PARA ENVIO INMEDIATO= Producto Original Marca XIIRDIndustries&nbsp; Todos nuestros productos son de la m\u00e1s alta calidad ya que somos<\/p>","protected":false},"featured_media":0,"comment_status":"open","ping_status":"closed","template":"","meta":[],"product_brand":[156],"product_cat":[95],"product_tag":[],"class_list":{"0":"post-27735","1":"product","2":"type-product","3":"status-publish","5":"product_brand-xiird","6":"product_cat-especiales","8":"first","9":"instock","10":"shipping-taxable","11":"purchasable","12":"product-type-simple"},"_links":{"self":[{"href":"https:\/\/zijin12.com\/en\/wp-json\/wp\/v2\/product\/27735","targetHints":{"allow":["GET"]}}],"collection":[{"href":"https:\/\/zijin12.com\/en\/wp-json\/wp\/v2\/product"}],"about":[{"href":"https:\/\/zijin12.com\/en\/wp-json\/wp\/v2\/types\/product"}],"replies":[{"embeddable":true,"href":"https:\/\/zijin12.com\/en\/wp-json\/wp\/v2\/comments?post=27735"}],"version-history":[{"count":0,"href":"https:\/\/zijin12.com\/en\/wp-json\/wp\/v2\/product\/27735\/revisions"}],"wp:attachment":[{"href":"https:\/\/zijin12.com\/en\/wp-json\/wp\/v2\/media?parent=27735"}],"wp:term":[{"taxonomy":"product_brand","embeddable":true,"href":"https:\/\/zijin12.com\/en\/wp-json\/wp\/v2\/product_brand?post=27735"},{"taxonomy":"product_cat","embeddable":true,"href":"https:\/\/zijin12.com\/en\/wp-json\/wp\/v2\/product_cat?post=27735"},{"taxonomy":"product_tag","embeddable":true,"href":"https:\/\/zijin12.com\/en\/wp-json\/wp\/v2\/product_tag?post=27735"}],"curies":[{"name":"wp","href":"https:\/\/api.w.org\/{rel}","templated":true}]}}