{"id":27736,"date":"2025-03-17T08:09:58","date_gmt":"2025-03-17T08:09:58","guid":{"rendered":"https:\/\/zijin12.com\/product\/silla-gamer-mod-xc-regalo-mousepad-rgb\/"},"modified":"2025-03-17T08:09:58","modified_gmt":"2025-03-17T08:09:58","slug":"silla-gamer-mod-xc-regalo-mousepad-rgb","status":"publish","type":"product","link":"https:\/\/zijin12.com\/en\/product\/silla-gamer-mod-xc-regalo-mousepad-rgb\/","title":{"rendered":"Silla Gamer Mod XC+ Regalo Mousepad RGB"},"content":{"rendered":"<p>=DISPONIBLE PARA ENVIO INMEDIATO=<\/p>\n<p>Producto Original Marca XIIRDIndustries&nbsp;<\/p>\n<p>Todos nuestros productos son de la m\u00e1s alta calidad ya que somos fabricantes con presencia global, contamos con oficinas en M\u00e9xico y China para brindarte la mejor atenci\u00f3n.<\/p>\n<p>&nbsp;<\/p>\n<p>*En caso de requerir factura favor de solicitarla dentro de un periodo de 3 d\u00edas h\u00e1biles posterior a la compra, en caso contrario la factura no podr\u00e1 ser procesada.<\/p>\n<p>&nbsp;<\/p>\n<p>=DESCRIPCION DEL PRODUCTO=<\/p>\n<p>&nbsp;<\/p>\n<p>Prep\u00e1rate para disfrutar de largas horas de tus juegos favoritos sin preocuparte por lesiones en tu cuello o espalda baja, ya que nuestra silla ayuda a reducir el estr\u00e9s causado por pasar largas horas en la misma posici\u00f3n, disfruta de tus videojuegos favoritos sin preocupaciones.<br \/>Su firme estructura de acero y suave relleno te mantendr\u00e1n c\u00f3modo y seguro mientras te enfrentas a los mayores retos que tu consola o PC puedan ofrecerte.<br \/>Sus vibrantes colores te dar\u00e1n toda la energ\u00eda que necesitas para estar alerta en cada partida.<br \/>Su descansa pies te mantendr\u00e1 c\u00f3modo y en una mejor posici\u00f3n para que disfrutes m\u00e1s de tus partidas.<\/p>\n<p>CARACTERISTICAS:<br \/>-Dos cojinetes, uno&nbsp;lumbar y uno cervical<br \/>-Pist\u00f3n de altura ajustable<br \/>-Respaldo reclinable de 90\u00b0 a 25\u00b0<br \/>-Altura ajustable 150 mm (Altura del pist\u00f3n)<br \/>-Rotaci\u00f3n de 360\u00b0<br \/>-Base de soporte de carga (120 Kg de carga)<br \/>-Estructura firme y resistente<br \/>-Dise\u00f1o bicolor en vini piel de uso rudo<\/p>","protected":false},"excerpt":{"rendered":"<p>=DISPONIBLE PARA ENVIO INMEDIATO= Producto Original Marca XIIRDIndustries&nbsp; Todos nuestros productos son de la m\u00e1s alta calidad ya que somos<\/p>","protected":false},"featured_media":0,"comment_status":"open","ping_status":"closed","template":"","meta":[],"product_brand":[156],"product_cat":[95],"product_tag":[],"class_list":{"0":"post-27736","1":"product","2":"type-product","3":"status-publish","5":"product_brand-xiird","6":"product_cat-especiales","8":"first","9":"outofstock","10":"shipping-taxable","11":"purchasable","12":"product-type-simple"},"_links":{"self":[{"href":"https:\/\/zijin12.com\/en\/wp-json\/wp\/v2\/product\/27736","targetHints":{"allow":["GET"]}}],"collection":[{"href":"https:\/\/zijin12.com\/en\/wp-json\/wp\/v2\/product"}],"about":[{"href":"https:\/\/zijin12.com\/en\/wp-json\/wp\/v2\/types\/product"}],"replies":[{"embeddable":true,"href":"https:\/\/zijin12.com\/en\/wp-json\/wp\/v2\/comments?post=27736"}],"version-history":[{"count":0,"href":"https:\/\/zijin12.com\/en\/wp-json\/wp\/v2\/product\/27736\/revisions"}],"wp:attachment":[{"href":"https:\/\/zijin12.com\/en\/wp-json\/wp\/v2\/media?parent=27736"}],"wp:term":[{"taxonomy":"product_brand","embeddable":true,"href":"https:\/\/zijin12.com\/en\/wp-json\/wp\/v2\/product_brand?post=27736"},{"taxonomy":"product_cat","embeddable":true,"href":"https:\/\/zijin12.com\/en\/wp-json\/wp\/v2\/product_cat?post=27736"},{"taxonomy":"product_tag","embeddable":true,"href":"https:\/\/zijin12.com\/en\/wp-json\/wp\/v2\/product_tag?post=27736"}],"curies":[{"name":"wp","href":"https:\/\/api.w.org\/{rel}","templated":true}]}}