{"id":27746,"date":"2025-03-17T02:09:59","date_gmt":"2025-03-17T08:09:59","guid":{"rendered":"https:\/\/zijin12.com\/product\/13-kit-de-utensilios-de-cocina-mango-de-silicona-y-madera\/"},"modified":"2025-09-09T13:12:43","modified_gmt":"2025-09-09T19:12:43","slug":"13-kit-de-utensilios-de-cocina-mango-de-silicona-y-madera","status":"publish","type":"product","link":"https:\/\/zijin12.com\/en\/product\/13-kit-de-utensilios-de-cocina-mango-de-silicona-y-madera\/","title":{"rendered":"SET DE 13 UTENSILIOS DE COCINA, ESPATULAS, CUCHARAS"},"content":{"rendered":"<p>PRODUCTO DISPONIBLE PARA ENV?O INMEDIATO<br \/>\nMarca: XIIRD | Producto Original.<\/p>\n<p>SET DE 13 UTENSILIOS DE COCINA XIIRD \u2013 SILICONA VERDE CON MANGO DE MADERA<br \/>\nRenueva tu cocina con estilo y funcionalidad gracias al set de utensilios de cocina XIIRD. Este kit incluye 13 piezas esenciales para preparar cualquier platillo, desde recetas sencillas hasta creaciones de chef.<\/p>\n<p>Fabricados en silicona resistente al calor y con mango ergon\u00f3mico de madera, estos utensilios no rayan tus ollas ni sartenes, son f\u00e1ciles de limpiar y est\u00e1n dise\u00f1ados para durar.<\/p>\n<p>Incluye: cucharas de silicona, palas de silicon, esp\u00e1tulas y m\u00e1s herramientas que har\u00e1n que cocinar sea m\u00e1s c\u00f3modo, seguro y elegante.<\/p>\n<p>CARACTERISTICAS PRINCIPALES:<br \/>\n&#8211; Fabricados en silicona de alta calidad con mango de madera ergon\u00f3mico.<br \/>\n&#8211; Resistentes al calor y seguros para todo tipo de ollas y sartenes.<br \/>\n&#8211; Incluye cucharas de silicona, palas de silicon y esp\u00e1tulas.<br \/>\n&#8211; Dise\u00f1o en color verde que aporta un toque moderno a tu cocina.<br \/>\n&#8211; Ideal para uso en casa, restaurante o por chefs profesionales.<br \/>\n&#8211; F\u00e1ciles de lavar y almacenar.<\/p>\n<p>USOS RECOMENDADOS:<br \/>\nPerfectos para saltear, batir, revolver, servir y hornear. Su dise\u00f1o funcional y elegante los convierte en una excelente opci\u00f3n para el hogar, restaurantes o como regalo para amantes de la cocina.<\/p>\n<p>EL PAQUETE INCLUYE:<br \/>\n1 x cuchara<br \/>\n1 x batidor<br \/>\n1 x cuchara<br \/>\n1 x cepillo<br \/>\n1 x esp\u00e1tula,<br \/>\n1 x cuchara ranurada<br \/>\n1 x cuchara<br \/>\n1 x volteador ranurado<br \/>\n1 x pinzas<br \/>\n1 x tenedor para pasta<br \/>\n1 X soporte de pl\u00e1stico<br \/>\n1 X cuchara de reposo<br \/>\n1 x tarro de pl\u00e1stico<\/p>\n<p>Con el set de utensilios de silicona XIIRD, tendr\u00e1s todo lo que necesitas para cocinar con estilo, comodidad y durabilidad.<\/p>","protected":false},"excerpt":{"rendered":"<div class=\"ui-vpp-striped-specs\">\n<div class=\"ui-vpp-striped-specs__table\">\n<h3 class=\"ui-vpp-striped-specs__header\">Caracter\u00edsticas principales<\/h3>\n<table class=\"andes-table\">\n<tbody class=\"andes-table__body\">\n<tr class=\"andes-table__row ui-vpp-striped-specs__row\">\n<th class=\"andes-table__header andes-table__header--left ui-vpp-striped-specs__row__column ui-vpp-striped-specs__row__column--id\" scope=\"row\">\n<div class=\"andes-table__header__container\">Marca<\/div>\n<\/th>\n<td id=\":R19f5bkulqc5e:\" class=\"andes-table__column andes-table__column--left andes-table__column--vertical-align-center ui-vpp-striped-specs__row__column\"><span id=\":R19f5bkulqc5e:-value\" class=\"andes-table__column--value\">Xiird<\/span><\/td>\n<\/tr>\n<tr class=\"andes-table__row ui-vpp-striped-specs__row\">\n<th class=\"andes-table__header andes-table__header--left ui-vpp-striped-specs__row__column ui-vpp-striped-specs__row__column--id\" scope=\"row\">\n<div class=\"andes-table__header__container\">L\u00ednea<\/div>\n<\/th>\n<td id=\":R19n5bkulqc5e:\" class=\"andes-table__column andes-table__column--left andes-table__column--vertical-align-center ui-vpp-striped-specs__row__column\"><span id=\":R19n5bkulqc5e:-value\" class=\"andes-table__column--value\">Cocina<\/span><\/td>\n<\/tr>\n<tr class=\"andes-table__row ui-vpp-striped-specs__row\">\n<th class=\"andes-table__header andes-table__header--left ui-vpp-striped-specs__row__column ui-vpp-striped-specs__row__column--id\" scope=\"row\">\n<div class=\"andes-table__header__container\">Modelo<\/div>\n<\/th>\n<td id=\":R19v5bkulqc5e:\" class=\"andes-table__column andes-table__column--left andes-table__column--vertical-align-center ui-vpp-striped-specs__row__column\"><span id=\":R19v5bkulqc5e:-value\" class=\"andes-table__column--value\">Xiird<\/span><\/td>\n<\/tr>\n<\/tbody>\n<\/table>\n<\/div>\n<div class=\"ui-vpp-striped-specs__table\">\n<h3 class=\"ui-vpp-striped-specs__header\">Otros<\/h3>\n<table class=\"andes-table\">\n<tbody class=\"andes-table__body\">\n<tr class=\"andes-table__row ui-vpp-striped-specs__row\">\n<th class=\"andes-table__header andes-table__header--left ui-vpp-striped-specs__row__column ui-vpp-striped-specs__row__column--id\" scope=\"row\">\n<div class=\"andes-table__header__container\">Tipo de producto<\/div>\n<\/th>\n<td id=\":R2if9bkulqc5e:\" class=\"andes-table__column andes-table__column--left andes-table__column--vertical-align-center ui-vpp-striped-specs__row__column\"><span id=\":R2if9bkulqc5e:-value\" class=\"andes-table__column--value\">Utensilio de cocina<\/span><\/td>\n<\/tr>\n<tr class=\"andes-table__row ui-vpp-striped-specs__row\">\n<th class=\"andes-table__header andes-table__header--left ui-vpp-striped-specs__row__column ui-vpp-striped-specs__row__column--id\" scope=\"row\">\n<div class=\"andes-table__header__container\">Tama\u00f1o<\/div>\n<\/th>\n<td id=\":R2in9bkulqc5e:\" class=\"andes-table__column andes-table__column--left andes-table__column--vertical-align-center ui-vpp-striped-specs__row__column\"><span id=\":R2in9bkulqc5e:-value\" class=\"andes-table__column--value\">Grande<\/span><\/td>\n<\/tr>\n<tr class=\"andes-table__row ui-vpp-striped-specs__row\">\n<th class=\"andes-table__header andes-table__header--left ui-vpp-striped-specs__row__column ui-vpp-striped-specs__row__column--id\" scope=\"row\">\n<div class=\"andes-table__header__container\">Material del mango<\/div>\n<\/th>\n<td id=\":R2iv9bkulqc5e:\" class=\"andes-table__column andes-table__column--left andes-table__column--vertical-align-center ui-vpp-striped-specs__row__column\"><span id=\":R2iv9bkulqc5e:-value\" class=\"andes-table__column--value\">Madera<\/span><\/td>\n<\/tr>\n<tr class=\"andes-table__row ui-vpp-striped-specs__row\">\n<th class=\"andes-table__header andes-table__header--left ui-vpp-striped-specs__row__column ui-vpp-striped-specs__row__column--id\" scope=\"row\">\n<div class=\"andes-table__header__container\">Material de la punta<\/div>\n<\/th>\n<td id=\":R2j79bkulqc5e:\" class=\"andes-table__column andes-table__column--left andes-table__column--vertical-align-center ui-vpp-striped-specs__row__column\"><span id=\":R2j79bkulqc5e:-value\" class=\"andes-table__column--value\">Silicona<\/span><\/td>\n<\/tr>\n<tr class=\"andes-table__row ui-vpp-striped-specs__row\">\n<th class=\"andes-table__header andes-table__header--left ui-vpp-striped-specs__row__column ui-vpp-striped-specs__row__column--id\" scope=\"row\">\n<div class=\"andes-table__header__container\">Usos recomendados<\/div>\n<\/th>\n<td id=\":R2jf9bkulqc5e:\" class=\"andes-table__column andes-table__column--left andes-table__column--vertical-align-center ui-vpp-striped-specs__row__column\"><span id=\":R2jf9bkulqc5e:-value\" class=\"andes-table__column--value\">Cocina<\/span><\/td>\n<\/tr>\n<tr class=\"andes-table__row ui-vpp-striped-specs__row\">\n<th class=\"andes-table__header andes-table__header--left ui-vpp-striped-specs__row__column ui-vpp-striped-specs__row__column--id\" scope=\"row\">\n<div class=\"andes-table__header__container\">Temperatura m\u00e1xima soportada<\/div>\n<\/th>\n<td id=\":R2jn9bkulqc5e:\" class=\"andes-table__column andes-table__column--left andes-table__column--vertical-align-center ui-vpp-striped-specs__row__column\"><span id=\":R2jn9bkulqc5e:-value\" class=\"andes-table__column--value\">180 \u00b0C<\/span><\/td>\n<\/tr>\n<tr class=\"andes-table__row ui-vpp-striped-specs__row\">\n<th class=\"andes-table__header andes-table__header--left ui-vpp-striped-specs__row__column ui-vpp-striped-specs__row__column--id\" scope=\"row\">\n<div class=\"andes-table__header__container\">Es apto para lavavajillas<\/div>\n<\/th>\n<td id=\":R2jv9bkulqc5e:\" class=\"andes-table__column andes-table__column--left andes-table__column--vertical-align-center ui-vpp-striped-specs__row__column\"><span id=\":R2jv9bkulqc5e:-value\" class=\"andes-table__column--value\">No<\/span><\/td>\n<\/tr>\n<\/tbody>\n<\/table>\n<\/div>\n<\/div>\n<div class=\"ui-vpp-striped-specs\">\n<div class=\"ui-vpp-striped-specs__table\">\n<h3 class=\"ui-vpp-striped-specs__header\">Peso y dimensiones<\/h3>\n<table class=\"andes-table\">\n<tbody class=\"andes-table__body\">\n<tr class=\"andes-table__row ui-vpp-striped-specs__row\">\n<th class=\"andes-table__header andes-table__header--left ui-vpp-striped-specs__row__column ui-vpp-striped-specs__row__column--id\" scope=\"row\">\n<div class=\"andes-table__header__container\">Largo total<\/div>\n<\/th>\n<td id=\":Rknmbkulqc5e:\" class=\"andes-table__column andes-table__column--left andes-table__column--vertical-align-center ui-vpp-striped-specs__row__column\"><span id=\":Rknmbkulqc5e:-value\" class=\"andes-table__column--value\">32 cm<\/span><\/td>\n<\/tr>\n<tr class=\"andes-table__row ui-vpp-striped-specs__row\">\n<th class=\"andes-table__header andes-table__header--left ui-vpp-striped-specs__row__column ui-vpp-striped-specs__row__column--id\" scope=\"row\">\n<div class=\"andes-table__header__container\">Ancho<\/div>\n<\/th>\n<td id=\":Rkrmbkulqc5e:\" class=\"andes-table__column andes-table__column--left andes-table__column--vertical-align-center ui-vpp-striped-specs__row__column\"><span id=\":Rkrmbkulqc5e:-value\" class=\"andes-table__column--value\">7 cm<\/span><\/td>\n<\/tr>\n<tr class=\"andes-table__row ui-vpp-striped-specs__row\">\n<th class=\"andes-table__header andes-table__header--left ui-vpp-striped-specs__row__column ui-vpp-striped-specs__row__column--id\" scope=\"row\">\n<div class=\"andes-table__header__container\">Peso<\/div>\n<\/th>\n<td id=\":Rkvmbkulqc5e:\" class=\"andes-table__column andes-table__column--left andes-table__column--vertical-align-center ui-vpp-striped-specs__row__column\"><span id=\":Rkvmbkulqc5e:-value\" class=\"andes-table__column--value\">200 g<\/span><\/td>\n<\/tr>\n<\/tbody>\n<\/table>\n<\/div>\n<\/div>","protected":false},"featured_media":29355,"comment_status":"open","ping_status":"closed","template":"","meta":[],"product_brand":[161],"product_cat":[145],"product_tag":[],"class_list":{"0":"post-27746","1":"product","2":"type-product","3":"status-publish","4":"has-post-thumbnail","6":"product_brand-12pigs","7":"product_cat-hogar-oficina-mobiliario","9":"first","10":"instock","11":"sale","12":"shipping-taxable","13":"purchasable","14":"product-type-simple"},"_links":{"self":[{"href":"https:\/\/zijin12.com\/en\/wp-json\/wp\/v2\/product\/27746","targetHints":{"allow":["GET"]}}],"collection":[{"href":"https:\/\/zijin12.com\/en\/wp-json\/wp\/v2\/product"}],"about":[{"href":"https:\/\/zijin12.com\/en\/wp-json\/wp\/v2\/types\/product"}],"replies":[{"embeddable":true,"href":"https:\/\/zijin12.com\/en\/wp-json\/wp\/v2\/comments?post=27746"}],"version-history":[{"count":5,"href":"https:\/\/zijin12.com\/en\/wp-json\/wp\/v2\/product\/27746\/revisions"}],"predecessor-version":[{"id":30505,"href":"https:\/\/zijin12.com\/en\/wp-json\/wp\/v2\/product\/27746\/revisions\/30505"}],"wp:featuredmedia":[{"embeddable":true,"href":"https:\/\/zijin12.com\/en\/wp-json\/wp\/v2\/media\/29355"}],"wp:attachment":[{"href":"https:\/\/zijin12.com\/en\/wp-json\/wp\/v2\/media?parent=27746"}],"wp:term":[{"taxonomy":"product_brand","embeddable":true,"href":"https:\/\/zijin12.com\/en\/wp-json\/wp\/v2\/product_brand?post=27746"},{"taxonomy":"product_cat","embeddable":true,"href":"https:\/\/zijin12.com\/en\/wp-json\/wp\/v2\/product_cat?post=27746"},{"taxonomy":"product_tag","embeddable":true,"href":"https:\/\/zijin12.com\/en\/wp-json\/wp\/v2\/product_tag?post=27746"}],"curies":[{"name":"wp","href":"https:\/\/api.w.org\/{rel}","templated":true}]}}