{"id":27747,"date":"2025-03-17T02:09:59","date_gmt":"2025-03-17T08:09:59","guid":{"rendered":"https:\/\/zijin12.com\/product\/kit-de-boquillas-para-decoracion-de-pasteles-236pcs-8-pcs\/"},"modified":"2025-09-09T13:18:40","modified_gmt":"2025-09-09T19:18:40","slug":"kit-de-boquillas-para-decoracion-de-pasteles-236pcs-8-pcs","status":"publish","type":"product","link":"https:\/\/zijin12.com\/en\/product\/kit-de-boquillas-para-decoracion-de-pasteles-236pcs-8-pcs\/","title":{"rendered":"SET DE 244 PIEZAS DE REPOSTERIA, DUYAS, BOQUILLAS, BASE"},"content":{"rendered":"<p>PRODUCTO DISPONIBLE PARA ENV\u00cdO INMEDIATO<br \/>\nMarca: XIIRD | Producto Original.<\/p>\n<p>KIT DE REPOSTER\u00cdA XIIRD 244 PIEZAS<\/p>\n<p>\u00bfQuieres transformar tus postres en obras de arte? Con el Kit de Reposter\u00eda XIIRD de 244 piezas tienes todo lo necesario para decorar pasteles, cup cakes, galletas y postres con resultados profesionales, desde la comodidad de tu hogar o negocio.<\/p>\n<p>Este kit de reposter\u00eda completo incluye una amplia variedad de boquillas para decorar pasteles en acero inoxidable color plata, que garantizan durabilidad y precisi\u00f3n en cada detalle. Adem\u00e1s, viene con accesorios en pl\u00e1stico azul dise\u00f1ados para facilitar el proceso de decoraci\u00f3n y hacer que cada creaci\u00f3n sea \u00fanica.<\/p>\n<p>EL KIT INCLUYE.<br \/>\n1 caja de almacenamiento; tabla de 36 patrones numerados; 100 tazas desechables para hornear; bolsa de TPU de 12 pulgadas; 50 bolsas desechables medianas; 3 esp\u00e1tulas; 8 herramientas de decoraci\u00f3n de fondant; 2 bridas para cables; 1 bol\u00edgrafo de silicona; esp\u00e1tula de 6 pulgadas; 1 elevador de flores para pasteles; 2 clavos de flores para pasteles; 6 tazas de silicona para hornear; cepillo de limpieza; 2 acopladores peque\u00f1os; 1 bomba de chocolate.<\/p>\n<p>CARACTERISTICAS DESTACADAS:<br \/>\n&#8211; Boquillas para decorar pasteles en acero inoxidable, resistentes a la corrosi\u00f3n y f\u00e1ciles de limpiar para un uso prolongado.<br \/>\n&#8211; Accesorios en pl\u00e1stico azul ergon\u00f3mico, dise\u00f1ados para un manejo c\u00f3modo y seguro.<br \/>\n&#8211; Ideal para uso en pasteler\u00eda, cocina profesional, cafeter\u00edas y el hogar.<br \/>\n&#8211; Compatible con una gran variedad de t\u00e9cnicas para cupcakes, postres, galletas y m\u00e1s.<br \/>\n&#8211; Perfecto para pasteleros profesionales, emprendedores, aficionados y como regalo especial para los amantes de la reposter\u00eda.<br \/>\n&#8211; Materiales de alta calidad que aseguran un acabado impecable y resultados consistentes.<\/p>\n<p>Este set es la herramienta ideal para quienes buscan ampliar su creatividad y profesionalizar la decoraci\u00f3n de sus productos. Gracias a su versatilidad y cantidad, podr\u00e1s explorar desde detalles delicados hasta decoraciones voluminosas sin l\u00edmites.<\/p>\n<p>\u00a1No dejes pasar esta oportunidad! Dale a tus creaciones el toque profesional que merecen con el KIT DE REPOSTER\u00cdA XIIRD. Haz tu pedido hoy y comienza a decorar con estilo, precisi\u00f3n y creatividad.<\/p>","protected":false},"excerpt":{"rendered":"<div class=\"ui-vpp-striped-specs\">\n<div class=\"ui-vpp-striped-specs__table\">\n<h3 class=\"ui-vpp-striped-specs__header\">Caracter\u00edsticas principales<\/h3>\n<table class=\"andes-table\">\n<tbody class=\"andes-table__body\">\n<tr class=\"andes-table__row ui-vpp-striped-specs__row\">\n<th class=\"andes-table__header andes-table__header--left ui-vpp-striped-specs__row__column ui-vpp-striped-specs__row__column--id\" scope=\"row\">\n<div class=\"andes-table__header__container\">Marca<\/div>\n<\/th>\n<td id=\":Rkjqlpakp7de:\" class=\"andes-table__column andes-table__column--left andes-table__column--vertical-align-center ui-vpp-striped-specs__row__column\"><span id=\":Rkjqlpakp7de:-value\" class=\"andes-table__column--value\">XIImart<\/span><\/td>\n<\/tr>\n<tr class=\"andes-table__row ui-vpp-striped-specs__row\">\n<th class=\"andes-table__header andes-table__header--left ui-vpp-striped-specs__row__column ui-vpp-striped-specs__row__column--id\" scope=\"row\">\n<div class=\"andes-table__header__container\">Modelo<\/div>\n<\/th>\n<td id=\":Rklqlpakp7de:\" class=\"andes-table__column andes-table__column--left andes-table__column--vertical-align-center ui-vpp-striped-specs__row__column\"><span id=\":Rklqlpakp7de:-value\" class=\"andes-table__column--value\">244P<\/span><\/td>\n<\/tr>\n<tr class=\"andes-table__row ui-vpp-striped-specs__row\">\n<th class=\"andes-table__header andes-table__header--left ui-vpp-striped-specs__row__column ui-vpp-striped-specs__row__column--id\" scope=\"row\">\n<div class=\"andes-table__header__container\">Forma de la duya<\/div>\n<\/th>\n<td id=\":Rknqlpakp7de:\" class=\"andes-table__column andes-table__column--left andes-table__column--vertical-align-center ui-vpp-striped-specs__row__column\"><span id=\":Rknqlpakp7de:-value\" class=\"andes-table__column--value\">244<\/span><\/td>\n<\/tr>\n<tr class=\"andes-table__row ui-vpp-striped-specs__row\">\n<th class=\"andes-table__header andes-table__header--left ui-vpp-striped-specs__row__column ui-vpp-striped-specs__row__column--id\" scope=\"row\">\n<div class=\"andes-table__header__container\">Tama\u00f1o<\/div>\n<\/th>\n<td id=\":Rkpqlpakp7de:\" class=\"andes-table__column andes-table__column--left andes-table__column--vertical-align-center ui-vpp-striped-specs__row__column\"><span id=\":Rkpqlpakp7de:-value\" class=\"andes-table__column--value\">Mediano<\/span><\/td>\n<\/tr>\n<\/tbody>\n<\/table>\n<\/div>\n<\/div>\n<div class=\"ui-vpp-striped-specs\">\n<div class=\"ui-vpp-striped-specs__table\">\n<h3 class=\"ui-vpp-striped-specs__header\">Otros<\/h3>\n<table class=\"andes-table\">\n<tbody class=\"andes-table__body\">\n<tr class=\"andes-table__row ui-vpp-striped-specs__row\">\n<th class=\"andes-table__header andes-table__header--left ui-vpp-striped-specs__row__column ui-vpp-striped-specs__row__column--id\" scope=\"row\">\n<div class=\"andes-table__header__container\">Material<\/div>\n<\/th>\n<td id=\":R57r5pakp7de:\" class=\"andes-table__column andes-table__column--left andes-table__column--vertical-align-center ui-vpp-striped-specs__row__column\"><span id=\":R57r5pakp7de:-value\" class=\"andes-table__column--value\">Acero inoxidable<\/span><\/td>\n<\/tr>\n<\/tbody>\n<\/table>\n<\/div>\n<\/div>","protected":false},"featured_media":29358,"comment_status":"open","ping_status":"closed","template":"","meta":[],"product_brand":[161],"product_cat":[145],"product_tag":[],"class_list":{"0":"post-27747","1":"product","2":"type-product","3":"status-publish","4":"has-post-thumbnail","6":"product_brand-12pigs","7":"product_cat-hogar-oficina-mobiliario","9":"first","10":"instock","11":"sale","12":"shipping-taxable","13":"purchasable","14":"product-type-simple"},"_links":{"self":[{"href":"https:\/\/zijin12.com\/en\/wp-json\/wp\/v2\/product\/27747","targetHints":{"allow":["GET"]}}],"collection":[{"href":"https:\/\/zijin12.com\/en\/wp-json\/wp\/v2\/product"}],"about":[{"href":"https:\/\/zijin12.com\/en\/wp-json\/wp\/v2\/types\/product"}],"replies":[{"embeddable":true,"href":"https:\/\/zijin12.com\/en\/wp-json\/wp\/v2\/comments?post=27747"}],"version-history":[{"count":4,"href":"https:\/\/zijin12.com\/en\/wp-json\/wp\/v2\/product\/27747\/revisions"}],"predecessor-version":[{"id":30507,"href":"https:\/\/zijin12.com\/en\/wp-json\/wp\/v2\/product\/27747\/revisions\/30507"}],"wp:featuredmedia":[{"embeddable":true,"href":"https:\/\/zijin12.com\/en\/wp-json\/wp\/v2\/media\/29358"}],"wp:attachment":[{"href":"https:\/\/zijin12.com\/en\/wp-json\/wp\/v2\/media?parent=27747"}],"wp:term":[{"taxonomy":"product_brand","embeddable":true,"href":"https:\/\/zijin12.com\/en\/wp-json\/wp\/v2\/product_brand?post=27747"},{"taxonomy":"product_cat","embeddable":true,"href":"https:\/\/zijin12.com\/en\/wp-json\/wp\/v2\/product_cat?post=27747"},{"taxonomy":"product_tag","embeddable":true,"href":"https:\/\/zijin12.com\/en\/wp-json\/wp\/v2\/product_tag?post=27747"}],"curies":[{"name":"wp","href":"https:\/\/api.w.org\/{rel}","templated":true}]}}