{"id":28086,"date":"2025-04-15T15:38:36","date_gmt":"2025-04-15T21:38:36","guid":{"rendered":"https:\/\/zijin12.com\/?post_type=product&#038;p=28086"},"modified":"2025-09-08T16:09:10","modified_gmt":"2025-09-08T22:09:10","slug":"set-de-224-pcs-reposteria","status":"publish","type":"product","link":"https:\/\/zijin12.com\/en\/product\/set-de-224-pcs-reposteria\/","title":{"rendered":"SET DE 224 PIEZAS PARA REPOSTERIA, BOQUILLAS DECORADORAS"},"content":{"rendered":"<p>=DISPONIBLE PARA ENVIO INMEDIATO=<br \/>\nMarca XIIRD Producto Original<\/p>\n<p>KIT DE REPOSTERIA COMPLETO DE 224 PIEZAS &#8211; XIIRD<br \/>\n\u00a1Convierte cada pastel en una obra de arte! Este kit de reposter\u00eda es tu aliado ideal para decorar pasteles como un profesional, ya sea en bodas, XV a\u00f1os, fiestas infantiles o para consentir a la familia en casa.<br \/>\nFabricado en acero inoxidable de alta calidad, resistente y f\u00e1cil de limpiar, incluye boquillas para pasteles en distintos tama\u00f1os, accesorios pr\u00e1cticos y todo lo que necesitas para crear dise\u00f1os espectaculares. Su combinaci\u00f3n en plata y azul le da un toque moderno y elegante.<\/p>\n<p>LO QUE INCLUYE ESTE KIT PARA DECORAR:<br \/>\n1 soporte de plato giratorio para pasteles de 11 pulgadas<br \/>\n48 puntas + 4 puntas rusas + 3 puntas de bola<br \/>\n1 tabla de glaseado<br \/>\n8 herramientas de fondant<br \/>\n1 organizador de estuches<br \/>\n100 bolsas de pasteler\u00eda<br \/>\n1 bol\u00edgrafo de decoraci\u00f3n<br \/>\n1 m\u00e1s suave<br \/>\n1 clavo de flor<br \/>\n2 acopladores + 1 acoplador de tres colores<br \/>\n33 cortadores de fondant<br \/>\n1 servidor para pasteles<br \/>\n1 esp\u00e1tula recta y 1 en \u00e1ngulo<br \/>\n1 batidor<br \/>\n1 juego de cucharas medidoras<br \/>\n1 bolsa de silicona para pasteler\u00eda<br \/>\n3 raspadores<br \/>\n1 tijeras<br \/>\n1 cepillo de limpieza<br \/>\n3 bridas para bolsas<br \/>\n36 boquillas peque\u00f1as + 6 boquillas grandes + 10 correas de sellado<br \/>\n6 bolsas desechables<br \/>\n4 acopladores adicionales<br \/>\n3 bolsas de reposter\u00eda de silicona reutilizables<br \/>\n3 raspadores de crema<br \/>\n1 cepillo de punta de pastel<br \/>\n1 levantador de flores<br \/>\n1 crema de tijera<br \/>\n1 caja de almacenamiento<br \/>\n4 miniaturas de pan<\/p>\n<p>IDEAL PARA:<br \/>\nReposteros profesionales, estudiantes de reposter\u00eda, maestros, emprendedores o amantes de la cocina que buscan un kit de reposter\u00eda completo para llevar sus creaciones al siguiente nivel.<\/p>\n<p>Con este set tendr\u00e1s todo a la mano para decorar, moldear, rellenar y presentar postres irresistibles.<br \/>\n\u00a1Haz que tus pasteles no solo sepan bien, sino que tambi\u00e9n enamoren a la vista!<\/p>","protected":false},"excerpt":{"rendered":"<div class=\"ui-vpp-striped-specs\">\n<div class=\"ui-vpp-striped-specs__table\">\n<h3 class=\"ui-vpp-striped-specs__header\">Caracter\u00edsticas principales<\/h3>\n<table class=\"andes-table\">\n<tbody class=\"andes-table__body\">\n<tr class=\"andes-table__row ui-vpp-striped-specs__row\">\n<th class=\"andes-table__header andes-table__header--left ui-vpp-striped-specs__row__column ui-vpp-striped-specs__row__column--id\" scope=\"row\">\n<div class=\"andes-table__header__container\">Marca<\/div>\n<\/th>\n<td id=\":Rkjqlpakp7de:\" class=\"andes-table__column andes-table__column--left andes-table__column--vertical-align-center ui-vpp-striped-specs__row__column\"><span id=\":Rkjqlpakp7de:-value\" class=\"andes-table__column--value\">XIImart<\/span><\/td>\n<\/tr>\n<tr class=\"andes-table__row ui-vpp-striped-specs__row\">\n<th class=\"andes-table__header andes-table__header--left ui-vpp-striped-specs__row__column ui-vpp-striped-specs__row__column--id\" scope=\"row\">\n<div class=\"andes-table__header__container\">Modelo<\/div>\n<\/th>\n<td id=\":Rklqlpakp7de:\" class=\"andes-table__column andes-table__column--left andes-table__column--vertical-align-center ui-vpp-striped-specs__row__column\"><span id=\":Rklqlpakp7de:-value\" class=\"andes-table__column--value\">SET 224<\/span><\/td>\n<\/tr>\n<tr class=\"andes-table__row ui-vpp-striped-specs__row\">\n<th class=\"andes-table__header andes-table__header--left ui-vpp-striped-specs__row__column ui-vpp-striped-specs__row__column--id\" scope=\"row\">\n<div class=\"andes-table__header__container\">Forma de la duya<\/div>\n<\/th>\n<td id=\":Rknqlpakp7de:\" class=\"andes-table__column andes-table__column--left andes-table__column--vertical-align-center ui-vpp-striped-specs__row__column\"><span id=\":Rknqlpakp7de:-value\" class=\"andes-table__column--value\">224<\/span><\/td>\n<\/tr>\n<tr class=\"andes-table__row ui-vpp-striped-specs__row\">\n<th class=\"andes-table__header andes-table__header--left ui-vpp-striped-specs__row__column ui-vpp-striped-specs__row__column--id\" scope=\"row\">\n<div class=\"andes-table__header__container\">Tama\u00f1o<\/div>\n<\/th>\n<td id=\":Rkpqlpakp7de:\" class=\"andes-table__column andes-table__column--left andes-table__column--vertical-align-center ui-vpp-striped-specs__row__column\"><span id=\":Rkpqlpakp7de:-value\" class=\"andes-table__column--value\">Mediano<\/span><\/td>\n<\/tr>\n<tr class=\"andes-table__row ui-vpp-striped-specs__row\">\n<th class=\"andes-table__header andes-table__header--left ui-vpp-striped-specs__row__column ui-vpp-striped-specs__row__column--id\" scope=\"row\">\n<div class=\"andes-table__header__container\">Unidades por envase<\/div>\n<\/th>\n<td id=\":Rkrqlpakp7de:\" class=\"andes-table__column andes-table__column--left andes-table__column--vertical-align-center ui-vpp-striped-specs__row__column\"><span id=\":Rkrqlpakp7de:-value\" class=\"andes-table__column--value\">224<\/span><\/td>\n<\/tr>\n<\/tbody>\n<\/table>\n<\/div>\n<\/div>\n<div class=\"ui-vpp-striped-specs\">\n<div class=\"ui-vpp-striped-specs__table\">\n<h3 class=\"ui-vpp-striped-specs__header\">Otros<\/h3>\n<table class=\"andes-table\">\n<tbody class=\"andes-table__body\">\n<tr class=\"andes-table__row ui-vpp-striped-specs__row\">\n<th class=\"andes-table__header andes-table__header--left ui-vpp-striped-specs__row__column ui-vpp-striped-specs__row__column--id\" scope=\"row\">\n<div class=\"andes-table__header__container\">Material<\/div>\n<\/th>\n<td id=\":R57r5pakp7de:\" class=\"andes-table__column andes-table__column--left andes-table__column--vertical-align-center ui-vpp-striped-specs__row__column\"><span id=\":R57r5pakp7de:-value\" class=\"andes-table__column--value\">Acero inoxidable<\/span><\/td>\n<\/tr>\n<\/tbody>\n<\/table>\n<\/div>\n<\/div>","protected":false},"featured_media":29324,"comment_status":"open","ping_status":"closed","template":"","meta":[],"product_brand":[],"product_cat":[145],"product_tag":[],"class_list":{"0":"post-28086","1":"product","2":"type-product","3":"status-publish","4":"has-post-thumbnail","6":"product_cat-hogar-oficina-mobiliario","8":"first","9":"instock","10":"sale","11":"shipping-taxable","12":"purchasable","13":"product-type-simple"},"_links":{"self":[{"href":"https:\/\/zijin12.com\/en\/wp-json\/wp\/v2\/product\/28086","targetHints":{"allow":["GET"]}}],"collection":[{"href":"https:\/\/zijin12.com\/en\/wp-json\/wp\/v2\/product"}],"about":[{"href":"https:\/\/zijin12.com\/en\/wp-json\/wp\/v2\/types\/product"}],"replies":[{"embeddable":true,"href":"https:\/\/zijin12.com\/en\/wp-json\/wp\/v2\/comments?post=28086"}],"version-history":[{"count":4,"href":"https:\/\/zijin12.com\/en\/wp-json\/wp\/v2\/product\/28086\/revisions"}],"predecessor-version":[{"id":30429,"href":"https:\/\/zijin12.com\/en\/wp-json\/wp\/v2\/product\/28086\/revisions\/30429"}],"wp:featuredmedia":[{"embeddable":true,"href":"https:\/\/zijin12.com\/en\/wp-json\/wp\/v2\/media\/29324"}],"wp:attachment":[{"href":"https:\/\/zijin12.com\/en\/wp-json\/wp\/v2\/media?parent=28086"}],"wp:term":[{"taxonomy":"product_brand","embeddable":true,"href":"https:\/\/zijin12.com\/en\/wp-json\/wp\/v2\/product_brand?post=28086"},{"taxonomy":"product_cat","embeddable":true,"href":"https:\/\/zijin12.com\/en\/wp-json\/wp\/v2\/product_cat?post=28086"},{"taxonomy":"product_tag","embeddable":true,"href":"https:\/\/zijin12.com\/en\/wp-json\/wp\/v2\/product_tag?post=28086"}],"curies":[{"name":"wp","href":"https:\/\/api.w.org\/{rel}","templated":true}]}}