{"id":28090,"date":"2025-04-15T15:40:22","date_gmt":"2025-04-15T21:40:22","guid":{"rendered":"https:\/\/zijin12.com\/?post_type=product&#038;p=28090"},"modified":"2025-09-08T13:08:31","modified_gmt":"2025-09-08T19:08:31","slug":"set-de-114-pcs-reposteria","status":"publish","type":"product","link":"https:\/\/zijin12.com\/en\/product\/set-de-114-pcs-reposteria\/","title":{"rendered":"SET DE 114 PIEZAS PARA REPOSTERIA, ESPATULAS, MOLDES"},"content":{"rendered":"<p>PRODUCTO DISPONIBLE PARA ENV\u00cdO INMEDIATO<br \/>\nMarca: XIIRD | Producto Original.<\/p>\n<p>1. Soporte antideslizante para tocadiscos \u2014 El tocadiscos tiene una base de goma antideslizante que se puede mantener estable y mantener alrededor de la torta. La plataforma de 11 \u00ab(28 cm) gira en el sentido de las agujas del reloj y en el sentido contrario de las agujas del reloj, perfecto para la decoraci\u00f3n izquierda o derecha.<br \/>\n2. Varios batidores de hielo\/raspadores \u2014 Cuchillos de hielo y servidores de pasteles son pasteles lisos o cortados, chirridos de silicona para batir la crema y la salsa de agitaci\u00f3n, glaseado en la torta es perfecto y puede estar en la torta ado o crear no menos de 3 patrones en la parte superior.<br \/>\n3. Herramientas de decoraci\u00f3n de pasteles: diferentes puntas de tapado, acopladores, bolsillos reutilizables para tuber\u00edas, pinchos de flores y bol\u00edgrafos decorativos, puede crear una variedad de hermosos patrones en pasteles, pasteles y galletas.<br \/>\n4. Seguro y f\u00e1cil de usar: este kit de decoraci\u00f3n de pasteles es f\u00e1cil para ni\u00f1os y adultos. El kit de tubo de pastel est\u00e1 hecho de material de seguridad de acero inoxidable 304. Use estas herramientas para la decoraci\u00f3n de pasteles para diversi\u00f3n y relajaci\u00f3n.<\/p>\n<p>\u2014<br \/>\nUso de las instrucciones:<br \/>\n1) Lave todas las herramientas para pasteles en agua tibia antes de usar y limpiar.<br \/>\n2) Coloque el pastel en un plato giratorio, aplique crema de mantequilla y use el raspador para hacer la forma que desee.<br \/>\n3) La bolsa de flores es instalado con la boca de la flor, la crema se llena con cinta de la flor, y la cinta de la flor se aprieta para hacer su forma y patr\u00f3n pastel favorito.<br \/>\n4) Despu\u00e9s de terminar, use otros accesorios para alisar, levantar, cortar, decorar y limpiar los suministros.<br \/>\n&#8211;<br \/>\nEl paquete incluye:<br \/>\n* 1 x Plato giratorio para tartas,<br \/>\n* 48 puntas de hielo de acero inoxidable,<br \/>\n* 6 puntas de hielo grandes,<br \/>\n* 1 bolsas reutilizables,<br \/>\n* 1 x bolsas reutilizables,<br \/>\n* 1 x cepillo para tartas<br \/>\n* 1 x cortador de<br \/>\ntartas,<br \/>\n*1 x bol\u00edgrafo, 3 x raspadores de tartas,<br \/>\n* 2 x boquillas peque\u00f1as para tartas,<br \/>\n*1 x boquillas para tartas grandes,<br \/>\n*25 x bolsa desechable,<br \/>\n*1 x esp\u00e1tula para hielo,<br \/>\n*1 x Esp\u00e1tula de hielo en \u00e1ngulo,<br \/>\n*2 dientes de flores,<br \/>\n*1 levantador de flores,<br \/>\n*12 moldes para cupcakes.<br \/>\n*8 Top Cakes GRATIS<\/p>","protected":false},"excerpt":{"rendered":"<div class=\"ui-vpp-striped-specs\">\n<div class=\"ui-vpp-striped-specs__table\">\n<h3 class=\"ui-vpp-striped-specs__header\">Caracter\u00edsticas principales<\/h3>\n<table class=\"andes-table\" style=\"height: 62px;\" width=\"257\">\n<tbody class=\"andes-table__body\">\n<tr class=\"andes-table__row ui-vpp-striped-specs__row\">\n<th class=\"andes-table__header andes-table__header--left ui-vpp-striped-specs__row__column ui-vpp-striped-specs__row__column--id\" scope=\"row\">\n<div class=\"andes-table__header__container\">Marca<\/div>\n<\/th>\n<td id=\":Rabqlpakp7de:\" class=\"andes-table__column andes-table__column--left andes-table__column--vertical-align-center ui-vpp-striped-specs__row__column\"><span id=\":Rabqlpakp7de:-value\" class=\"andes-table__column--value\">Xiird<\/span><\/td>\n<\/tr>\n<tr class=\"andes-table__row ui-vpp-striped-specs__row\">\n<th class=\"andes-table__header andes-table__header--left ui-vpp-striped-specs__row__column ui-vpp-striped-specs__row__column--id\" scope=\"row\">\n<div class=\"andes-table__header__container\">Modelo<\/div>\n<\/th>\n<td id=\":Radqlpakp7de:\" class=\"andes-table__column andes-table__column--left andes-table__column--vertical-align-center ui-vpp-striped-specs__row__column\"><span id=\":Radqlpakp7de:-value\" class=\"andes-table__column--value\">KIT 114<\/span><\/td>\n<\/tr>\n<\/tbody>\n<\/table>\n<\/div>\n<\/div>\n<div class=\"ui-vpp-striped-specs\">\n<div class=\"ui-vpp-striped-specs__table\">\n<h3 class=\"ui-vpp-striped-specs__header\">Otros<\/h3>\n<table class=\"andes-table\">\n<tbody class=\"andes-table__body\">\n<tr class=\"andes-table__row ui-vpp-striped-specs__row\">\n<th class=\"andes-table__header andes-table__header--left ui-vpp-striped-specs__row__column ui-vpp-striped-specs__row__column--id\" scope=\"row\">\n<div class=\"andes-table__header__container\">Es un kit de f\u00e1brica<\/div>\n<\/th>\n<td id=\":Rkjr5pakp7de:\" class=\"andes-table__column andes-table__column--left andes-table__column--vertical-align-center ui-vpp-striped-specs__row__column\"><span id=\":Rkjr5pakp7de:-value\" class=\"andes-table__column--value\">S\u00ed<\/span><\/td>\n<\/tr>\n<tr class=\"andes-table__row ui-vpp-striped-specs__row\">\n<th class=\"andes-table__header andes-table__header--left ui-vpp-striped-specs__row__column ui-vpp-striped-specs__row__column--id\" scope=\"row\">\n<div class=\"andes-table__header__container\">Cantidad de piezas<\/div>\n<\/th>\n<td id=\":Rklr5pakp7de:\" class=\"andes-table__column andes-table__column--left andes-table__column--vertical-align-center ui-vpp-striped-specs__row__column\"><span id=\":Rklr5pakp7de:-value\" class=\"andes-table__column--value\">114<\/span><\/td>\n<\/tr>\n<tr class=\"andes-table__row ui-vpp-striped-specs__row\">\n<th class=\"andes-table__header andes-table__header--left ui-vpp-striped-specs__row__column ui-vpp-striped-specs__row__column--id\" scope=\"row\">\n<div class=\"andes-table__header__container\">Incluye molde para muffins<\/div>\n<\/th>\n<td id=\":Rknr5pakp7de:\" class=\"andes-table__column andes-table__column--left andes-table__column--vertical-align-center ui-vpp-striped-specs__row__column\"><span id=\":Rknr5pakp7de:-value\" class=\"andes-table__column--value\">S\u00ed<\/span><\/td>\n<\/tr>\n<tr class=\"andes-table__row ui-vpp-striped-specs__row\">\n<th class=\"andes-table__header andes-table__header--left ui-vpp-striped-specs__row__column ui-vpp-striped-specs__row__column--id\" scope=\"row\">\n<div class=\"andes-table__header__container\">Incluye duyas pasteleras<\/div>\n<\/th>\n<td id=\":Rkpr5pakp7de:\" class=\"andes-table__column andes-table__column--left andes-table__column--vertical-align-center ui-vpp-striped-specs__row__column\"><span id=\":Rkpr5pakp7de:-value\" class=\"andes-table__column--value\">S\u00ed<\/span><\/td>\n<\/tr>\n<tr class=\"andes-table__row ui-vpp-striped-specs__row\">\n<th class=\"andes-table__header andes-table__header--left ui-vpp-striped-specs__row__column ui-vpp-striped-specs__row__column--id\" scope=\"row\">\n<div class=\"andes-table__header__container\">Incluye molde para pasteles<\/div>\n<\/th>\n<td id=\":Rkrr5pakp7de:\" class=\"andes-table__column andes-table__column--left andes-table__column--vertical-align-center ui-vpp-striped-specs__row__column\"><span id=\":Rkrr5pakp7de:-value\" class=\"andes-table__column--value\">S\u00ed<\/span><\/td>\n<\/tr>\n<\/tbody>\n<\/table>\n<\/div>\n<\/div>","protected":false},"featured_media":29312,"comment_status":"open","ping_status":"closed","template":"","meta":[],"product_brand":[],"product_cat":[145],"product_tag":[],"class_list":{"0":"post-28090","1":"product","2":"type-product","3":"status-publish","4":"has-post-thumbnail","6":"product_cat-hogar-oficina-mobiliario","8":"first","9":"outofstock","10":"sale","11":"shipping-taxable","12":"purchasable","13":"product-type-simple"},"_links":{"self":[{"href":"https:\/\/zijin12.com\/en\/wp-json\/wp\/v2\/product\/28090","targetHints":{"allow":["GET"]}}],"collection":[{"href":"https:\/\/zijin12.com\/en\/wp-json\/wp\/v2\/product"}],"about":[{"href":"https:\/\/zijin12.com\/en\/wp-json\/wp\/v2\/types\/product"}],"replies":[{"embeddable":true,"href":"https:\/\/zijin12.com\/en\/wp-json\/wp\/v2\/comments?post=28090"}],"version-history":[{"count":4,"href":"https:\/\/zijin12.com\/en\/wp-json\/wp\/v2\/product\/28090\/revisions"}],"predecessor-version":[{"id":30427,"href":"https:\/\/zijin12.com\/en\/wp-json\/wp\/v2\/product\/28090\/revisions\/30427"}],"wp:featuredmedia":[{"embeddable":true,"href":"https:\/\/zijin12.com\/en\/wp-json\/wp\/v2\/media\/29312"}],"wp:attachment":[{"href":"https:\/\/zijin12.com\/en\/wp-json\/wp\/v2\/media?parent=28090"}],"wp:term":[{"taxonomy":"product_brand","embeddable":true,"href":"https:\/\/zijin12.com\/en\/wp-json\/wp\/v2\/product_brand?post=28090"},{"taxonomy":"product_cat","embeddable":true,"href":"https:\/\/zijin12.com\/en\/wp-json\/wp\/v2\/product_cat?post=28090"},{"taxonomy":"product_tag","embeddable":true,"href":"https:\/\/zijin12.com\/en\/wp-json\/wp\/v2\/product_tag?post=28090"}],"curies":[{"name":"wp","href":"https:\/\/api.w.org\/{rel}","templated":true}]}}