{"id":28094,"date":"2025-04-15T15:42:14","date_gmt":"2025-04-15T21:42:14","guid":{"rendered":"https:\/\/zijin12.com\/?post_type=product&#038;p=28094"},"modified":"2025-09-08T12:33:55","modified_gmt":"2025-09-08T18:33:55","slug":"set-de-76-pcs-reposteria","status":"publish","type":"product","link":"https:\/\/zijin12.com\/en\/product\/set-de-76-pcs-reposteria\/","title":{"rendered":"KIT DE DECORACI\u00d3N DE 76 PCS REPOSTERIA, PASTELES"},"content":{"rendered":"<p>PRODUCTO DISPONIBLE PARA ENV\u00cdO INMEDIATO<br \/>\nMarca: XIIRD | Producto Original.<\/p>\n<p>KIT DE 76 BOQUILLAS PARA REPOSTER\u00cdA XIIRD &#8211; \u00a1DECORA COMO UN PROFESIONAL\u00a1<\/p>\n<p>Lleva tu creatividad al siguiente nivel con este kit de reposter\u00eda de 76 piezas, ideal para decorar pasteles, cupcakes, galletas y mucho m\u00e1s. Con boquillas de acero inoxidable resistentes y duraderas, tendr\u00e1s todo lo que necesitas para crear dise\u00f1os \u00fanicos y llenos de estilo.<br \/>\nEl set incluye boquillas en color plata y mangas reutilizables en divertidos colores rosa, azul y verde, perfectas para darle un toque alegre a tu cocina. Ya seas principiante o experto, este kit para decorar pasteles es f\u00e1cil de usar, limpiar y almacenar.<\/p>\n<p>CARACRTERISTICAS DESTACADAS:<br \/>\n&#8211; Material de alta calidad, resistente y seguro para alimentos<br \/>\n&#8211; Dise\u00f1ado para uso personal o profesional<\/p>\n<p>IDEAL PARA:<br \/>\n&#8211; Reposteros profesionales y aficionados<br \/>\n&#8211; Clases y capacitaciones de reposter\u00eda<br \/>\n&#8211; Regalos creativos para amantes de la cocina<br \/>\n&#8211; Cafeter\u00edas y negocios que buscan acabados impecables<\/p>\n<p>CONTENIDO DEL KIT:<br \/>\nPaquete incluye:<br \/>\n36 x boquillas de tuber\u00eda peque\u00f1as<br \/>\n10 x correas de sellado<br \/>\n6 x boquillas grandes para boquillas<br \/>\n6 x bolsas desechables<br \/>\n4 x acopladores de tuber\u00eda<br \/>\n3 x bolsas de reposter\u00eda de silicona reutilizables<br \/>\n3 x raspadores de crema<br \/>\n1 x cepillo de punta de pastel<br \/>\n1 x levantador de flores<br \/>\n1 x crema de tijera<br \/>\n1 x caja de almacenamiento<br \/>\n4. Miniaturas de pan<\/p>\n<p>Con este kit de boquillas para pasteles, tus creaciones no solo se ver\u00e1n incre\u00edbles\u2026 \u00a1tambi\u00e9n ser\u00e1n irresistibles!<\/p>","protected":false},"excerpt":{"rendered":"<div class=\"ui-vpp-striped-specs\">\n<div class=\"ui-vpp-striped-specs__table\">\n<h3 class=\"ui-vpp-striped-specs__header\">Caracter\u00edsticas principales<\/h3>\n<table class=\"andes-table\">\n<tbody class=\"andes-table__body\">\n<tr class=\"andes-table__row ui-vpp-striped-specs__row\">\n<th class=\"andes-table__header andes-table__header--left ui-vpp-striped-specs__row__column ui-vpp-striped-specs__row__column--id\" scope=\"row\">\n<div class=\"andes-table__header__container\">Marca<\/div>\n<\/th>\n<td id=\":Rabqlpakp7de:\" class=\"andes-table__column andes-table__column--left andes-table__column--vertical-align-center ui-vpp-striped-specs__row__column\"><span id=\":Rabqlpakp7de:-value\" class=\"andes-table__column--value\">Xiird<\/span><\/td>\n<\/tr>\n<tr class=\"andes-table__row ui-vpp-striped-specs__row\">\n<th class=\"andes-table__header andes-table__header--left ui-vpp-striped-specs__row__column ui-vpp-striped-specs__row__column--id\" scope=\"row\">\n<div class=\"andes-table__header__container\">Modelo<\/div>\n<\/th>\n<td id=\":Radqlpakp7de:\" class=\"andes-table__column andes-table__column--left andes-table__column--vertical-align-center ui-vpp-striped-specs__row__column\"><span id=\":Radqlpakp7de:-value\" class=\"andes-table__column--value\">KIT DE 76<\/span><\/td>\n<\/tr>\n<\/tbody>\n<\/table>\n<\/div>\n<\/div>\n<div class=\"ui-vpp-striped-specs\">\n<div class=\"ui-vpp-striped-specs__table\">\n<h3 class=\"ui-vpp-striped-specs__header\">Otros<\/h3>\n<table class=\"andes-table\">\n<tbody class=\"andes-table__body\">\n<tr class=\"andes-table__row ui-vpp-striped-specs__row\">\n<th class=\"andes-table__header andes-table__header--left ui-vpp-striped-specs__row__column ui-vpp-striped-specs__row__column--id\" scope=\"row\">\n<div class=\"andes-table__header__container\">Es un kit de f\u00e1brica<\/div>\n<\/th>\n<td id=\":Rkjr5pakp7de:\" class=\"andes-table__column andes-table__column--left andes-table__column--vertical-align-center ui-vpp-striped-specs__row__column\"><span id=\":Rkjr5pakp7de:-value\" class=\"andes-table__column--value\">S\u00ed<\/span><\/td>\n<\/tr>\n<tr class=\"andes-table__row ui-vpp-striped-specs__row\">\n<th class=\"andes-table__header andes-table__header--left ui-vpp-striped-specs__row__column ui-vpp-striped-specs__row__column--id\" scope=\"row\">\n<div class=\"andes-table__header__container\">Cantidad de piezas<\/div>\n<\/th>\n<td id=\":Rklr5pakp7de:\" class=\"andes-table__column andes-table__column--left andes-table__column--vertical-align-center ui-vpp-striped-specs__row__column\"><span id=\":Rklr5pakp7de:-value\" class=\"andes-table__column--value\">76<\/span><\/td>\n<\/tr>\n<tr class=\"andes-table__row ui-vpp-striped-specs__row\">\n<th class=\"andes-table__header andes-table__header--left ui-vpp-striped-specs__row__column ui-vpp-striped-specs__row__column--id\" scope=\"row\">\n<div class=\"andes-table__header__container\">Incluye molde para muffins<\/div>\n<\/th>\n<td id=\":Rknr5pakp7de:\" class=\"andes-table__column andes-table__column--left andes-table__column--vertical-align-center ui-vpp-striped-specs__row__column\"><span id=\":Rknr5pakp7de:-value\" class=\"andes-table__column--value\">S\u00ed<\/span><\/td>\n<\/tr>\n<tr class=\"andes-table__row ui-vpp-striped-specs__row\">\n<th class=\"andes-table__header andes-table__header--left ui-vpp-striped-specs__row__column ui-vpp-striped-specs__row__column--id\" scope=\"row\">\n<div class=\"andes-table__header__container\">Incluye duyas pasteleras<\/div>\n<\/th>\n<td id=\":Rkpr5pakp7de:\" class=\"andes-table__column andes-table__column--left andes-table__column--vertical-align-center ui-vpp-striped-specs__row__column\"><span id=\":Rkpr5pakp7de:-value\" class=\"andes-table__column--value\">S\u00ed<\/span><\/td>\n<\/tr>\n<tr class=\"andes-table__row ui-vpp-striped-specs__row\">\n<th class=\"andes-table__header andes-table__header--left ui-vpp-striped-specs__row__column ui-vpp-striped-specs__row__column--id\" scope=\"row\">\n<div class=\"andes-table__header__container\">Incluye molde para pasteles<\/div>\n<\/th>\n<td id=\":Rkrr5pakp7de:\" class=\"andes-table__column andes-table__column--left andes-table__column--vertical-align-center ui-vpp-striped-specs__row__column\"><span id=\":Rkrr5pakp7de:-value\" class=\"andes-table__column--value\">S\u00ed<\/span><\/td>\n<\/tr>\n<\/tbody>\n<\/table>\n<\/div>\n<\/div>","protected":false},"featured_media":29263,"comment_status":"open","ping_status":"closed","template":"","meta":[],"product_brand":[],"product_cat":[145],"product_tag":[],"class_list":{"0":"post-28094","1":"product","2":"type-product","3":"status-publish","4":"has-post-thumbnail","6":"product_cat-hogar-oficina-mobiliario","8":"first","9":"outofstock","10":"sale","11":"shipping-taxable","12":"purchasable","13":"product-type-simple"},"_links":{"self":[{"href":"https:\/\/zijin12.com\/en\/wp-json\/wp\/v2\/product\/28094","targetHints":{"allow":["GET"]}}],"collection":[{"href":"https:\/\/zijin12.com\/en\/wp-json\/wp\/v2\/product"}],"about":[{"href":"https:\/\/zijin12.com\/en\/wp-json\/wp\/v2\/types\/product"}],"replies":[{"embeddable":true,"href":"https:\/\/zijin12.com\/en\/wp-json\/wp\/v2\/comments?post=28094"}],"version-history":[{"count":4,"href":"https:\/\/zijin12.com\/en\/wp-json\/wp\/v2\/product\/28094\/revisions"}],"predecessor-version":[{"id":30423,"href":"https:\/\/zijin12.com\/en\/wp-json\/wp\/v2\/product\/28094\/revisions\/30423"}],"wp:featuredmedia":[{"embeddable":true,"href":"https:\/\/zijin12.com\/en\/wp-json\/wp\/v2\/media\/29263"}],"wp:attachment":[{"href":"https:\/\/zijin12.com\/en\/wp-json\/wp\/v2\/media?parent=28094"}],"wp:term":[{"taxonomy":"product_brand","embeddable":true,"href":"https:\/\/zijin12.com\/en\/wp-json\/wp\/v2\/product_brand?post=28094"},{"taxonomy":"product_cat","embeddable":true,"href":"https:\/\/zijin12.com\/en\/wp-json\/wp\/v2\/product_cat?post=28094"},{"taxonomy":"product_tag","embeddable":true,"href":"https:\/\/zijin12.com\/en\/wp-json\/wp\/v2\/product_tag?post=28094"}],"curies":[{"name":"wp","href":"https:\/\/api.w.org\/{rel}","templated":true}]}}