{"id":28096,"date":"2025-04-15T15:43:19","date_gmt":"2025-04-15T21:43:19","guid":{"rendered":"https:\/\/zijin12.com\/?post_type=product&#038;p=28096"},"modified":"2025-09-08T12:18:48","modified_gmt":"2025-09-08T18:18:48","slug":"cupcake-silicone","status":"publish","type":"product","link":"https:\/\/zijin12.com\/en\/product\/cupcake-silicone\/","title":{"rendered":"MOLDES DE SILICON PARA CUPCAKE, CAPACILLO 24 PIEZAS"},"content":{"rendered":"<p>PRODUCTO DISPONIBLE PARA ENV\u00cdO INMEDIATO<br \/>\nMarca: XIIRD | Producto Original.<\/p>\n<p>MOLDES DE SILICONA XIIRD \u2013 KIT DE 24 PIEZAS MULTICOLOR PARA CUPCAKES Y M\u00c1S<br \/>\nLleva tu reposter\u00eda al siguiente nivel con este kit de moldes de silicona XIIRD. Dise\u00f1ados en colores vibrantes (verde, azul y rosa), estos moldes no solo son funcionales, sino que tambi\u00e9n le dar\u00e1n un toque alegre a tu cocina.<br \/>\nFabricados con silicona de alta calidad, son resistentes, flexibles y reutilizables, ideales para hornear y desmoldar f\u00e1cilmente sin que tus creaciones se peguen.<\/p>\n<p>CARACTERISTICAS PRINCIPALES:<br \/>\n&#8211; Kit con 24 moldes de silicona resistentes y duraderos.<br \/>\n&#8211; Colores surtidos: verde, azul y rosa en un mismo set.<br \/>\n&#8211; Perfectos como moldes para cupcake, panqu\u00e9, gelatinas y helados.<br \/>\n&#8211; Flexibles y antiadherentes, para un desmolde f\u00e1cil y sin complicaciones.<br \/>\n&#8211; F\u00e1cil de lavar.<br \/>\n&#8211; Aptos para horno, microondas, congelador.<br \/>\n&#8211; Ideales para reposteros, pasteleros, uso personal o profesional.<\/p>\n<p>USOS RECOMENDADOS:<br \/>\nPerfectos para reposter\u00eda, cafeter\u00edas, pasteler\u00edas y cocina en casa. \u00dasalos como moldes para cupcakes, moldes para gelatinas, helados o incluso peque\u00f1os panes y postres creativos.<\/p>\n<p>Con el kit de moldes XIIRD podr\u00e1s hornear, enfriar o congelar con total confianza, sabiendo que tus preparaciones tendr\u00e1n siempre una forma perfecta.<\/p>","protected":false},"excerpt":{"rendered":"<div class=\"ui-vpp-striped-specs__table\">\n<h3 class=\"ui-vpp-striped-specs__header\">Caracter\u00edsticas principales<\/h3>\n<\/div>\n<table class=\"andes-table\">\n<tbody class=\"andes-table__body\">\n<tr class=\"andes-table__row ui-vpp-striped-specs__row\">\n<th class=\"andes-table__header andes-table__header--left ui-vpp-striped-specs__row__column ui-vpp-striped-specs__row__column--id\" scope=\"row\">\n<div class=\"andes-table__header__container\">Marca<\/div>\n<\/th>\n<td id=\":Rabqlpakp7de:\" class=\"andes-table__column andes-table__column--left andes-table__column--vertical-align-center ui-vpp-striped-specs__row__column\"><span id=\":Rabqlpakp7de:-value\" class=\"andes-table__column--value\">Xiird<\/span><\/td>\n<\/tr>\n<tr class=\"andes-table__row ui-vpp-striped-specs__row\">\n<th class=\"andes-table__header andes-table__header--left ui-vpp-striped-specs__row__column ui-vpp-striped-specs__row__column--id\" scope=\"row\">\n<div class=\"andes-table__header__container\">Modelo<\/div>\n<\/th>\n<td id=\":Radqlpakp7de:\" class=\"andes-table__column andes-table__column--left andes-table__column--vertical-align-center ui-vpp-striped-specs__row__column\"><span id=\":Radqlpakp7de:-value\" class=\"andes-table__column--value\">MOLDES<\/span><\/td>\n<\/tr>\n<\/tbody>\n<\/table>\n<div class=\"ui-vpp-striped-specs__table\">\n<h3 class=\"ui-vpp-striped-specs__header\">Otros<\/h3>\n<table class=\"andes-table\">\n<tbody class=\"andes-table__body\">\n<tr class=\"andes-table__row ui-vpp-striped-specs__row\">\n<th class=\"andes-table__header andes-table__header--left ui-vpp-striped-specs__row__column ui-vpp-striped-specs__row__column--id\" scope=\"row\">\n<div class=\"andes-table__header__container\">Es un kit de f\u00e1brica<\/div>\n<\/th>\n<td id=\":Rkjr5pakp7de:\" class=\"andes-table__column andes-table__column--left andes-table__column--vertical-align-center ui-vpp-striped-specs__row__column\"><span id=\":Rkjr5pakp7de:-value\" class=\"andes-table__column--value\">S\u00ed<\/span><\/td>\n<\/tr>\n<tr class=\"andes-table__row ui-vpp-striped-specs__row\">\n<th class=\"andes-table__header andes-table__header--left ui-vpp-striped-specs__row__column ui-vpp-striped-specs__row__column--id\" scope=\"row\">\n<div class=\"andes-table__header__container\">Cantidad de piezas<\/div>\n<\/th>\n<td id=\":Rklr5pakp7de:\" class=\"andes-table__column andes-table__column--left andes-table__column--vertical-align-center ui-vpp-striped-specs__row__column\"><span id=\":Rklr5pakp7de:-value\" class=\"andes-table__column--value\">24<\/span><\/td>\n<\/tr>\n<tr class=\"andes-table__row ui-vpp-striped-specs__row\">\n<th class=\"andes-table__header andes-table__header--left ui-vpp-striped-specs__row__column ui-vpp-striped-specs__row__column--id\" scope=\"row\">\n<div class=\"andes-table__header__container\">Incluye molde para muffins<\/div>\n<\/th>\n<td id=\":Rknr5pakp7de:\" class=\"andes-table__column andes-table__column--left andes-table__column--vertical-align-center ui-vpp-striped-specs__row__column\"><span id=\":Rknr5pakp7de:-value\" class=\"andes-table__column--value\">S\u00ed<\/span><\/td>\n<\/tr>\n<tr class=\"andes-table__row ui-vpp-striped-specs__row\">\n<th class=\"andes-table__header andes-table__header--left ui-vpp-striped-specs__row__column ui-vpp-striped-specs__row__column--id\" scope=\"row\">\n<div class=\"andes-table__header__container\">Incluye duyas pasteleras<\/div>\n<\/th>\n<td id=\":Rkpr5pakp7de:\" class=\"andes-table__column andes-table__column--left andes-table__column--vertical-align-center ui-vpp-striped-specs__row__column\"><span id=\":Rkpr5pakp7de:-value\" class=\"andes-table__column--value\">No<\/span><\/td>\n<\/tr>\n<tr class=\"andes-table__row ui-vpp-striped-specs__row\">\n<th class=\"andes-table__header andes-table__header--left ui-vpp-striped-specs__row__column ui-vpp-striped-specs__row__column--id\" scope=\"row\">\n<div class=\"andes-table__header__container\">Incluye molde para pasteles<\/div>\n<\/th>\n<td id=\":Rkrr5pakp7de:\" class=\"andes-table__column andes-table__column--left andes-table__column--vertical-align-center ui-vpp-striped-specs__row__column\"><\/td>\n<\/tr>\n<\/tbody>\n<\/table>\n<\/div>","protected":false},"featured_media":29266,"comment_status":"open","ping_status":"closed","template":"","meta":[],"product_brand":[],"product_cat":[145],"product_tag":[],"class_list":{"0":"post-28096","1":"product","2":"type-product","3":"status-publish","4":"has-post-thumbnail","6":"product_cat-hogar-oficina-mobiliario","8":"first","9":"instock","10":"sale","11":"shipping-taxable","12":"purchasable","13":"product-type-simple"},"_links":{"self":[{"href":"https:\/\/zijin12.com\/en\/wp-json\/wp\/v2\/product\/28096","targetHints":{"allow":["GET"]}}],"collection":[{"href":"https:\/\/zijin12.com\/en\/wp-json\/wp\/v2\/product"}],"about":[{"href":"https:\/\/zijin12.com\/en\/wp-json\/wp\/v2\/types\/product"}],"replies":[{"embeddable":true,"href":"https:\/\/zijin12.com\/en\/wp-json\/wp\/v2\/comments?post=28096"}],"version-history":[{"count":4,"href":"https:\/\/zijin12.com\/en\/wp-json\/wp\/v2\/product\/28096\/revisions"}],"predecessor-version":[{"id":30421,"href":"https:\/\/zijin12.com\/en\/wp-json\/wp\/v2\/product\/28096\/revisions\/30421"}],"wp:featuredmedia":[{"embeddable":true,"href":"https:\/\/zijin12.com\/en\/wp-json\/wp\/v2\/media\/29266"}],"wp:attachment":[{"href":"https:\/\/zijin12.com\/en\/wp-json\/wp\/v2\/media?parent=28096"}],"wp:term":[{"taxonomy":"product_brand","embeddable":true,"href":"https:\/\/zijin12.com\/en\/wp-json\/wp\/v2\/product_brand?post=28096"},{"taxonomy":"product_cat","embeddable":true,"href":"https:\/\/zijin12.com\/en\/wp-json\/wp\/v2\/product_cat?post=28096"},{"taxonomy":"product_tag","embeddable":true,"href":"https:\/\/zijin12.com\/en\/wp-json\/wp\/v2\/product_tag?post=28096"}],"curies":[{"name":"wp","href":"https:\/\/api.w.org\/{rel}","templated":true}]}}