{"id":28185,"date":"2025-04-16T16:50:26","date_gmt":"2025-04-16T22:50:26","guid":{"rendered":"https:\/\/zijin12.com\/?post_type=product&#038;p=28185"},"modified":"2025-10-29T19:49:54","modified_gmt":"2025-10-30T01:49:54","slug":"carrito-de-seguridad-x2","status":"publish","type":"product","link":"https:\/\/zijin12.com\/en\/product\/carrito-de-seguridad-x2\/","title":{"rendered":"CARRITO DE SEGURIDAD PARA BARBER\u00cdA, 5 CHAROLAS MOD LCBE"},"content":{"rendered":"<p>PRODUCTO DISPONIBLE PARA ENV\u00cdO INMEDIATO<br \/>\nMarca: XIIRD | Producto Original.<\/p>\n<p>Dise\u00f1o pr\u00e1ctico, cuenta con 7 repisas extra\u00edbles y con 4 ruedas 360 grados para f\u00e1cil transportaci\u00f3n.<\/p>\n<p>Con chapa de seguridad.<\/p>\n<p>Orejas de Soporte para amenidades de barber\u00eda o Spa, Masajes<\/p>\n<p>MATERIALES:<br \/>\n&#8211; Patas de Metal<br \/>\n&#8211; Repisas de Pl\u00e1stico<br \/>\n&#8211; Orejas extra\u00edble<\/p>\n<p>AREAS IDEALES:<br \/>\n&#8211; Rack organizador para est\u00e9tica, barber\u00edas o salones de belleza.<br \/>\n&#8211; Organizador para cuartos de dormitorio<br \/>\n&#8211; Rack para ba\u00f1o<\/p>\n<p>MEDIDAS:<br \/>\n&#8211; Altura 84 cm<br \/>\n&#8211; Largo 40-50 cm<br \/>\n&#8211; Ancho 30 cm<\/p>\n<p>Haz de tu espacio de trabajo un lugar m\u00e1s eficiente y ordenado con este carrito auxiliar, el aliado perfecto para ofrecer un servicio \u00e1gil y de calidad.<\/p>","protected":false},"excerpt":{"rendered":"<div class=\"ui-vpp-striped-specs\">\n<div class=\"ui-vpp-striped-specs__table\">\n<h3 class=\"ui-vpp-striped-specs__header\">Caracter\u00edsticas principales<\/h3>\n<table class=\"andes-table\" style=\"height: 60px;\" width=\"342\">\n<tbody class=\"andes-table__body\">\n<tr class=\"andes-table__row ui-vpp-striped-specs__row\">\n<th class=\"andes-table__header andes-table__header--left ui-vpp-striped-specs__row__column ui-vpp-striped-specs__row__column--id\" scope=\"row\">\n<div class=\"andes-table__header__container\">Marca<\/div>\n<\/th>\n<td id=\":Rknlbkulqcde:\" class=\"andes-table__column andes-table__column--left andes-table__column--vertical-align-center ui-vpp-striped-specs__row__column\"><span id=\":Rknlbkulqcde:-value\" class=\"andes-table__column--value\">Xiird<\/span><\/td>\n<\/tr>\n<tr class=\"andes-table__row ui-vpp-striped-specs__row\">\n<th class=\"andes-table__header andes-table__header--left ui-vpp-striped-specs__row__column ui-vpp-striped-specs__row__column--id\" scope=\"row\">\n<div class=\"andes-table__header__container\">Modelo<\/div>\n<\/th>\n<td id=\":Rkrlbkulqcde:\" class=\"andes-table__column andes-table__column--left andes-table__column--vertical-align-center ui-vpp-striped-specs__row__column\"><span id=\":Rkrlbkulqcde:-value\" class=\"andes-table__column--value\">LCBX<\/span><\/td>\n<\/tr>\n<\/tbody>\n<\/table>\n<\/div>\n<\/div>\n<div class=\"ui-vpp-striped-specs\">\n<div class=\"ui-vpp-striped-specs__table\">\n<h3 class=\"ui-vpp-striped-specs__header\">Otros<\/h3>\n<table class=\"andes-table\">\n<tbody class=\"andes-table__body\">\n<tr class=\"andes-table__row ui-vpp-striped-specs__row\">\n<th class=\"andes-table__header andes-table__header--left ui-vpp-striped-specs__row__column ui-vpp-striped-specs__row__column--id\" scope=\"row\">\n<div class=\"andes-table__header__container\">Material<\/div>\n<\/th>\n<td id=\":R197mbkulqcde:\" class=\"andes-table__column andes-table__column--left andes-table__column--vertical-align-center ui-vpp-striped-specs__row__column\"><span id=\":R197mbkulqcde:-value\" class=\"andes-table__column--value\">Pl\u00e1stico<\/span><\/td>\n<\/tr>\n<tr class=\"andes-table__row ui-vpp-striped-specs__row\">\n<th class=\"andes-table__header andes-table__header--left ui-vpp-striped-specs__row__column ui-vpp-striped-specs__row__column--id\" scope=\"row\">\n<div class=\"andes-table__header__container\">Cantidad de cajones<\/div>\n<\/th>\n<td id=\":R19bmbkulqcde:\" class=\"andes-table__column andes-table__column--left andes-table__column--vertical-align-center ui-vpp-striped-specs__row__column\"><span id=\":R19bmbkulqcde:-value\" class=\"andes-table__column--value\">5<\/span><\/td>\n<\/tr>\n<tr class=\"andes-table__row ui-vpp-striped-specs__row\">\n<th class=\"andes-table__header andes-table__header--left ui-vpp-striped-specs__row__column ui-vpp-striped-specs__row__column--id\" scope=\"row\">\n<div class=\"andes-table__header__container\">Largo x Altura x Ancho<\/div>\n<\/th>\n<td id=\":R19fmbkulqcde:\" class=\"andes-table__column andes-table__column--left andes-table__column--vertical-align-center ui-vpp-striped-specs__row__column\"><span id=\":R19fmbkulqcde:-value\" class=\"andes-table__column--value\">40 cm x 84 cm x 30 cm<\/span><\/td>\n<\/tr>\n<tr class=\"andes-table__row ui-vpp-striped-specs__row\">\n<th class=\"andes-table__header andes-table__header--left ui-vpp-striped-specs__row__column ui-vpp-striped-specs__row__column--id\" scope=\"row\">\n<div class=\"andes-table__header__container\">Con ruedas<\/div>\n<\/th>\n<td id=\":R19jmbkulqcde:\" class=\"andes-table__column andes-table__column--left andes-table__column--vertical-align-center ui-vpp-striped-specs__row__column\"><span id=\":R19jmbkulqcde:-value\" class=\"andes-table__column--value\">S\u00ed<\/span><\/td>\n<\/tr>\n<tr class=\"andes-table__row ui-vpp-striped-specs__row\">\n<th class=\"andes-table__header andes-table__header--left ui-vpp-striped-specs__row__column ui-vpp-striped-specs__row__column--id\" scope=\"row\">\n<div class=\"andes-table__header__container\">Usos recomendados<\/div>\n<\/th>\n<td id=\":R19nmbkulqcde:\" class=\"andes-table__column andes-table__column--left andes-table__column--vertical-align-center ui-vpp-striped-specs__row__column\"><span id=\":R19nmbkulqcde:-value\" class=\"andes-table__column--value\">Barbear\u00eda, Sal\u00f3n de belleza<\/span><\/td>\n<\/tr>\n<\/tbody>\n<\/table>\n<\/div>\n<\/div>","protected":false},"featured_media":28639,"comment_status":"open","ping_status":"closed","template":"","meta":[],"product_brand":[],"product_cat":[144],"product_tag":[],"class_list":{"0":"post-28185","1":"product","2":"type-product","3":"status-publish","4":"has-post-thumbnail","6":"product_cat-belleza-integral-salud-y-estilo-de-vida-activo","8":"first","9":"outofstock","10":"sale","11":"shipping-taxable","12":"purchasable","13":"product-type-simple"},"_links":{"self":[{"href":"https:\/\/zijin12.com\/en\/wp-json\/wp\/v2\/product\/28185","targetHints":{"allow":["GET"]}}],"collection":[{"href":"https:\/\/zijin12.com\/en\/wp-json\/wp\/v2\/product"}],"about":[{"href":"https:\/\/zijin12.com\/en\/wp-json\/wp\/v2\/types\/product"}],"replies":[{"embeddable":true,"href":"https:\/\/zijin12.com\/en\/wp-json\/wp\/v2\/comments?post=28185"}],"version-history":[{"count":7,"href":"https:\/\/zijin12.com\/en\/wp-json\/wp\/v2\/product\/28185\/revisions"}],"predecessor-version":[{"id":30318,"href":"https:\/\/zijin12.com\/en\/wp-json\/wp\/v2\/product\/28185\/revisions\/30318"}],"wp:featuredmedia":[{"embeddable":true,"href":"https:\/\/zijin12.com\/en\/wp-json\/wp\/v2\/media\/28639"}],"wp:attachment":[{"href":"https:\/\/zijin12.com\/en\/wp-json\/wp\/v2\/media?parent=28185"}],"wp:term":[{"taxonomy":"product_brand","embeddable":true,"href":"https:\/\/zijin12.com\/en\/wp-json\/wp\/v2\/product_brand?post=28185"},{"taxonomy":"product_cat","embeddable":true,"href":"https:\/\/zijin12.com\/en\/wp-json\/wp\/v2\/product_cat?post=28185"},{"taxonomy":"product_tag","embeddable":true,"href":"https:\/\/zijin12.com\/en\/wp-json\/wp\/v2\/product_tag?post=28185"}],"curies":[{"name":"wp","href":"https:\/\/api.w.org\/{rel}","templated":true}]}}