{"id":28288,"date":"2025-04-21T14:30:51","date_gmt":"2025-04-21T20:30:51","guid":{"rendered":"https:\/\/zijin12.com\/?post_type=product&#038;p=28288"},"modified":"2025-09-05T16:09:37","modified_gmt":"2025-09-05T22:09:37","slug":"casco-de-diseno-azteca","status":"publish","type":"product","link":"https:\/\/zijin12.com\/en\/product\/casco-de-diseno-azteca\/","title":{"rendered":"CASCO CERTIFICADO DOT CON DOBLE LENTE, DISE\u00d1O CALENDARIO AZTECA"},"content":{"rendered":"<p>PRODUCTO DISPONIBLE PARA ENV\u00cdO INMEDIATO<br \/>\nMarca: XIIRD | Producto Original<\/p>\n<p>PROTECCI\u00d3N CERTIFICADA Y ESTILO REFORZADO PARA CADA RUTA<\/p>\n<p>El casco para moto XIIRD modelo AZTEC es la opci\u00f3n perfecta si buscas seguridad sin renunciar al dise\u00f1o. Ideal para uso urbano, combina comodidad, resistencia y un look que resalta.<br \/>\nT\u00fa mereces sentirte seguro sin perder estilo. Este casco rebatible est\u00e1 dise\u00f1ado con doble lente para adaptarse a distintas condiciones de luz, brind\u00e1ndote mayor visibilidad y confianza al manejar.<br \/>\nSu estructura ligera y construcci\u00f3n reforzada en ABS lo hacen ideal para trayectos diarios, manteni\u00e9ndote protegido sin incomodidades.<\/p>\n<p>CARACTERISTICAS:<br \/>\n&#8211; Certificaci\u00f3n de seguridad para uso urbano<br \/>\n&#8211; Exterior de pl\u00e1stico ABS + interior de espuma de alto impacto<br \/>\n&#8211; Doble lente para conducci\u00f3n en distintas condiciones de luz<br \/>\n&#8211; Dise\u00f1o rebatible y ventilaci\u00f3n \u00f3ptima para mayor comodidad<br \/>\n&#8211; Estilo AZTEC brilloso, moderno y sin fecha de caducidad<\/p>\n<p>\u00a1Hazlo tuyo hoy y conduce con estilo y seguridad! Env\u00edo gratis<\/p>","protected":false},"excerpt":{"rendered":"<div class=\"ui-vpp-striped-specs\">\n<div class=\"ui-vpp-striped-specs__table\">\n<h3 class=\"ui-vpp-striped-specs__header\">Caracter\u00edsticas principales<\/h3>\n<table class=\"andes-table\" style=\"height: 34px;\" width=\"318\">\n<tbody class=\"andes-table__body\">\n<tr class=\"andes-table__row ui-vpp-striped-specs__row\">\n<th class=\"andes-table__header andes-table__header--left ui-vpp-striped-specs__row__column ui-vpp-striped-specs__row__column--id\" scope=\"row\">\n<div class=\"andes-table__header__container\">Acabado<\/div>\n<\/th>\n<td id=\":R19u5bkulqc5e:\" class=\"andes-table__column andes-table__column--left andes-table__column--vertical-align-center ui-vpp-striped-specs__row__column\"><span id=\":R19u5bkulqc5e:-value\" class=\"andes-table__column--value\">Brilloso<\/span><\/td>\n<\/tr>\n<\/tbody>\n<\/table>\n<\/div>\n<div class=\"ui-vpp-striped-specs__table\">\n<h3 class=\"ui-vpp-striped-specs__header\">Especificaciones<\/h3>\n<table class=\"andes-table\">\n<tbody class=\"andes-table__body\">\n<tr class=\"andes-table__row ui-vpp-striped-specs__row\">\n<th class=\"andes-table__header andes-table__header--left ui-vpp-striped-specs__row__column ui-vpp-striped-specs__row__column--id\" scope=\"row\">\n<div class=\"andes-table__header__container\">Tipo de casco<\/div>\n<\/th>\n<td id=\":R2iu9bkulqc5e:\" class=\"andes-table__column andes-table__column--left andes-table__column--vertical-align-center ui-vpp-striped-specs__row__column\"><span id=\":R2iu9bkulqc5e:-value\" class=\"andes-table__column--value\">Integral<\/span><\/td>\n<\/tr>\n<tr class=\"andes-table__row ui-vpp-striped-specs__row\">\n<th class=\"andes-table__header andes-table__header--left ui-vpp-striped-specs__row__column ui-vpp-striped-specs__row__column--id\" scope=\"row\">\n<div class=\"andes-table__header__container\">Estilo de conducci\u00f3n en moto<\/div>\n<\/th>\n<td id=\":R2je9bkulqc5e:\" class=\"andes-table__column andes-table__column--left andes-table__column--vertical-align-center ui-vpp-striped-specs__row__column\"><span id=\":R2je9bkulqc5e:-value\" class=\"andes-table__column--value\">Deportivo<\/span><\/td>\n<\/tr>\n<\/tbody>\n<\/table>\n<\/div>\n<div class=\"ui-vpp-striped-specs__table\">\n<h3 class=\"ui-vpp-striped-specs__header\">Informaci\u00f3n del usuario<\/h3>\n<table class=\"andes-table\" style=\"height: 32px;\" width=\"313\">\n<tbody class=\"andes-table__body\">\n<tr class=\"andes-table__row ui-vpp-striped-specs__row\">\n<th class=\"andes-table__header andes-table__header--left ui-vpp-striped-specs__row__column ui-vpp-striped-specs__row__column--id\" scope=\"row\">\n<div class=\"andes-table__header__container\">Edad<\/div>\n<\/th>\n<td id=\":R19udbkulqc5e:\" class=\"andes-table__column andes-table__column--left andes-table__column--vertical-align-center ui-vpp-striped-specs__row__column\"><span id=\":R19udbkulqc5e:-value\" class=\"andes-table__column--value\">Adultos<\/span><\/td>\n<\/tr>\n<\/tbody>\n<\/table>\n<\/div>\n<div class=\"ui-vpp-striped-specs__table\">\n<h3 class=\"ui-vpp-striped-specs__header\">Seguridad y confort<\/h3>\n<table class=\"andes-table\">\n<tbody class=\"andes-table__body\">\n<tr class=\"andes-table__row ui-vpp-striped-specs__row\">\n<th class=\"andes-table__header andes-table__header--left ui-vpp-striped-specs__row__column ui-vpp-striped-specs__row__column--id\" scope=\"row\">\n<div class=\"andes-table__header__container\">Materiales del interior<\/div>\n<\/th>\n<td id=\":R2iuhbkulqc5e:\" class=\"andes-table__column andes-table__column--left andes-table__column--vertical-align-center ui-vpp-striped-specs__row__column\"><span id=\":R2iuhbkulqc5e:-value\" class=\"andes-table__column--value\">espuma alto impacto<\/span><\/td>\n<\/tr>\n<tr class=\"andes-table__row ui-vpp-striped-specs__row\">\n<th class=\"andes-table__header andes-table__header--left ui-vpp-striped-specs__row__column ui-vpp-striped-specs__row__column--id\" scope=\"row\">\n<div class=\"andes-table__header__container\">Materiales del exterior<\/div>\n<\/th>\n<td id=\":R2jehbkulqc5e:\" class=\"andes-table__column andes-table__column--left andes-table__column--vertical-align-center ui-vpp-striped-specs__row__column\"><span id=\":R2jehbkulqc5e:-value\" class=\"andes-table__column--value\">ABS<\/span><\/td>\n<\/tr>\n<\/tbody>\n<\/table>\n<\/div>\n<\/div>\n<div class=\"ui-vpp-striped-specs\">\n<div class=\"ui-vpp-striped-specs__table\">\n<h3 class=\"ui-vpp-striped-specs__header\">Caracter\u00edsticas generales<\/h3>\n<table class=\"andes-table\">\n<tbody class=\"andes-table__body\">\n<tr class=\"andes-table__row ui-vpp-striped-specs__row\">\n<th class=\"andes-table__header andes-table__header--left ui-vpp-striped-specs__row__column ui-vpp-striped-specs__row__column--id\" scope=\"row\">\n<div class=\"andes-table__header__container\">Marca<\/div>\n<\/th>\n<td id=\":R2if6bkulqc5e:\" class=\"andes-table__column andes-table__column--left andes-table__column--vertical-align-center ui-vpp-striped-specs__row__column\"><span id=\":R2if6bkulqc5e:-value\" class=\"andes-table__column--value\">Xiird<\/span><\/td>\n<\/tr>\n<tr class=\"andes-table__row ui-vpp-striped-specs__row\">\n<th class=\"andes-table__header andes-table__header--left ui-vpp-striped-specs__row__column ui-vpp-striped-specs__row__column--id\" scope=\"row\">\n<div class=\"andes-table__header__container\">L\u00ednea<\/div>\n<\/th>\n<td id=\":R2in6bkulqc5e:\" class=\"andes-table__column andes-table__column--left andes-table__column--vertical-align-center ui-vpp-striped-specs__row__column\"><span id=\":R2in6bkulqc5e:-value\" class=\"andes-table__column--value\">Integral<\/span><\/td>\n<\/tr>\n<tr class=\"andes-table__row ui-vpp-striped-specs__row\">\n<th class=\"andes-table__header andes-table__header--left ui-vpp-striped-specs__row__column ui-vpp-striped-specs__row__column--id\" scope=\"row\">\n<div class=\"andes-table__header__container\">Modelo<\/div>\n<\/th>\n<td id=\":R2iv6bkulqc5e:\" class=\"andes-table__column andes-table__column--left andes-table__column--vertical-align-center ui-vpp-striped-specs__row__column\"><span id=\":R2iv6bkulqc5e:-value\" class=\"andes-table__column--value\">Calendario Azteca<\/span><\/td>\n<\/tr>\n<tr class=\"andes-table__row ui-vpp-striped-specs__row\">\n<th class=\"andes-table__header andes-table__header--left ui-vpp-striped-specs__row__column ui-vpp-striped-specs__row__column--id\" scope=\"row\">\n<div class=\"andes-table__header__container\">Modelo alfanum\u00e9rico<\/div>\n<\/th>\n<td id=\":R2j76bkulqc5e:\" class=\"andes-table__column andes-table__column--left andes-table__column--vertical-align-center ui-vpp-striped-specs__row__column\"><span id=\":R2j76bkulqc5e:-value\" class=\"andes-table__column--value\">Azteca<\/span><\/td>\n<\/tr>\n<\/tbody>\n<\/table>\n<\/div>\n<div class=\"ui-vpp-striped-specs__table\">\n<h3 class=\"ui-vpp-striped-specs__header\">Otros<\/h3>\n<table class=\"andes-table\" style=\"height: 26px;\" width=\"314\">\n<tbody class=\"andes-table__body\">\n<tr class=\"andes-table__row ui-vpp-striped-specs__row\">\n<th class=\"andes-table__header andes-table__header--left ui-vpp-striped-specs__row__column ui-vpp-striped-specs__row__column--id\" scope=\"row\">\n<div class=\"andes-table__header__container\">Normas de seguridad<\/div>\n<\/th>\n<td id=\":Rkvabkulqc5e:\" class=\"andes-table__column andes-table__column--left andes-table__column--vertical-align-center ui-vpp-striped-specs__row__column\"><span id=\":Rkvabkulqc5e:-value\" class=\"andes-table__column--value\">DOT<\/span><\/td>\n<\/tr>\n<\/tbody>\n<\/table>\n<\/div>\n<\/div>","protected":false},"featured_media":29566,"comment_status":"open","ping_status":"closed","template":"","meta":[],"product_brand":[],"product_cat":[146],"product_tag":[],"class_list":{"0":"post-28288","1":"product","2":"type-product","3":"status-publish","4":"has-post-thumbnail","6":"product_cat-soluciones-empresariales","8":"first","9":"outofstock","10":"sale","11":"shipping-taxable","12":"purchasable","13":"product-type-simple"},"_links":{"self":[{"href":"https:\/\/zijin12.com\/en\/wp-json\/wp\/v2\/product\/28288","targetHints":{"allow":["GET"]}}],"collection":[{"href":"https:\/\/zijin12.com\/en\/wp-json\/wp\/v2\/product"}],"about":[{"href":"https:\/\/zijin12.com\/en\/wp-json\/wp\/v2\/types\/product"}],"replies":[{"embeddable":true,"href":"https:\/\/zijin12.com\/en\/wp-json\/wp\/v2\/comments?post=28288"}],"version-history":[{"count":4,"href":"https:\/\/zijin12.com\/en\/wp-json\/wp\/v2\/product\/28288\/revisions"}],"predecessor-version":[{"id":30400,"href":"https:\/\/zijin12.com\/en\/wp-json\/wp\/v2\/product\/28288\/revisions\/30400"}],"wp:featuredmedia":[{"embeddable":true,"href":"https:\/\/zijin12.com\/en\/wp-json\/wp\/v2\/media\/29566"}],"wp:attachment":[{"href":"https:\/\/zijin12.com\/en\/wp-json\/wp\/v2\/media?parent=28288"}],"wp:term":[{"taxonomy":"product_brand","embeddable":true,"href":"https:\/\/zijin12.com\/en\/wp-json\/wp\/v2\/product_brand?post=28288"},{"taxonomy":"product_cat","embeddable":true,"href":"https:\/\/zijin12.com\/en\/wp-json\/wp\/v2\/product_cat?post=28288"},{"taxonomy":"product_tag","embeddable":true,"href":"https:\/\/zijin12.com\/en\/wp-json\/wp\/v2\/product_tag?post=28288"}],"curies":[{"name":"wp","href":"https:\/\/api.w.org\/{rel}","templated":true}]}}